{"id":16038,"date":"2026-02-04T18:41:33","date_gmt":"2026-02-04T18:41:33","guid":{"rendered":"https:\/\/imprentamaxspeed2120.live-website.com\/tienda\/sin%20categor\u00eda\/sols-boston\/"},"modified":"2026-02-09T14:10:44","modified_gmt":"2026-02-09T14:10:44","slug":"sols-boston","status":"publish","type":"product","link":"https:\/\/imprentaametros.com\/es\/tienda\/textil\/camisa\/sols-boston\/","title":{"rendered":"SOL&#8217;S BOSTON"},"content":{"rendered":"<p><span dir=\"auto\" style=\"vertical-align: inherit;\"><span dir=\"auto\" style=\"vertical-align: inherit;\"><span dir=\"auto\" style=\"vertical-align: inherit;\"><span dir=\"auto\" style=\"vertical-align: inherit;\"><span dir=\"auto\" style=\"vertical-align: inherit;\"><span dir=\"auto\" style=\"vertical-align: inherit;\"><span dir=\"auto\" style=\"vertical-align: inherit;\"><span dir=\"auto\" style=\"vertical-align: inherit;\">Corte recto &#8211; Mangas largas &#8211; Cuello con 2 botones &#8211; Pu\u00f1os ajustables con 2 botones y abertura con tapeta en punta &#8211; Tapeta de 7 botones tono sobre tono &#8211; Bolsillo en el pecho izquierdo &#8211; 2 pliegues en la espalda\u00a0??? Prenda cl\u00e1sica de vestuario corporativo muy c\u00f3moda de llevar y de f\u00e1cil cuidado. &#8211; El tejido Oxford (mezcla de 2 hilos) hace que sea muy agradable y resistente.<\/span><\/span><\/span><\/span><\/span><\/span><\/span><\/span><\/p>\n<p><span dir=\"auto\" style=\"vertical-align: inherit;\"><span dir=\"auto\" style=\"vertical-align: inherit;\"><span dir=\"auto\" style=\"vertical-align: inherit;\"><span dir=\"auto\" style=\"vertical-align: inherit;\"><span dir=\"auto\" style=\"vertical-align: inherit;\"><span dir=\"auto\" style=\"vertical-align: inherit;\"><span dir=\"auto\" style=\"vertical-align: inherit;\"><span dir=\"auto\" style=\"vertical-align: inherit;\">70% algod\u00f3n &#8211; 30% poli\u00e9ster<\/span><\/span><\/span><\/span><\/span><\/span><\/span><\/span><\/p>\n<p><span dir=\"auto\" style=\"vertical-align: inherit;\"><span dir=\"auto\" style=\"vertical-align: inherit;\"><\/span><\/span><\/p>\n","protected":false},"excerpt":{"rendered":"<p>Corte recto &#8211; Mangas largas &#8211; Cuello con 2 botones &#8211; Pu\u00f1os ajustables con 2 botones y abertura con tapeta en punta &#8211; Tapeta de 7 botones tono sobre tono &#8211; Bolsillo en el pecho izquierdo &#8211; 2 pliegues en la espalda\u00a0??? Prenda cl\u00e1sica de vestuario corporativo muy c\u00f3moda de llevar y de f\u00e1cil cuidado. [&hellip;]<\/p>\n","protected":false},"featured_media":16041,"template":"","meta":[],"product_brand":[26],"product_cat":[553,585],"product_tag":[],"class_list":{"0":"post-16038","1":"product","2":"type-product","3":"status-publish","4":"has-post-thumbnail","6":"product_brand-sols","7":"product_cat-camisa","8":"product_cat-textil","9":"pa_color-azul-cielo","10":"pa_color-blanco","11":"pa_color-negro","12":"pa_color-silver-plata","13":"pa_ficha-tecnica-https-mcprod-sologroup-paris-com-default-pdfpublication-pdf-product-sku-16000-store-21-type-template_map","14":"pa_genero-hombre","15":"pa_talla-3xl","16":"pa_talla-4xl","17":"pa_talla-l","18":"pa_talla-m","19":"pa_talla-s","20":"pa_talla-xl","21":"pa_talla-xxl","23":"first","24":"instock","25":"purchasable","26":"product-type-variable","27":"wvs-archive-product-wrapper"},"_links":{"self":[{"href":"https:\/\/imprentaametros.com\/es\/wp-json\/wp\/v2\/product\/16038","targetHints":{"allow":["GET"]}}],"collection":[{"href":"https:\/\/imprentaametros.com\/es\/wp-json\/wp\/v2\/product"}],"about":[{"href":"https:\/\/imprentaametros.com\/es\/wp-json\/wp\/v2\/types\/product"}],"version-history":[{"count":1,"href":"https:\/\/imprentaametros.com\/es\/wp-json\/wp\/v2\/product\/16038\/revisions"}],"predecessor-version":[{"id":16039,"href":"https:\/\/imprentaametros.com\/es\/wp-json\/wp\/v2\/product\/16038\/revisions\/16039"}],"wp:featuredmedia":[{"embeddable":true,"href":"https:\/\/imprentaametros.com\/es\/wp-json\/wp\/v2\/media\/16041"}],"wp:attachment":[{"href":"https:\/\/imprentaametros.com\/es\/wp-json\/wp\/v2\/media?parent=16038"}],"wp:term":[{"taxonomy":"product_brand","embeddable":true,"href":"https:\/\/imprentaametros.com\/es\/wp-json\/wp\/v2\/product_brand?post=16038"},{"taxonomy":"product_cat","embeddable":true,"href":"https:\/\/imprentaametros.com\/es\/wp-json\/wp\/v2\/product_cat?post=16038"},{"taxonomy":"product_tag","embeddable":true,"href":"https:\/\/imprentaametros.com\/es\/wp-json\/wp\/v2\/product_tag?post=16038"}],"curies":[{"name":"wp","href":"https:\/\/api.w.org\/{rel}","templated":true}]}}