{"id":16030,"date":"2026-02-04T18:40:38","date_gmt":"2026-02-04T18:40:38","guid":{"rendered":"https:\/\/imprentamaxspeed2120.live-website.com\/tienda\/sin%20categor\u00eda\/neoblu-baptiste-women\/"},"modified":"2026-02-09T14:10:45","modified_gmt":"2026-02-09T14:10:45","slug":"neoblu-baptiste-women","status":"publish","type":"product","link":"https:\/\/imprentaametros.com\/es\/tienda\/textil\/camisa\/neoblu-baptiste-women\/","title":{"rendered":"NEOBLU BAPTISTE WOMEN"},"content":{"rendered":"<p><span dir=\"auto\" style=\"vertical-align: inherit;\"><span dir=\"auto\" style=\"vertical-align: inherit;\"><span dir=\"auto\" style=\"vertical-align: inherit;\"><span dir=\"auto\" style=\"vertical-align: inherit;\"><span dir=\"auto\" style=\"vertical-align: inherit;\"><span dir=\"auto\" style=\"vertical-align: inherit;\"><span dir=\"auto\" style=\"vertical-align: inherit;\"><span dir=\"auto\" style=\"vertical-align: inherit;\">Manga larga &#8211; Cuello italiano reforzado &#8211; Pu\u00f1os ajustables reforzados y abertura con tapeta &#8211; Cierre franc\u00e9s (sin tapeta) &#8211; Canes\u00fa en la espalda con vivo y pliegue<\/span><\/span><\/span><\/span><\/span><\/span><\/span><\/span><\/p>\n<p><span dir=\"auto\" style=\"vertical-align: inherit;\"><span dir=\"auto\" style=\"vertical-align: inherit;\"><span dir=\"auto\" style=\"vertical-align: inherit;\"><span dir=\"auto\" style=\"vertical-align: inherit;\"><span dir=\"auto\" style=\"vertical-align: inherit;\"><span dir=\"auto\" style=\"vertical-align: inherit;\"><span dir=\"auto\" style=\"vertical-align: inherit;\"><span dir=\"auto\" style=\"vertical-align: inherit;\">Hilo te\u00f1ido &#8211; 100% algod\u00f3n &#8211; acabado antiarrugas<\/span><\/span><\/span><\/span><\/span><\/span><\/span><\/span><\/p>\n<p><span dir=\"auto\" style=\"vertical-align: inherit;\"><span dir=\"auto\" style=\"vertical-align: inherit;\"><\/span><\/span><\/p>\n","protected":false},"excerpt":{"rendered":"<p>Manga larga &#8211; Cuello italiano reforzado &#8211; Pu\u00f1os ajustables reforzados y abertura con tapeta &#8211; Cierre franc\u00e9s (sin tapeta) &#8211; Canes\u00fa en la espalda con vivo y pliegue Hilo te\u00f1ido &#8211; 100% algod\u00f3n &#8211; acabado antiarrugas<\/p>\n","protected":false},"featured_media":0,"template":"","meta":[],"product_brand":[70],"product_cat":[553,585],"product_tag":[],"class_list":{"0":"post-16030","1":"product","2":"type-product","3":"status-publish","5":"product_brand-neoblu","6":"product_cat-camisa","7":"product_cat-textil","8":"pa_color-rayas-azules","9":"pa_ficha-tecnica-https-mcprod-sologroup-paris-com-default-pdfpublication-pdf-product-sku-04339-store-21-type-template_map","10":"pa_genero-mujer","11":"pa_talla-3xl","12":"pa_talla-l","13":"pa_talla-m","14":"pa_talla-s","15":"pa_talla-xl","16":"pa_talla-xxl","18":"first","19":"instock","20":"purchasable","21":"product-type-variable","22":"wvs-archive-product-wrapper"},"_links":{"self":[{"href":"https:\/\/imprentaametros.com\/es\/wp-json\/wp\/v2\/product\/16030","targetHints":{"allow":["GET"]}}],"collection":[{"href":"https:\/\/imprentaametros.com\/es\/wp-json\/wp\/v2\/product"}],"about":[{"href":"https:\/\/imprentaametros.com\/es\/wp-json\/wp\/v2\/types\/product"}],"version-history":[{"count":1,"href":"https:\/\/imprentaametros.com\/es\/wp-json\/wp\/v2\/product\/16030\/revisions"}],"predecessor-version":[{"id":16031,"href":"https:\/\/imprentaametros.com\/es\/wp-json\/wp\/v2\/product\/16030\/revisions\/16031"}],"wp:attachment":[{"href":"https:\/\/imprentaametros.com\/es\/wp-json\/wp\/v2\/media?parent=16030"}],"wp:term":[{"taxonomy":"product_brand","embeddable":true,"href":"https:\/\/imprentaametros.com\/es\/wp-json\/wp\/v2\/product_brand?post=16030"},{"taxonomy":"product_cat","embeddable":true,"href":"https:\/\/imprentaametros.com\/es\/wp-json\/wp\/v2\/product_cat?post=16030"},{"taxonomy":"product_tag","embeddable":true,"href":"https:\/\/imprentaametros.com\/es\/wp-json\/wp\/v2\/product_tag?post=16030"}],"curies":[{"name":"wp","href":"https:\/\/api.w.org\/{rel}","templated":true}]}}