{"id":15972,"date":"2026-02-04T18:38:59","date_gmt":"2026-02-04T18:38:59","guid":{"rendered":"https:\/\/imprentamaxspeed2120.live-website.com\/tienda\/sin%20categor\u00eda\/neoblu-bart-men\/"},"modified":"2026-02-09T14:10:47","modified_gmt":"2026-02-09T14:10:47","slug":"neoblu-bart-men","status":"publish","type":"product","link":"https:\/\/imprentaametros.com\/es\/tienda\/textil\/camisa\/neoblu-bart-men\/","title":{"rendered":"NEOBLU BART MEN"},"content":{"rendered":"<p><span dir=\"auto\" style=\"vertical-align: inherit;\"><span dir=\"auto\" style=\"vertical-align: inherit;\"><span dir=\"auto\" style=\"vertical-align: inherit;\"><span dir=\"auto\" style=\"vertical-align: inherit;\"><span dir=\"auto\" style=\"vertical-align: inherit;\"><span dir=\"auto\" style=\"vertical-align: inherit;\"><span dir=\"auto\" style=\"vertical-align: inherit;\"><span dir=\"auto\" style=\"vertical-align: inherit;\">Camisa de manga larga &#8211; Cuello mandar\u00edn &#8211; Botonera oculta &#8211; Pu\u00f1os ajustables El cuello mao de la camisa NEOBLU BART aporta un estilo innegable a quienes la lucen. Entre tradici\u00f3n y modernidad, chic y moderna, se adapta a todas las situaciones y les encanta a los que quieren destacar. La popelina y la tapeta de botones oculta a\u00f1aden elegancia a esta camisa fabricada con materiales ecorresponsables.<\/span><\/span><\/span><\/span><\/span><\/span><\/span><\/span><\/p>\n<p><span dir=\"auto\" style=\"vertical-align: inherit;\"><span dir=\"auto\" style=\"vertical-align: inherit;\"><span dir=\"auto\" style=\"vertical-align: inherit;\"><span dir=\"auto\" style=\"vertical-align: inherit;\"><span dir=\"auto\" style=\"vertical-align: inherit;\"><span dir=\"auto\" style=\"vertical-align: inherit;\"><span dir=\"auto\" style=\"vertical-align: inherit;\"><span dir=\"auto\" style=\"vertical-align: inherit;\">60% algod\u00f3n org\u00e1nico &#8211; 40% poli\u00e9ster recilcado<\/span><\/span><\/span><\/span><\/span><\/span><\/span><\/span><\/p>\n<p><span dir=\"auto\" style=\"vertical-align: inherit;\"><span dir=\"auto\" style=\"vertical-align: inherit;\"><\/span><\/span><\/p>\n","protected":false},"excerpt":{"rendered":"<p>Camisa de manga larga &#8211; Cuello mandar\u00edn &#8211; Botonera oculta &#8211; Pu\u00f1os ajustables El cuello mao de la camisa NEOBLU BART aporta un estilo innegable a quienes la lucen. Entre tradici\u00f3n y modernidad, chic y moderna, se adapta a todas las situaciones y les encanta a los que quieren destacar. La popelina y la tapeta [&hellip;]<\/p>\n","protected":false},"featured_media":15975,"template":"","meta":[],"product_brand":[70],"product_cat":[553,585],"product_tag":[],"class_list":{"0":"post-15972","1":"product","2":"type-product","3":"status-publish","4":"has-post-thumbnail","6":"product_brand-neoblu","7":"product_cat-camisa","8":"product_cat-textil","9":"pa_color-azul-claro","10":"pa_color-beige","11":"pa_color-blanco-optimo","12":"pa_color-negro-profundo","13":"pa_ficha-tecnica-https-mcprod-sologroup-paris-com-default-pdfpublication-pdf-product-sku-03792-store-21-type-template_map","14":"pa_genero-hombre","15":"pa_talla-3xl","16":"pa_talla-4xl","17":"pa_talla-5xl","18":"pa_talla-l","19":"pa_talla-m","20":"pa_talla-s","21":"pa_talla-xl","22":"pa_talla-xxl","24":"first","25":"instock","26":"purchasable","27":"product-type-variable","28":"wvs-archive-product-wrapper"},"_links":{"self":[{"href":"https:\/\/imprentaametros.com\/es\/wp-json\/wp\/v2\/product\/15972","targetHints":{"allow":["GET"]}}],"collection":[{"href":"https:\/\/imprentaametros.com\/es\/wp-json\/wp\/v2\/product"}],"about":[{"href":"https:\/\/imprentaametros.com\/es\/wp-json\/wp\/v2\/types\/product"}],"version-history":[{"count":1,"href":"https:\/\/imprentaametros.com\/es\/wp-json\/wp\/v2\/product\/15972\/revisions"}],"predecessor-version":[{"id":15973,"href":"https:\/\/imprentaametros.com\/es\/wp-json\/wp\/v2\/product\/15972\/revisions\/15973"}],"wp:featuredmedia":[{"embeddable":true,"href":"https:\/\/imprentaametros.com\/es\/wp-json\/wp\/v2\/media\/15975"}],"wp:attachment":[{"href":"https:\/\/imprentaametros.com\/es\/wp-json\/wp\/v2\/media?parent=15972"}],"wp:term":[{"taxonomy":"product_brand","embeddable":true,"href":"https:\/\/imprentaametros.com\/es\/wp-json\/wp\/v2\/product_brand?post=15972"},{"taxonomy":"product_cat","embeddable":true,"href":"https:\/\/imprentaametros.com\/es\/wp-json\/wp\/v2\/product_cat?post=15972"},{"taxonomy":"product_tag","embeddable":true,"href":"https:\/\/imprentaametros.com\/es\/wp-json\/wp\/v2\/product_tag?post=15972"}],"curies":[{"name":"wp","href":"https:\/\/api.w.org\/{rel}","templated":true}]}}