{"id":15905,"date":"2026-02-04T18:37:40","date_gmt":"2026-02-04T18:37:40","guid":{"rendered":"https:\/\/imprentamaxspeed2120.live-website.com\/tienda\/sin%20categor\u00eda\/neoblu-bart-women\/"},"modified":"2026-02-09T14:10:50","modified_gmt":"2026-02-09T14:10:50","slug":"neoblu-bart-women","status":"publish","type":"product","link":"https:\/\/imprentaametros.com\/es\/tienda\/textil\/camisa\/neoblu-bart-women\/","title":{"rendered":"NEOBLU BART WOMEN"},"content":{"rendered":"<p><span dir=\"auto\" style=\"vertical-align: inherit;\"><span dir=\"auto\" style=\"vertical-align: inherit;\"><span dir=\"auto\" style=\"vertical-align: inherit;\"><span dir=\"auto\" style=\"vertical-align: inherit;\"><span dir=\"auto\" style=\"vertical-align: inherit;\"><span dir=\"auto\" style=\"vertical-align: inherit;\"><span dir=\"auto\" style=\"vertical-align: inherit;\"><span dir=\"auto\" style=\"vertical-align: inherit;\">Camisa de manga larga &#8211; Cuello mandar\u00edn &#8211; Botonera oculta &#8211; Pu\u00f1os ajustables &#8211; Aberturas laterales El cuello mao de la camisa NEOBLU BART aporta un estilo innegable a quienes la lucen. Entre tradici\u00f3n y modernidad, chic y moderna, se adapta a todas las situaciones y les encanta a los que quieren destacar. La popelina, la tapeta de botones oculta y las aberturas laterales a\u00f1aden elegancia a esta camisa fabricada con materiales ecorresponsables.<\/span><\/span><\/span><\/span><\/span><\/span><\/span><\/span><\/p>\n<p><span dir=\"auto\" style=\"vertical-align: inherit;\"><span dir=\"auto\" style=\"vertical-align: inherit;\"><span dir=\"auto\" style=\"vertical-align: inherit;\"><span dir=\"auto\" style=\"vertical-align: inherit;\"><span dir=\"auto\" style=\"vertical-align: inherit;\"><span dir=\"auto\" style=\"vertical-align: inherit;\"><span dir=\"auto\" style=\"vertical-align: inherit;\"><span dir=\"auto\" style=\"vertical-align: inherit;\">60% algod\u00f3n org\u00e1nico &#8211; 40% poli\u00e9ster reciclado<\/span><\/span><\/span><\/span><\/span><\/span><\/span><\/span><\/p>\n<p><span dir=\"auto\" style=\"vertical-align: inherit;\"><span dir=\"auto\" style=\"vertical-align: inherit;\"><\/span><\/span><\/p>\n","protected":false},"excerpt":{"rendered":"<p>Camisa de manga larga &#8211; Cuello mandar\u00edn &#8211; Botonera oculta &#8211; Pu\u00f1os ajustables &#8211; Aberturas laterales El cuello mao de la camisa NEOBLU BART aporta un estilo innegable a quienes la lucen. Entre tradici\u00f3n y modernidad, chic y moderna, se adapta a todas las situaciones y les encanta a los que quieren destacar. La popelina, [&hellip;]<\/p>\n","protected":false},"featured_media":15908,"template":"","meta":[],"product_brand":[70],"product_cat":[553,585],"product_tag":[],"class_list":{"0":"post-15905","1":"product","2":"type-product","3":"status-publish","4":"has-post-thumbnail","6":"product_brand-neoblu","7":"product_cat-camisa","8":"product_cat-textil","9":"pa_color-azul-claro","10":"pa_color-beige","11":"pa_color-blanco-optimo","12":"pa_color-negro-profundo","13":"pa_ficha-tecnica-https-mcprod-sologroup-paris-com-default-pdfpublication-pdf-product-sku-03787-store-21-type-template_map","14":"pa_genero-mujer","15":"pa_talla-3xl","16":"pa_talla-l","17":"pa_talla-m","18":"pa_talla-s","19":"pa_talla-xl","20":"pa_talla-xxl","22":"first","23":"instock","24":"purchasable","25":"product-type-variable","26":"wvs-archive-product-wrapper"},"_links":{"self":[{"href":"https:\/\/imprentaametros.com\/es\/wp-json\/wp\/v2\/product\/15905","targetHints":{"allow":["GET"]}}],"collection":[{"href":"https:\/\/imprentaametros.com\/es\/wp-json\/wp\/v2\/product"}],"about":[{"href":"https:\/\/imprentaametros.com\/es\/wp-json\/wp\/v2\/types\/product"}],"version-history":[{"count":1,"href":"https:\/\/imprentaametros.com\/es\/wp-json\/wp\/v2\/product\/15905\/revisions"}],"predecessor-version":[{"id":15906,"href":"https:\/\/imprentaametros.com\/es\/wp-json\/wp\/v2\/product\/15905\/revisions\/15906"}],"wp:featuredmedia":[{"embeddable":true,"href":"https:\/\/imprentaametros.com\/es\/wp-json\/wp\/v2\/media\/15908"}],"wp:attachment":[{"href":"https:\/\/imprentaametros.com\/es\/wp-json\/wp\/v2\/media?parent=15905"}],"wp:term":[{"taxonomy":"product_brand","embeddable":true,"href":"https:\/\/imprentaametros.com\/es\/wp-json\/wp\/v2\/product_brand?post=15905"},{"taxonomy":"product_cat","embeddable":true,"href":"https:\/\/imprentaametros.com\/es\/wp-json\/wp\/v2\/product_cat?post=15905"},{"taxonomy":"product_tag","embeddable":true,"href":"https:\/\/imprentaametros.com\/es\/wp-json\/wp\/v2\/product_tag?post=15905"}],"curies":[{"name":"wp","href":"https:\/\/api.w.org\/{rel}","templated":true}]}}