{"id":15873,"date":"2026-02-04T18:36:57","date_gmt":"2026-02-04T18:36:57","guid":{"rendered":"https:\/\/imprentamaxspeed2120.live-website.com\/tienda\/sin%20categor\u00eda\/neoblu-basile-men\/"},"modified":"2026-02-04T18:38:17","modified_gmt":"2026-02-04T18:38:17","slug":"neoblu-basile-men","status":"publish","type":"product","link":"https:\/\/imprentaametros.com\/es\/tienda\/textil\/camisa\/neoblu-basile-men\/","title":{"rendered":"NEOBLU BASILE MEN"},"content":{"rendered":"<p><span dir=\"auto\" style=\"vertical-align: inherit;\"><span dir=\"auto\" style=\"vertical-align: inherit;\"><span dir=\"auto\" style=\"vertical-align: inherit;\"><span dir=\"auto\" style=\"vertical-align: inherit;\"><span dir=\"auto\" style=\"vertical-align: inherit;\"><span dir=\"auto\" style=\"vertical-align: inherit;\"><span dir=\"auto\" style=\"vertical-align: inherit;\"><span dir=\"auto\" style=\"vertical-align: inherit;\">Camisa de manga corta &#8211; Cuello cl\u00e1sico &#8211; Pu\u00f1os redondos ajustables con 2 botones &#8211; Tapeta de 7 botones &#8211; Botones tono sobre tono Lo \u00fanico que tiene de cl\u00e1sica La NEOBLU BASILE es su aspecto, fabricada en algod\u00f3n piqu\u00e9 100% org\u00e1nico, su material le confiere un estilo m\u00e1s desenfadado que permite combinarla con todo tipo de pantalones y chaquetas.<\/span><\/span><\/span><\/span><\/span><\/span><\/span><\/span><\/p>\n<p><span dir=\"auto\" style=\"vertical-align: inherit;\"><span dir=\"auto\" style=\"vertical-align: inherit;\"><span dir=\"auto\" style=\"vertical-align: inherit;\"><span dir=\"auto\" style=\"vertical-align: inherit;\"><span dir=\"auto\" style=\"vertical-align: inherit;\"><span dir=\"auto\" style=\"vertical-align: inherit;\"><span dir=\"auto\" style=\"vertical-align: inherit;\"><span dir=\"auto\" style=\"vertical-align: inherit;\">100% algod\u00f3n org\u00e1nico peinado<\/span><\/span><\/span><\/span><\/span><\/span><\/span><\/span><\/p>\n<p><span dir=\"auto\" style=\"vertical-align: inherit;\"><span dir=\"auto\" style=\"vertical-align: inherit;\"><\/span><\/span><\/p>\n","protected":false},"excerpt":{"rendered":"<p>Camisa de manga corta &#8211; Cuello cl\u00e1sico &#8211; Pu\u00f1os redondos ajustables con 2 botones &#8211; Tapeta de 7 botones &#8211; Botones tono sobre tono Lo \u00fanico que tiene de cl\u00e1sica La NEOBLU BASILE es su aspecto, fabricada en algod\u00f3n piqu\u00e9 100% org\u00e1nico, su material le confiere un estilo m\u00e1s desenfadado que permite combinarla con todo [&hellip;]<\/p>\n","protected":false},"featured_media":15876,"template":"","meta":[],"product_brand":[70],"product_cat":[553],"product_tag":[],"class_list":{"0":"post-15873","1":"product","2":"type-product","3":"status-publish","4":"has-post-thumbnail","6":"product_brand-neoblu","7":"product_cat-camisa","8":"pa_color-blanco-optimo","9":"pa_color-negro-profundo","10":"pa_color-noche","11":"pa_ficha-tecnica-https-mcprod-sologroup-paris-com-default-pdfpublication-pdf-product-sku-03777-store-21-type-template_map","12":"pa_genero-hombre","13":"pa_talla-3xl","14":"pa_talla-4xl","15":"pa_talla-l","16":"pa_talla-m","17":"pa_talla-s","18":"pa_talla-xl","19":"pa_talla-xxl","21":"first","22":"instock","23":"purchasable","24":"product-type-variable","25":"wvs-archive-product-wrapper"},"_links":{"self":[{"href":"https:\/\/imprentaametros.com\/es\/wp-json\/wp\/v2\/product\/15873","targetHints":{"allow":["GET"]}}],"collection":[{"href":"https:\/\/imprentaametros.com\/es\/wp-json\/wp\/v2\/product"}],"about":[{"href":"https:\/\/imprentaametros.com\/es\/wp-json\/wp\/v2\/types\/product"}],"version-history":[{"count":1,"href":"https:\/\/imprentaametros.com\/es\/wp-json\/wp\/v2\/product\/15873\/revisions"}],"predecessor-version":[{"id":15874,"href":"https:\/\/imprentaametros.com\/es\/wp-json\/wp\/v2\/product\/15873\/revisions\/15874"}],"wp:featuredmedia":[{"embeddable":true,"href":"https:\/\/imprentaametros.com\/es\/wp-json\/wp\/v2\/media\/15876"}],"wp:attachment":[{"href":"https:\/\/imprentaametros.com\/es\/wp-json\/wp\/v2\/media?parent=15873"}],"wp:term":[{"taxonomy":"product_brand","embeddable":true,"href":"https:\/\/imprentaametros.com\/es\/wp-json\/wp\/v2\/product_brand?post=15873"},{"taxonomy":"product_cat","embeddable":true,"href":"https:\/\/imprentaametros.com\/es\/wp-json\/wp\/v2\/product_cat?post=15873"},{"taxonomy":"product_tag","embeddable":true,"href":"https:\/\/imprentaametros.com\/es\/wp-json\/wp\/v2\/product_tag?post=15873"}],"curies":[{"name":"wp","href":"https:\/\/api.w.org\/{rel}","templated":true}]}}