{"id":15662,"date":"2026-02-04T18:31:40","date_gmt":"2026-02-04T18:31:40","guid":{"rendered":"https:\/\/imprentamaxspeed2120.live-website.com\/tienda\/sin%20categor\u00eda\/sols-baltimore-fit\/"},"modified":"2026-02-04T18:33:46","modified_gmt":"2026-02-04T18:33:46","slug":"sols-baltimore-fit","status":"publish","type":"product","link":"https:\/\/imprentaametros.com\/es\/tienda\/textil\/camisa\/sols-baltimore-fit\/","title":{"rendered":"SOL&#8217;S BALTIMORE FIT"},"content":{"rendered":"<p><span dir=\"auto\" style=\"vertical-align: inherit;\"><span dir=\"auto\" style=\"vertical-align: inherit;\"><span dir=\"auto\" style=\"vertical-align: inherit;\"><span dir=\"auto\" style=\"vertical-align: inherit;\"><span dir=\"auto\" style=\"vertical-align: inherit;\"><span dir=\"auto\" style=\"vertical-align: inherit;\"><span dir=\"auto\" style=\"vertical-align: inherit;\"><span dir=\"auto\" style=\"vertical-align: inherit;\">Corte ajustado &#8211; Mangas largas &#8211; Cuello cl\u00e1sico reforzado &#8211; Pu\u00f1os ajustables con 2 botones y abertura con tapeta en punta &#8211; Tapeta de 7 botones tono sobre tono &#8211; Ballenas extra\u00edbles &#8211; Bolsillo en el pecho izquierdo Popel\u00edn Polialgod\u00f3n para una comodidad \u00f3ptima con una amplia gama de tallas. &#8211; F\u00e1cil cuidado y buena resistencia con el paso del tiempo.<\/span><\/span><\/span><\/span><\/span><\/span><\/span><\/span><\/p>\n<p><span dir=\"auto\" style=\"vertical-align: inherit;\"><span dir=\"auto\" style=\"vertical-align: inherit;\"><span dir=\"auto\" style=\"vertical-align: inherit;\"><span dir=\"auto\" style=\"vertical-align: inherit;\"><span dir=\"auto\" style=\"vertical-align: inherit;\"><span dir=\"auto\" style=\"vertical-align: inherit;\"><span dir=\"auto\" style=\"vertical-align: inherit;\"><span dir=\"auto\" style=\"vertical-align: inherit;\">65% poli\u00e9ster &#8211; 35% algod\u00f3n<\/span><\/span><\/span><\/span><\/span><\/span><\/span><\/span><\/p>\n<p><span dir=\"auto\" style=\"vertical-align: inherit;\"><span dir=\"auto\" style=\"vertical-align: inherit;\"><\/span><\/span><\/p>\n","protected":false},"excerpt":{"rendered":"<p>Corte ajustado &#8211; Mangas largas &#8211; Cuello cl\u00e1sico reforzado &#8211; Pu\u00f1os ajustables con 2 botones y abertura con tapeta en punta &#8211; Tapeta de 7 botones tono sobre tono &#8211; Ballenas extra\u00edbles &#8211; Bolsillo en el pecho izquierdo Popel\u00edn Polialgod\u00f3n para una comodidad \u00f3ptima con una amplia gama de tallas. &#8211; F\u00e1cil cuidado y buena [&hellip;]<\/p>\n","protected":false},"featured_media":15665,"template":"","meta":[],"product_brand":[26],"product_cat":[553],"product_tag":[],"class_list":{"0":"post-15662","1":"product","2":"type-product","3":"status-publish","4":"has-post-thumbnail","6":"product_brand-sols","7":"product_cat-camisa","8":"pa_color-azul-cielo","9":"pa_color-azul-medio","10":"pa_color-azul-oscuro","11":"pa_color-blanco","12":"pa_color-negro","13":"pa_ficha-tecnica-https-mcprod-sologroup-paris-com-default-pdfpublication-pdf-product-sku-02922-store-21-type-template_map","14":"pa_genero-hombre","15":"pa_talla-3xl","16":"pa_talla-l","17":"pa_talla-m","18":"pa_talla-s","19":"pa_talla-xl","20":"pa_talla-xxl","22":"first","23":"instock","24":"purchasable","25":"product-type-variable","26":"wvs-archive-product-wrapper"},"_links":{"self":[{"href":"https:\/\/imprentaametros.com\/es\/wp-json\/wp\/v2\/product\/15662","targetHints":{"allow":["GET"]}}],"collection":[{"href":"https:\/\/imprentaametros.com\/es\/wp-json\/wp\/v2\/product"}],"about":[{"href":"https:\/\/imprentaametros.com\/es\/wp-json\/wp\/v2\/types\/product"}],"version-history":[{"count":1,"href":"https:\/\/imprentaametros.com\/es\/wp-json\/wp\/v2\/product\/15662\/revisions"}],"predecessor-version":[{"id":15663,"href":"https:\/\/imprentaametros.com\/es\/wp-json\/wp\/v2\/product\/15662\/revisions\/15663"}],"wp:featuredmedia":[{"embeddable":true,"href":"https:\/\/imprentaametros.com\/es\/wp-json\/wp\/v2\/media\/15665"}],"wp:attachment":[{"href":"https:\/\/imprentaametros.com\/es\/wp-json\/wp\/v2\/media?parent=15662"}],"wp:term":[{"taxonomy":"product_brand","embeddable":true,"href":"https:\/\/imprentaametros.com\/es\/wp-json\/wp\/v2\/product_brand?post=15662"},{"taxonomy":"product_cat","embeddable":true,"href":"https:\/\/imprentaametros.com\/es\/wp-json\/wp\/v2\/product_cat?post=15662"},{"taxonomy":"product_tag","embeddable":true,"href":"https:\/\/imprentaametros.com\/es\/wp-json\/wp\/v2\/product_tag?post=15662"}],"curies":[{"name":"wp","href":"https:\/\/api.w.org\/{rel}","templated":true}]}}