{"id":15644,"date":"2026-02-04T18:31:40","date_gmt":"2026-02-04T18:31:40","guid":{"rendered":"https:\/\/imprentamaxspeed2120.live-website.com\/tienda\/sin%20categor\u00eda\/sols-brisbane-fit\/"},"modified":"2026-02-04T18:32:24","modified_gmt":"2026-02-04T18:32:24","slug":"sols-brisbane-fit","status":"publish","type":"product","link":"https:\/\/imprentaametros.com\/es\/tienda\/textil\/camisa\/sols-brisbane-fit\/","title":{"rendered":"SOL&#8217;S BRISBANE FIT"},"content":{"rendered":"<p><span dir=\"auto\" style=\"vertical-align: inherit;\"><span dir=\"auto\" style=\"vertical-align: inherit;\"><span dir=\"auto\" style=\"vertical-align: inherit;\"><span dir=\"auto\" style=\"vertical-align: inherit;\"><span dir=\"auto\" style=\"vertical-align: inherit;\"><span dir=\"auto\" style=\"vertical-align: inherit;\"><span dir=\"auto\" style=\"vertical-align: inherit;\"><span dir=\"auto\" style=\"vertical-align: inherit;\">Corte ajustado &#8211; Mangas cortas &#8211; Cuello con botones &#8211; Tapeta de 7 botones tono sobre tono &#8211; Bolsillo en el pecho izquierdoPrenda cl\u00e1sica de vestuario corporativo muy c\u00f3moda de llevar y de f\u00e1cil cuidado. &#8211; El tejido Oxford (mezcla de 2 hilos) hace que sea muy agradable y resistente.<\/span><\/span><\/span><\/span><\/span><\/span><\/span><\/span><\/p>\n<p><span dir=\"auto\" style=\"vertical-align: inherit;\"><span dir=\"auto\" style=\"vertical-align: inherit;\"><span dir=\"auto\" style=\"vertical-align: inherit;\"><span dir=\"auto\" style=\"vertical-align: inherit;\"><span dir=\"auto\" style=\"vertical-align: inherit;\"><span dir=\"auto\" style=\"vertical-align: inherit;\"><span dir=\"auto\" style=\"vertical-align: inherit;\"><span dir=\"auto\" style=\"vertical-align: inherit;\">70% algod\u00f3n &#8211; 30% poli\u00e9ster<\/span><\/span><\/span><\/span><\/span><\/span><\/span><\/span><\/p>\n<p><span dir=\"auto\" style=\"vertical-align: inherit;\"><span dir=\"auto\" style=\"vertical-align: inherit;\"><\/span><\/span><\/p>\n","protected":false},"excerpt":{"rendered":"<p>Corte ajustado &#8211; Mangas cortas &#8211; Cuello con botones &#8211; Tapeta de 7 botones tono sobre tono &#8211; Bolsillo en el pecho izquierdoPrenda cl\u00e1sica de vestuario corporativo muy c\u00f3moda de llevar y de f\u00e1cil cuidado. &#8211; El tejido Oxford (mezcla de 2 hilos) hace que sea muy agradable y resistente. 70% algod\u00f3n &#8211; 30% poli\u00e9ster<\/p>\n","protected":false},"featured_media":15647,"template":"","meta":[],"product_brand":[26],"product_cat":[553],"product_tag":[],"class_list":{"0":"post-15644","1":"product","2":"type-product","3":"status-publish","4":"has-post-thumbnail","6":"product_brand-sols","7":"product_cat-camisa","8":"pa_color-azul-cielo","9":"pa_color-blanco","10":"pa_ficha-tecnica-https-mcprod-sologroup-paris-com-default-pdfpublication-pdf-product-sku-02921-store-21-type-template_map","11":"pa_genero-hombre","12":"pa_talla-l","13":"pa_talla-m","14":"pa_talla-s","15":"pa_talla-xl","16":"pa_talla-xxl","18":"first","19":"instock","20":"purchasable","21":"product-type-variable","22":"wvs-archive-product-wrapper"},"_links":{"self":[{"href":"https:\/\/imprentaametros.com\/es\/wp-json\/wp\/v2\/product\/15644","targetHints":{"allow":["GET"]}}],"collection":[{"href":"https:\/\/imprentaametros.com\/es\/wp-json\/wp\/v2\/product"}],"about":[{"href":"https:\/\/imprentaametros.com\/es\/wp-json\/wp\/v2\/types\/product"}],"version-history":[{"count":1,"href":"https:\/\/imprentaametros.com\/es\/wp-json\/wp\/v2\/product\/15644\/revisions"}],"predecessor-version":[{"id":15645,"href":"https:\/\/imprentaametros.com\/es\/wp-json\/wp\/v2\/product\/15644\/revisions\/15645"}],"wp:featuredmedia":[{"embeddable":true,"href":"https:\/\/imprentaametros.com\/es\/wp-json\/wp\/v2\/media\/15647"}],"wp:attachment":[{"href":"https:\/\/imprentaametros.com\/es\/wp-json\/wp\/v2\/media?parent=15644"}],"wp:term":[{"taxonomy":"product_brand","embeddable":true,"href":"https:\/\/imprentaametros.com\/es\/wp-json\/wp\/v2\/product_brand?post=15644"},{"taxonomy":"product_cat","embeddable":true,"href":"https:\/\/imprentaametros.com\/es\/wp-json\/wp\/v2\/product_cat?post=15644"},{"taxonomy":"product_tag","embeddable":true,"href":"https:\/\/imprentaametros.com\/es\/wp-json\/wp\/v2\/product_tag?post=15644"}],"curies":[{"name":"wp","href":"https:\/\/api.w.org\/{rel}","templated":true}]}}