{"id":15604,"date":"2026-02-04T18:30:51","date_gmt":"2026-02-04T18:30:51","guid":{"rendered":"https:\/\/imprentamaxspeed2120.live-website.com\/tienda\/sin%20categor\u00eda\/sols-brody-women\/"},"modified":"2026-02-04T18:31:37","modified_gmt":"2026-02-04T18:31:37","slug":"sols-brody-women","status":"publish","type":"product","link":"https:\/\/imprentaametros.com\/es\/tienda\/textil\/camisa\/sols-brody-women\/","title":{"rendered":"SOL&#8217;S BRODY WOMEN"},"content":{"rendered":"<p><span dir=\"auto\" style=\"vertical-align: inherit;\"><span dir=\"auto\" style=\"vertical-align: inherit;\"><span dir=\"auto\" style=\"vertical-align: inherit;\"><span dir=\"auto\" style=\"vertical-align: inherit;\"><span dir=\"auto\" style=\"vertical-align: inherit;\"><span dir=\"auto\" style=\"vertical-align: inherit;\"><span dir=\"auto\" style=\"vertical-align: inherit;\"><span dir=\"auto\" style=\"vertical-align: inherit;\">Corte ce\u00f1ido &#8211; Mangas largas &#8211; Cuello cl\u00e1sico &#8211; Pu\u00f1os redondeados con 1 bot\u00f3n &#8211; Tapeta de 7 botones &#8211; Abertura con tapeta en punta y bot\u00f3n &#8211; Pinzas en el pecho y en la espalda &#8211; Tejido texturizado<\/span><\/span><\/span><\/span><\/span><\/span><\/span><\/span><\/p>\n<p><span dir=\"auto\" style=\"vertical-align: inherit;\"><span dir=\"auto\" style=\"vertical-align: inherit;\"><span dir=\"auto\" style=\"vertical-align: inherit;\"><span dir=\"auto\" style=\"vertical-align: inherit;\"><span dir=\"auto\" style=\"vertical-align: inherit;\"><span dir=\"auto\" style=\"vertical-align: inherit;\"><span dir=\"auto\" style=\"vertical-align: inherit;\"><span dir=\"auto\" style=\"vertical-align: inherit;\">82% algod\u00f3n &#8211; 18% poli\u00e9ster\u00a0 &#8211; Hilo te\u00f1ido<\/span><\/span><\/span><\/span><\/span><\/span><\/span><\/span><\/p>\n<p><span dir=\"auto\" style=\"vertical-align: inherit;\"><span dir=\"auto\" style=\"vertical-align: inherit;\"><\/span><\/span><\/p>\n","protected":false},"excerpt":{"rendered":"<p>Corte ce\u00f1ido &#8211; Mangas largas &#8211; Cuello cl\u00e1sico &#8211; Pu\u00f1os redondeados con 1 bot\u00f3n &#8211; Tapeta de 7 botones &#8211; Abertura con tapeta en punta y bot\u00f3n &#8211; Pinzas en el pecho y en la espalda &#8211; Tejido texturizado 82% algod\u00f3n &#8211; 18% poli\u00e9ster\u00a0 &#8211; Hilo te\u00f1ido<\/p>\n","protected":false},"featured_media":15607,"template":"","meta":[],"product_brand":[26],"product_cat":[553],"product_tag":[],"class_list":{"0":"post-15604","1":"product","2":"type-product","3":"status-publish","4":"has-post-thumbnail","6":"product_brand-sols","7":"product_cat-camisa","8":"pa_color-azul-cielo","9":"pa_color-blanco","10":"pa_ficha-tecnica-https-mcprod-sologroup-paris-com-default-pdfpublication-pdf-product-sku-02103-store-21-type-template_map","11":"pa_genero-mujer","12":"pa_talla-l","13":"pa_talla-m","14":"pa_talla-s","15":"pa_talla-xl","16":"pa_talla-xs","17":"pa_talla-xxl","19":"first","20":"instock","21":"purchasable","22":"product-type-variable","23":"wvs-archive-product-wrapper"},"_links":{"self":[{"href":"https:\/\/imprentaametros.com\/es\/wp-json\/wp\/v2\/product\/15604","targetHints":{"allow":["GET"]}}],"collection":[{"href":"https:\/\/imprentaametros.com\/es\/wp-json\/wp\/v2\/product"}],"about":[{"href":"https:\/\/imprentaametros.com\/es\/wp-json\/wp\/v2\/types\/product"}],"version-history":[{"count":1,"href":"https:\/\/imprentaametros.com\/es\/wp-json\/wp\/v2\/product\/15604\/revisions"}],"predecessor-version":[{"id":15605,"href":"https:\/\/imprentaametros.com\/es\/wp-json\/wp\/v2\/product\/15604\/revisions\/15605"}],"wp:featuredmedia":[{"embeddable":true,"href":"https:\/\/imprentaametros.com\/es\/wp-json\/wp\/v2\/media\/15607"}],"wp:attachment":[{"href":"https:\/\/imprentaametros.com\/es\/wp-json\/wp\/v2\/media?parent=15604"}],"wp:term":[{"taxonomy":"product_brand","embeddable":true,"href":"https:\/\/imprentaametros.com\/es\/wp-json\/wp\/v2\/product_brand?post=15604"},{"taxonomy":"product_cat","embeddable":true,"href":"https:\/\/imprentaametros.com\/es\/wp-json\/wp\/v2\/product_cat?post=15604"},{"taxonomy":"product_tag","embeddable":true,"href":"https:\/\/imprentaametros.com\/es\/wp-json\/wp\/v2\/product_tag?post=15604"}],"curies":[{"name":"wp","href":"https:\/\/api.w.org\/{rel}","templated":true}]}}