{"id":15571,"date":"2026-02-04T18:29:45","date_gmt":"2026-02-04T18:29:45","guid":{"rendered":"https:\/\/imprentamaxspeed2120.live-website.com\/tienda\/sin%20categor\u00eda\/sols-barry-women\/"},"modified":"2026-02-04T18:30:44","modified_gmt":"2026-02-04T18:30:44","slug":"sols-barry-women","status":"publish","type":"product","link":"https:\/\/imprentaametros.com\/es\/tienda\/textil\/camisa\/sols-barry-women\/","title":{"rendered":"SOL&#8217;S BARRY WOMEN"},"content":{"rendered":"<p><span dir=\"auto\" style=\"vertical-align: inherit;\"><span dir=\"auto\" style=\"vertical-align: inherit;\"><span dir=\"auto\" style=\"vertical-align: inherit;\"><span dir=\"auto\" style=\"vertical-align: inherit;\"><span dir=\"auto\" style=\"vertical-align: inherit;\"><span dir=\"auto\" style=\"vertical-align: inherit;\"><span dir=\"auto\" style=\"vertical-align: inherit;\"><span dir=\"auto\" style=\"vertical-align: inherit;\">Corte recto &#8211; Mangas largas &#8211; Cuello cl\u00e1sico &#8211; Pu\u00f1os redondeados con 1 bot\u00f3n &#8211; Tapeta de 7 botones &#8211; Abertura con tapeta en punta y bot\u00f3n &#8211; Pinzas en el pecho y en la espalda &#8211; Denim crudo &#8211; 1 bolsillo de pecho &#8211; Lavar con colores similares &#8211; Lavar antes del primer uso<\/span><\/span><\/span><\/span><\/span><\/span><\/span><\/span><\/p>\n<p><span dir=\"auto\" style=\"vertical-align: inherit;\"><span dir=\"auto\" style=\"vertical-align: inherit;\"><span dir=\"auto\" style=\"vertical-align: inherit;\"><span dir=\"auto\" style=\"vertical-align: inherit;\"><span dir=\"auto\" style=\"vertical-align: inherit;\"><span dir=\"auto\" style=\"vertical-align: inherit;\"><span dir=\"auto\" style=\"vertical-align: inherit;\"><span dir=\"auto\" style=\"vertical-align: inherit;\">100% algod\u00f3n<\/span><\/span><\/span><\/span><\/span><\/span><\/span><\/span><\/p>\n<p><span dir=\"auto\" style=\"vertical-align: inherit;\"><span dir=\"auto\" style=\"vertical-align: inherit;\"><\/span><\/span><\/p>\n","protected":false},"excerpt":{"rendered":"<p>Corte recto &#8211; Mangas largas &#8211; Cuello cl\u00e1sico &#8211; Pu\u00f1os redondeados con 1 bot\u00f3n &#8211; Tapeta de 7 botones &#8211; Abertura con tapeta en punta y bot\u00f3n &#8211; Pinzas en el pecho y en la espalda &#8211; Denim crudo &#8211; 1 bolsillo de pecho &#8211; Lavar con colores similares &#8211; Lavar antes del primer uso [&hellip;]<\/p>\n","protected":false},"featured_media":15574,"template":"","meta":[],"product_brand":[26],"product_cat":[553],"product_tag":[],"class_list":{"0":"post-15571","1":"product","2":"type-product","3":"status-publish","4":"has-post-thumbnail","6":"product_brand-sols","7":"product_cat-camisa","8":"pa_color-brut-denim","9":"pa_ficha-tecnica-https-mcprod-sologroup-paris-com-default-pdfpublication-pdf-product-sku-02101-store-21-type-template_map","10":"pa_genero-mujer","11":"pa_talla-l","12":"pa_talla-m","13":"pa_talla-s","14":"pa_talla-xl","15":"pa_talla-xs","16":"pa_talla-xxl","18":"first","19":"instock","20":"purchasable","21":"product-type-variable","22":"wvs-archive-product-wrapper"},"_links":{"self":[{"href":"https:\/\/imprentaametros.com\/es\/wp-json\/wp\/v2\/product\/15571","targetHints":{"allow":["GET"]}}],"collection":[{"href":"https:\/\/imprentaametros.com\/es\/wp-json\/wp\/v2\/product"}],"about":[{"href":"https:\/\/imprentaametros.com\/es\/wp-json\/wp\/v2\/types\/product"}],"version-history":[{"count":1,"href":"https:\/\/imprentaametros.com\/es\/wp-json\/wp\/v2\/product\/15571\/revisions"}],"predecessor-version":[{"id":15572,"href":"https:\/\/imprentaametros.com\/es\/wp-json\/wp\/v2\/product\/15571\/revisions\/15572"}],"wp:featuredmedia":[{"embeddable":true,"href":"https:\/\/imprentaametros.com\/es\/wp-json\/wp\/v2\/media\/15574"}],"wp:attachment":[{"href":"https:\/\/imprentaametros.com\/es\/wp-json\/wp\/v2\/media?parent=15571"}],"wp:term":[{"taxonomy":"product_brand","embeddable":true,"href":"https:\/\/imprentaametros.com\/es\/wp-json\/wp\/v2\/product_brand?post=15571"},{"taxonomy":"product_cat","embeddable":true,"href":"https:\/\/imprentaametros.com\/es\/wp-json\/wp\/v2\/product_cat?post=15571"},{"taxonomy":"product_tag","embeddable":true,"href":"https:\/\/imprentaametros.com\/es\/wp-json\/wp\/v2\/product_tag?post=15571"}],"curies":[{"name":"wp","href":"https:\/\/api.w.org\/{rel}","templated":true}]}}