{"id":15504,"date":"2026-02-04T18:27:51","date_gmt":"2026-02-04T18:27:51","guid":{"rendered":"https:\/\/imprentamaxspeed2120.live-website.com\/tienda\/sin%20categor\u00eda\/sols-blake-women\/"},"modified":"2026-02-04T18:29:38","modified_gmt":"2026-02-04T18:29:38","slug":"sols-blake-women","status":"publish","type":"product","link":"https:\/\/imprentaametros.com\/es\/tienda\/textil\/camisa\/sols-blake-women\/","title":{"rendered":"SOL&#8217;S BLAKE WOMEN"},"content":{"rendered":"<p><span dir=\"auto\" style=\"vertical-align: inherit;\"><span dir=\"auto\" style=\"vertical-align: inherit;\"><span dir=\"auto\" style=\"vertical-align: inherit;\"><span dir=\"auto\" style=\"vertical-align: inherit;\"><span dir=\"auto\" style=\"vertical-align: inherit;\"><span dir=\"auto\" style=\"vertical-align: inherit;\"><span dir=\"auto\" style=\"vertical-align: inherit;\"><span dir=\"auto\" style=\"vertical-align: inherit;\">Corte ce\u00f1ido &#8211; Mangas largas &#8211; Cuello cl\u00e1sico &#8211; Pu\u00f1os con 1 bot\u00f3n y abertura con tapeta en punta &#8211; Tapeta de 8 botones tono sobre tono &#8211; Pinzas en la parte delantera y trasera Un corte moderno en una materia noble, con la comodidad del elastano y el acabado \u00abeasy care\u00bb que ofrece un f\u00e1cil cuidado.<\/span><\/span><\/span><\/span><\/span><\/span><\/span><\/span><\/p>\n<p><span dir=\"auto\" style=\"vertical-align: inherit;\"><span dir=\"auto\" style=\"vertical-align: inherit;\"><span dir=\"auto\" style=\"vertical-align: inherit;\"><span dir=\"auto\" style=\"vertical-align: inherit;\"><span dir=\"auto\" style=\"vertical-align: inherit;\"><span dir=\"auto\" style=\"vertical-align: inherit;\"><span dir=\"auto\" style=\"vertical-align: inherit;\"><span dir=\"auto\" style=\"vertical-align: inherit;\">97% algod\u00f3n &#8211; 3% elastano<\/span><\/span><\/span><\/span><\/span><\/span><\/span><\/span><\/p>\n<p><span dir=\"auto\" style=\"vertical-align: inherit;\"><span dir=\"auto\" style=\"vertical-align: inherit;\"><\/span><\/span><\/p>\n","protected":false},"excerpt":{"rendered":"<p>Corte ce\u00f1ido &#8211; Mangas largas &#8211; Cuello cl\u00e1sico &#8211; Pu\u00f1os con 1 bot\u00f3n y abertura con tapeta en punta &#8211; Tapeta de 8 botones tono sobre tono &#8211; Pinzas en la parte delantera y trasera Un corte moderno en una materia noble, con la comodidad del elastano y el acabado \u00abeasy care\u00bb que ofrece un [&hellip;]<\/p>\n","protected":false},"featured_media":15507,"template":"","meta":[],"product_brand":[26],"product_cat":[553],"product_tag":[],"class_list":{"0":"post-15504","1":"product","2":"type-product","3":"status-publish","4":"has-post-thumbnail","6":"product_brand-sols","7":"product_cat-camisa","8":"pa_color-azul-claro","9":"pa_color-azul-oscuro","10":"pa_color-blanco","11":"pa_color-gris-perla","12":"pa_color-gris-titanio","13":"pa_color-negro","14":"pa_ficha-tecnica-https-mcprod-sologroup-paris-com-default-pdfpublication-pdf-product-sku-01427-store-21-type-template_map","15":"pa_genero-mujer","16":"pa_talla-l","17":"pa_talla-m","18":"pa_talla-s","19":"pa_talla-xl","20":"pa_talla-xs","21":"pa_talla-xxl","23":"first","24":"instock","25":"purchasable","26":"product-type-variable","27":"wvs-archive-product-wrapper"},"_links":{"self":[{"href":"https:\/\/imprentaametros.com\/es\/wp-json\/wp\/v2\/product\/15504","targetHints":{"allow":["GET"]}}],"collection":[{"href":"https:\/\/imprentaametros.com\/es\/wp-json\/wp\/v2\/product"}],"about":[{"href":"https:\/\/imprentaametros.com\/es\/wp-json\/wp\/v2\/types\/product"}],"version-history":[{"count":1,"href":"https:\/\/imprentaametros.com\/es\/wp-json\/wp\/v2\/product\/15504\/revisions"}],"predecessor-version":[{"id":15505,"href":"https:\/\/imprentaametros.com\/es\/wp-json\/wp\/v2\/product\/15504\/revisions\/15505"}],"wp:featuredmedia":[{"embeddable":true,"href":"https:\/\/imprentaametros.com\/es\/wp-json\/wp\/v2\/media\/15507"}],"wp:attachment":[{"href":"https:\/\/imprentaametros.com\/es\/wp-json\/wp\/v2\/media?parent=15504"}],"wp:term":[{"taxonomy":"product_brand","embeddable":true,"href":"https:\/\/imprentaametros.com\/es\/wp-json\/wp\/v2\/product_brand?post=15504"},{"taxonomy":"product_cat","embeddable":true,"href":"https:\/\/imprentaametros.com\/es\/wp-json\/wp\/v2\/product_cat?post=15504"},{"taxonomy":"product_tag","embeddable":true,"href":"https:\/\/imprentaametros.com\/es\/wp-json\/wp\/v2\/product_tag?post=15504"}],"curies":[{"name":"wp","href":"https:\/\/api.w.org\/{rel}","templated":true}]}}