{"id":14922,"date":"2026-02-04T17:57:29","date_gmt":"2026-02-04T17:57:29","guid":{"rendered":"https:\/\/imprentamaxspeed2120.live-website.com\/tienda\/sin%20categor\u00eda\/sols-falcon-padded-women\/"},"modified":"2026-02-04T17:59:38","modified_gmt":"2026-02-04T17:59:38","slug":"sols-falcon-padded-women","status":"publish","type":"product","link":"https:\/\/imprentaametros.com\/es\/tienda\/textil\/softshell\/sols-falcon-padded-women\/","title":{"rendered":"SOL&#8217;S FALCON PADDED WOMEN"},"content":{"rendered":"<p><span dir=\"auto\" style=\"vertical-align: inherit;\"><span dir=\"auto\" style=\"vertical-align: inherit;\"><span dir=\"auto\" style=\"vertical-align: inherit;\"><span dir=\"auto\" style=\"vertical-align: inherit;\"><span dir=\"auto\" style=\"vertical-align: inherit;\"><span dir=\"auto\" style=\"vertical-align: inherit;\"><span dir=\"auto\" style=\"vertical-align: inherit;\"><span dir=\"auto\" style=\"vertical-align: inherit;\">Softshell de invierno totalmente acolchado &#8211; Capucha con borde el\u00e1stico &#8211; Abertura, bolsillos laterales y bolsillo de pecho con cremallera de nylon impermeable negra &#8211; 3 bolsillos interiores &#8211; Cremallera para la personalizaci\u00f3n &#8211; Pu\u00f1os y bajo el\u00e1sticos tono sobre tono<\/span><\/span><\/span><\/span><\/span><\/span><\/span><\/span><\/p>\n<p><span dir=\"auto\" style=\"vertical-align: inherit;\"><span dir=\"auto\" style=\"vertical-align: inherit;\"><span dir=\"auto\" style=\"vertical-align: inherit;\"><span dir=\"auto\" style=\"vertical-align: inherit;\"><span dir=\"auto\" style=\"vertical-align: inherit;\"><span dir=\"auto\" style=\"vertical-align: inherit;\"><span dir=\"auto\" style=\"vertical-align: inherit;\"><span dir=\"auto\" style=\"vertical-align: inherit;\">Softshell 3 capas &#8211; Exterior: 94% poli\u00e9ster reciclado &#8211; 6% elastano &#8211; Forro polar interior: 100% poli\u00e9ster reciclado &#8211; Membrana 5000 mm impermeable y transpirable &#8211; Forro: 100% nylon &#8211; Relleno: 100% poli\u00e9ster reciclado<\/span><\/span><\/span><\/span><\/span><\/span><\/span><\/span><\/p>\n<p><span dir=\"auto\" style=\"vertical-align: inherit;\"><span dir=\"auto\" style=\"vertical-align: inherit;\"><\/span><\/span><\/p>\n","protected":false},"excerpt":{"rendered":"<p>Softshell de invierno totalmente acolchado &#8211; Capucha con borde el\u00e1stico &#8211; Abertura, bolsillos laterales y bolsillo de pecho con cremallera de nylon impermeable negra &#8211; 3 bolsillos interiores &#8211; Cremallera para la personalizaci\u00f3n &#8211; Pu\u00f1os y bajo el\u00e1sticos tono sobre tono Softshell 3 capas &#8211; Exterior: 94% poli\u00e9ster reciclado &#8211; 6% elastano &#8211; Forro polar [&hellip;]<\/p>\n","protected":false},"featured_media":14925,"template":"","meta":[],"product_brand":[26],"product_cat":[526],"product_tag":[],"class_list":{"0":"post-14922","1":"product","2":"type-product","3":"status-publish","4":"has-post-thumbnail","6":"product_brand-sols","7":"product_cat-softshell","8":"pa_color-antracita","9":"pa_color-azul-profundo","10":"pa_color-azul-royal","11":"pa_color-negro","12":"pa_ficha-tecnica-https-mcprod-sologroup-paris-com-default-pdfpublication-pdf-product-sku-04450-store-21-type-template_map","13":"pa_genero-mujer","14":"pa_talla-3xl","15":"pa_talla-l","16":"pa_talla-m","17":"pa_talla-s","18":"pa_talla-xl","19":"pa_talla-xxl","21":"first","22":"instock","23":"purchasable","24":"product-type-variable","25":"wvs-archive-product-wrapper"},"_links":{"self":[{"href":"https:\/\/imprentaametros.com\/es\/wp-json\/wp\/v2\/product\/14922","targetHints":{"allow":["GET"]}}],"collection":[{"href":"https:\/\/imprentaametros.com\/es\/wp-json\/wp\/v2\/product"}],"about":[{"href":"https:\/\/imprentaametros.com\/es\/wp-json\/wp\/v2\/types\/product"}],"version-history":[{"count":1,"href":"https:\/\/imprentaametros.com\/es\/wp-json\/wp\/v2\/product\/14922\/revisions"}],"predecessor-version":[{"id":14923,"href":"https:\/\/imprentaametros.com\/es\/wp-json\/wp\/v2\/product\/14922\/revisions\/14923"}],"wp:featuredmedia":[{"embeddable":true,"href":"https:\/\/imprentaametros.com\/es\/wp-json\/wp\/v2\/media\/14925"}],"wp:attachment":[{"href":"https:\/\/imprentaametros.com\/es\/wp-json\/wp\/v2\/media?parent=14922"}],"wp:term":[{"taxonomy":"product_brand","embeddable":true,"href":"https:\/\/imprentaametros.com\/es\/wp-json\/wp\/v2\/product_brand?post=14922"},{"taxonomy":"product_cat","embeddable":true,"href":"https:\/\/imprentaametros.com\/es\/wp-json\/wp\/v2\/product_cat?post=14922"},{"taxonomy":"product_tag","embeddable":true,"href":"https:\/\/imprentaametros.com\/es\/wp-json\/wp\/v2\/product_tag?post=14922"}],"curies":[{"name":"wp","href":"https:\/\/api.w.org\/{rel}","templated":true}]}}