{"id":14800,"date":"2026-02-04T17:53:10","date_gmt":"2026-02-04T17:53:10","guid":{"rendered":"https:\/\/imprentamaxspeed2120.live-website.com\/tienda\/sin%20categor\u00eda\/sols-race-hooded-men\/"},"modified":"2026-02-04T17:55:25","modified_gmt":"2026-02-04T17:55:25","slug":"sols-race-hooded-men","status":"publish","type":"product","link":"https:\/\/imprentaametros.com\/es\/tienda\/textil\/softshell\/sols-race-hooded-men\/","title":{"rendered":"SOL&#8217;S RACE HOODED MEN"},"content":{"rendered":"<p><span dir=\"auto\" style=\"vertical-align: inherit;\"><span dir=\"auto\" style=\"vertical-align: inherit;\"><span dir=\"auto\" style=\"vertical-align: inherit;\"><span dir=\"auto\" style=\"vertical-align: inherit;\"><span dir=\"auto\" style=\"vertical-align: inherit;\"><span dir=\"auto\" style=\"vertical-align: inherit;\"><span dir=\"auto\" style=\"vertical-align: inherit;\"><span dir=\"auto\" style=\"vertical-align: inherit;\">Abertura y bolsillos laterales con cremallera de nylon negra &#8211; Tiradores de cremallera negros &#8211; Capucha con cord\u00f3n de ajuste &#8211; Espalda ligeramente m\u00e1s larga<\/span><\/span><\/span><\/span><\/span><\/span><\/span><\/span><\/p>\n<p><span dir=\"auto\" style=\"vertical-align: inherit;\"><span dir=\"auto\" style=\"vertical-align: inherit;\"><span dir=\"auto\" style=\"vertical-align: inherit;\"><span dir=\"auto\" style=\"vertical-align: inherit;\"><span dir=\"auto\" style=\"vertical-align: inherit;\"><span dir=\"auto\" style=\"vertical-align: inherit;\"><span dir=\"auto\" style=\"vertical-align: inherit;\"><span dir=\"auto\" style=\"vertical-align: inherit;\">100% poli\u00e9ster reciclado &#8211; Forro polar interior: 100% poli\u00e9ster reciclado &#8211; 2 capas<\/span><\/span><\/span><\/span><\/span><\/span><\/span><\/span><\/p>\n<p><span dir=\"auto\" style=\"vertical-align: inherit;\"><span dir=\"auto\" style=\"vertical-align: inherit;\"><\/span><\/span><\/p>\n","protected":false},"excerpt":{"rendered":"<p>Abertura y bolsillos laterales con cremallera de nylon negra &#8211; Tiradores de cremallera negros &#8211; Capucha con cord\u00f3n de ajuste &#8211; Espalda ligeramente m\u00e1s larga 100% poli\u00e9ster reciclado &#8211; Forro polar interior: 100% poli\u00e9ster reciclado &#8211; 2 capas<\/p>\n","protected":false},"featured_media":14803,"template":"","meta":[],"product_brand":[26],"product_cat":[526],"product_tag":[],"class_list":{"0":"post-14800","1":"product","2":"type-product","3":"status-publish","4":"has-post-thumbnail","6":"product_brand-sols","7":"product_cat-softshell","8":"pa_color-antracita","9":"pa_color-azul-royal","10":"pa_color-french-marino","11":"pa_color-negro","12":"pa_ficha-tecnica-https-mcprod-sologroup-paris-com-default-pdfpublication-pdf-product-sku-04447-store-21-type-template_map","13":"pa_genero-hombre","14":"pa_talla-3xl","15":"pa_talla-4xl","16":"pa_talla-l","17":"pa_talla-m","18":"pa_talla-s","19":"pa_talla-xl","20":"pa_talla-xxl","22":"first","23":"instock","24":"purchasable","25":"product-type-variable","26":"wvs-archive-product-wrapper"},"_links":{"self":[{"href":"https:\/\/imprentaametros.com\/es\/wp-json\/wp\/v2\/product\/14800","targetHints":{"allow":["GET"]}}],"collection":[{"href":"https:\/\/imprentaametros.com\/es\/wp-json\/wp\/v2\/product"}],"about":[{"href":"https:\/\/imprentaametros.com\/es\/wp-json\/wp\/v2\/types\/product"}],"version-history":[{"count":1,"href":"https:\/\/imprentaametros.com\/es\/wp-json\/wp\/v2\/product\/14800\/revisions"}],"predecessor-version":[{"id":14801,"href":"https:\/\/imprentaametros.com\/es\/wp-json\/wp\/v2\/product\/14800\/revisions\/14801"}],"wp:featuredmedia":[{"embeddable":true,"href":"https:\/\/imprentaametros.com\/es\/wp-json\/wp\/v2\/media\/14803"}],"wp:attachment":[{"href":"https:\/\/imprentaametros.com\/es\/wp-json\/wp\/v2\/media?parent=14800"}],"wp:term":[{"taxonomy":"product_brand","embeddable":true,"href":"https:\/\/imprentaametros.com\/es\/wp-json\/wp\/v2\/product_brand?post=14800"},{"taxonomy":"product_cat","embeddable":true,"href":"https:\/\/imprentaametros.com\/es\/wp-json\/wp\/v2\/product_cat?post=14800"},{"taxonomy":"product_tag","embeddable":true,"href":"https:\/\/imprentaametros.com\/es\/wp-json\/wp\/v2\/product_tag?post=14800"}],"curies":[{"name":"wp","href":"https:\/\/api.w.org\/{rel}","templated":true}]}}