{"id":14644,"date":"2026-02-04T17:46:10","date_gmt":"2026-02-04T17:46:10","guid":{"rendered":"https:\/\/imprentamaxspeed2120.live-website.com\/tienda\/sin%20categor\u00eda\/sols-falcon-men\/"},"modified":"2026-02-04T17:50:01","modified_gmt":"2026-02-04T17:50:01","slug":"sols-falcon-men","status":"publish","type":"product","link":"https:\/\/imprentaametros.com\/es\/tienda\/textil\/softshell\/sols-falcon-men\/","title":{"rendered":"SOL&#8217;S FALCON MEN"},"content":{"rendered":"<p><span dir=\"auto\" style=\"vertical-align: inherit;\"><span dir=\"auto\" style=\"vertical-align: inherit;\"><span dir=\"auto\" style=\"vertical-align: inherit;\"><span dir=\"auto\" style=\"vertical-align: inherit;\"><span dir=\"auto\" style=\"vertical-align: inherit;\"><span dir=\"auto\" style=\"vertical-align: inherit;\"><span dir=\"auto\" style=\"vertical-align: inherit;\"><span dir=\"auto\" style=\"vertical-align: inherit;\">Apertura con cremallera &#8211; 2 bolsillos laterales y 1 en el pecho con cremallera &#8211; Tiradores de cremallera en contraste &#8211; Ribete al bies el\u00e1stico en los pu\u00f1os y en el bajo<\/span><\/span><\/span><\/span><\/span><\/span><\/span><\/span><\/p>\n<p><span dir=\"auto\" style=\"vertical-align: inherit;\"><span dir=\"auto\" style=\"vertical-align: inherit;\"><span dir=\"auto\" style=\"vertical-align: inherit;\"><span dir=\"auto\" style=\"vertical-align: inherit;\"><span dir=\"auto\" style=\"vertical-align: inherit;\"><span dir=\"auto\" style=\"vertical-align: inherit;\"><span dir=\"auto\" style=\"vertical-align: inherit;\"><span dir=\"auto\" style=\"vertical-align: inherit;\">3 capas &#8211; 94% poli\u00e9ster reciclado &#8211; 6% elastano &#8211; Forro polar: 100% poli\u00e9ster reciclado &#8211; 5000mm membrana impermeable y transpirable<\/span><\/span><\/span><\/span><\/span><\/span><\/span><\/span><\/p>\n<p><span dir=\"auto\" style=\"vertical-align: inherit;\"><span dir=\"auto\" style=\"vertical-align: inherit;\"><\/span><\/span><\/p>\n","protected":false},"excerpt":{"rendered":"<p>Apertura con cremallera &#8211; 2 bolsillos laterales y 1 en el pecho con cremallera &#8211; Tiradores de cremallera en contraste &#8211; Ribete al bies el\u00e1stico en los pu\u00f1os y en el bajo 3 capas &#8211; 94% poli\u00e9ster reciclado &#8211; 6% elastano &#8211; Forro polar: 100% poli\u00e9ster reciclado &#8211; 5000mm membrana impermeable y transpirable<\/p>\n","protected":false},"featured_media":14647,"template":"","meta":[],"product_brand":[26],"product_cat":[526],"product_tag":[],"class_list":{"0":"post-14644","1":"product","2":"type-product","3":"status-publish","4":"has-post-thumbnail","6":"product_brand-sols","7":"product_cat-softshell","8":"pa_color-antracita","9":"pa_color-azul-profundo","10":"pa_color-azul-royal","11":"pa_color-negro","12":"pa_color-rojo-chili","13":"pa_color-verde-bosque","14":"pa_ficha-tecnica-https-mcprod-sologroup-paris-com-default-pdfpublication-pdf-product-sku-03827-store-21-type-template_map","15":"pa_genero-hombre","16":"pa_talla-3xl","17":"pa_talla-4xl","18":"pa_talla-l","19":"pa_talla-m","20":"pa_talla-s","21":"pa_talla-xl","22":"pa_talla-xxl","24":"first","25":"instock","26":"purchasable","27":"product-type-variable","28":"wvs-archive-product-wrapper"},"_links":{"self":[{"href":"https:\/\/imprentaametros.com\/es\/wp-json\/wp\/v2\/product\/14644","targetHints":{"allow":["GET"]}}],"collection":[{"href":"https:\/\/imprentaametros.com\/es\/wp-json\/wp\/v2\/product"}],"about":[{"href":"https:\/\/imprentaametros.com\/es\/wp-json\/wp\/v2\/types\/product"}],"version-history":[{"count":1,"href":"https:\/\/imprentaametros.com\/es\/wp-json\/wp\/v2\/product\/14644\/revisions"}],"predecessor-version":[{"id":14645,"href":"https:\/\/imprentaametros.com\/es\/wp-json\/wp\/v2\/product\/14644\/revisions\/14645"}],"wp:featuredmedia":[{"embeddable":true,"href":"https:\/\/imprentaametros.com\/es\/wp-json\/wp\/v2\/media\/14647"}],"wp:attachment":[{"href":"https:\/\/imprentaametros.com\/es\/wp-json\/wp\/v2\/media?parent=14644"}],"wp:term":[{"taxonomy":"product_brand","embeddable":true,"href":"https:\/\/imprentaametros.com\/es\/wp-json\/wp\/v2\/product_brand?post=14644"},{"taxonomy":"product_cat","embeddable":true,"href":"https:\/\/imprentaametros.com\/es\/wp-json\/wp\/v2\/product_cat?post=14644"},{"taxonomy":"product_tag","embeddable":true,"href":"https:\/\/imprentaametros.com\/es\/wp-json\/wp\/v2\/product_tag?post=14644"}],"curies":[{"name":"wp","href":"https:\/\/api.w.org\/{rel}","templated":true}]}}