{"id":14484,"date":"2026-02-04T17:38:02","date_gmt":"2026-02-04T17:38:02","guid":{"rendered":"https:\/\/imprentamaxspeed2120.live-website.com\/tienda\/sin%20categor\u00eda\/neoblu-achille-men\/"},"modified":"2026-02-04T17:39:26","modified_gmt":"2026-02-04T17:39:26","slug":"neoblu-achille-men","status":"publish","type":"product","link":"https:\/\/imprentaametros.com\/es\/tienda\/textil\/softshell\/neoblu-achille-men\/","title":{"rendered":"NEOBLU ACHILLE MEN"},"content":{"rendered":"<p><span dir=\"auto\" style=\"vertical-align: inherit;\"><span dir=\"auto\" style=\"vertical-align: inherit;\"><span dir=\"auto\" style=\"vertical-align: inherit;\"><span dir=\"auto\" style=\"vertical-align: inherit;\"><span dir=\"auto\" style=\"vertical-align: inherit;\"><span dir=\"auto\" style=\"vertical-align: inherit;\"><span dir=\"auto\" style=\"vertical-align: inherit;\"><span dir=\"auto\" style=\"vertical-align: inherit;\">Apertura frontal con cierre de cremallera impermeable negra con doble cursor &#8211; 2 bolsillos laterales y 1 bolsillo en el pecho con cremallera negra impermeable &#8211; Tiradores de cremallera negros &#8211; Capucha desmontable con cremallera &#8211; Visera que protege de la lluvia &#8211; Tirantes ajustables en las mangas con botones de presi\u00f3n negros &#8211; Cintura ajustable El NEOBLU ACHILLE, un abrigo de softshell con forro polar es el aliado perfecto para quienes trabajan al aire libre: es abrigado, impermeable y est\u00e1 bien dise\u00f1ado para impedir el paso del fr\u00edo y la lluvia. La combinaci\u00f3n perfecta de estilo y tecnicidad.<\/span><\/span><\/span><\/span><\/span><\/span><\/span><\/span><\/p>\n<p><span dir=\"auto\" style=\"vertical-align: inherit;\"><span dir=\"auto\" style=\"vertical-align: inherit;\"><span dir=\"auto\" style=\"vertical-align: inherit;\"><span dir=\"auto\" style=\"vertical-align: inherit;\"><span dir=\"auto\" style=\"vertical-align: inherit;\"><span dir=\"auto\" style=\"vertical-align: inherit;\"><span dir=\"auto\" style=\"vertical-align: inherit;\"><span dir=\"auto\" style=\"vertical-align: inherit;\">94% poli\u00e9ster reciclado &#8211; 6% elastano &#8211; 3 capas &#8211; Forro polar: 100% poli\u00e9ster &#8211; Grado de impermeabilidad: 500 mm &#8211; \u00cdndice de transpirabilidad\u00a0500 g\/m\u00b2\/24 h<\/span><\/span><\/span><\/span><\/span><\/span><\/span><\/span><\/p>\n<p><span dir=\"auto\" style=\"vertical-align: inherit;\"><span dir=\"auto\" style=\"vertical-align: inherit;\"><\/span><\/span><\/p>\n","protected":false},"excerpt":{"rendered":"<p>Apertura frontal con cierre de cremallera impermeable negra con doble cursor &#8211; 2 bolsillos laterales y 1 bolsillo en el pecho con cremallera negra impermeable &#8211; Tiradores de cremallera negros &#8211; Capucha desmontable con cremallera &#8211; Visera que protege de la lluvia &#8211; Tirantes ajustables en las mangas con botones de presi\u00f3n negros &#8211; Cintura [&hellip;]<\/p>\n","protected":false},"featured_media":14487,"template":"","meta":[],"product_brand":[70],"product_cat":[526],"product_tag":[],"class_list":{"0":"post-14484","1":"product","2":"type-product","3":"status-publish","4":"has-post-thumbnail","6":"product_brand-neoblu","7":"product_cat-softshell","8":"pa_color-negro-profundo","9":"pa_color-noche","10":"pa_ficha-tecnica-https-mcprod-sologroup-paris-com-default-pdfpublication-pdf-product-sku-03793-store-21-type-template_map","11":"pa_genero-hombre","12":"pa_talla-3xl","13":"pa_talla-4xl","14":"pa_talla-l","15":"pa_talla-m","16":"pa_talla-s","17":"pa_talla-xl","18":"pa_talla-xxl","20":"first","21":"instock","22":"purchasable","23":"product-type-variable","24":"wvs-archive-product-wrapper"},"_links":{"self":[{"href":"https:\/\/imprentaametros.com\/es\/wp-json\/wp\/v2\/product\/14484","targetHints":{"allow":["GET"]}}],"collection":[{"href":"https:\/\/imprentaametros.com\/es\/wp-json\/wp\/v2\/product"}],"about":[{"href":"https:\/\/imprentaametros.com\/es\/wp-json\/wp\/v2\/types\/product"}],"version-history":[{"count":1,"href":"https:\/\/imprentaametros.com\/es\/wp-json\/wp\/v2\/product\/14484\/revisions"}],"predecessor-version":[{"id":14485,"href":"https:\/\/imprentaametros.com\/es\/wp-json\/wp\/v2\/product\/14484\/revisions\/14485"}],"wp:featuredmedia":[{"embeddable":true,"href":"https:\/\/imprentaametros.com\/es\/wp-json\/wp\/v2\/media\/14487"}],"wp:attachment":[{"href":"https:\/\/imprentaametros.com\/es\/wp-json\/wp\/v2\/media?parent=14484"}],"wp:term":[{"taxonomy":"product_brand","embeddable":true,"href":"https:\/\/imprentaametros.com\/es\/wp-json\/wp\/v2\/product_brand?post=14484"},{"taxonomy":"product_cat","embeddable":true,"href":"https:\/\/imprentaametros.com\/es\/wp-json\/wp\/v2\/product_cat?post=14484"},{"taxonomy":"product_tag","embeddable":true,"href":"https:\/\/imprentaametros.com\/es\/wp-json\/wp\/v2\/product_tag?post=14484"}],"curies":[{"name":"wp","href":"https:\/\/api.w.org\/{rel}","templated":true}]}}