{"id":14017,"date":"2026-02-04T08:22:35","date_gmt":"2026-02-04T08:22:35","guid":{"rendered":"https:\/\/imprentamaxspeed2120.live-website.com\/tienda\/sin%20categor\u00eda\/sols-sherpa\/"},"modified":"2026-02-04T08:24:32","modified_gmt":"2026-02-04T08:24:32","slug":"sols-sherpa","status":"publish","type":"product","link":"https:\/\/imprentaametros.com\/es\/tienda\/textil\/sudadera\/sols-sherpa\/","title":{"rendered":"SOL&#8217;S SHERPA"},"content":{"rendered":"<p><span dir=\"auto\" style=\"vertical-align: inherit;\"><span dir=\"auto\" style=\"vertical-align: inherit;\"><span dir=\"auto\" style=\"vertical-align: inherit;\"><span dir=\"auto\" style=\"vertical-align: inherit;\"><span dir=\"auto\" style=\"vertical-align: inherit;\"><span dir=\"auto\" style=\"vertical-align: inherit;\"><span dir=\"auto\" style=\"vertical-align: inherit;\"><span dir=\"auto\" style=\"vertical-align: inherit;\">Unisex &#8211; Canal\u00e9 con elastano 2&#215;2 en bajos y pu\u00f1os &#8211; Mangas montadas &#8211; Bolsillo canguro &#8211; Cord\u00f3n ancho y plano contrastado &#8211; Cremallera oculta &#8211; Corte ajustado &#8211; Costuras laterales Fashion\u00a0y\u00a0muy c\u00f3modo de llevar. &#8211; Unisex gracias a la amplia gama de talla. &#8211; Respuesta a operaciones promocionales cl\u00e1sicas y modernas.<\/span><\/span><\/span><\/span><\/span><\/span><\/span><\/span><\/p>\n<p><span dir=\"auto\" style=\"vertical-align: inherit;\"><span dir=\"auto\" style=\"vertical-align: inherit;\"><span dir=\"auto\" style=\"vertical-align: inherit;\"><span dir=\"auto\" style=\"vertical-align: inherit;\"><span dir=\"auto\" style=\"vertical-align: inherit;\"><span dir=\"auto\" style=\"vertical-align: inherit;\"><span dir=\"auto\" style=\"vertical-align: inherit;\"><span dir=\"auto\" style=\"vertical-align: inherit;\">80% algod\u00f3n &#8211; 20% poli\u00e9ster &#8211; Estilo \u00absherpa\u00bb en cuello y capucha<\/span><\/span><\/span><\/span><\/span><\/span><\/span><\/span><\/p>\n<p><span dir=\"auto\" style=\"vertical-align: inherit;\"><span dir=\"auto\" style=\"vertical-align: inherit;\"><\/span><\/span><\/p>\n","protected":false},"excerpt":{"rendered":"<p>Unisex &#8211; Canal\u00e9 con elastano 2&#215;2 en bajos y pu\u00f1os &#8211; Mangas montadas &#8211; Bolsillo canguro &#8211; Cord\u00f3n ancho y plano contrastado &#8211; Cremallera oculta &#8211; Corte ajustado &#8211; Costuras laterales Fashion\u00a0y\u00a0muy c\u00f3modo de llevar. &#8211; Unisex gracias a la amplia gama de talla. &#8211; Respuesta a operaciones promocionales cl\u00e1sicas y modernas. 80% algod\u00f3n &#8211; [&hellip;]<\/p>\n","protected":false},"featured_media":14020,"template":"","meta":[],"product_brand":[26],"product_cat":[524],"product_tag":[],"class_list":{"0":"post-14017","1":"product","2":"type-product","3":"status-publish","4":"has-post-thumbnail","6":"product_brand-sols","7":"product_cat-sudadera","8":"pa_color-azul-royal","9":"pa_color-french-marino","10":"pa_color-gris-mezcla","11":"pa_color-negro","12":"pa_ficha-tecnica-https-mcprod-sologroup-paris-com-default-pdfpublication-pdf-product-sku-00584-store-21-type-template_map","13":"pa_genero-unisex","14":"pa_talla-l","15":"pa_talla-m","16":"pa_talla-s","17":"pa_talla-xl","18":"pa_talla-xs","19":"pa_talla-xxl","20":"pa_talla-xxs","22":"first","23":"instock","24":"purchasable","25":"product-type-variable","26":"wvs-archive-product-wrapper"},"_links":{"self":[{"href":"https:\/\/imprentaametros.com\/es\/wp-json\/wp\/v2\/product\/14017","targetHints":{"allow":["GET"]}}],"collection":[{"href":"https:\/\/imprentaametros.com\/es\/wp-json\/wp\/v2\/product"}],"about":[{"href":"https:\/\/imprentaametros.com\/es\/wp-json\/wp\/v2\/types\/product"}],"version-history":[{"count":1,"href":"https:\/\/imprentaametros.com\/es\/wp-json\/wp\/v2\/product\/14017\/revisions"}],"predecessor-version":[{"id":14018,"href":"https:\/\/imprentaametros.com\/es\/wp-json\/wp\/v2\/product\/14017\/revisions\/14018"}],"wp:featuredmedia":[{"embeddable":true,"href":"https:\/\/imprentaametros.com\/es\/wp-json\/wp\/v2\/media\/14020"}],"wp:attachment":[{"href":"https:\/\/imprentaametros.com\/es\/wp-json\/wp\/v2\/media?parent=14017"}],"wp:term":[{"taxonomy":"product_brand","embeddable":true,"href":"https:\/\/imprentaametros.com\/es\/wp-json\/wp\/v2\/product_brand?post=14017"},{"taxonomy":"product_cat","embeddable":true,"href":"https:\/\/imprentaametros.com\/es\/wp-json\/wp\/v2\/product_cat?post=14017"},{"taxonomy":"product_tag","embeddable":true,"href":"https:\/\/imprentaametros.com\/es\/wp-json\/wp\/v2\/product_tag?post=14017"}],"curies":[{"name":"wp","href":"https:\/\/api.w.org\/{rel}","templated":true}]}}