{"id":13215,"date":"2026-02-03T18:52:18","date_gmt":"2026-02-03T18:52:18","guid":{"rendered":"https:\/\/imprentamaxspeed2120.live-website.com\/tienda\/sin%20categor\u00eda\/sols-performer-men\/"},"modified":"2026-02-03T18:55:02","modified_gmt":"2026-02-03T18:55:02","slug":"sols-performer-men","status":"publish","type":"product","link":"https:\/\/imprentaametros.com\/es\/tienda\/textil\/polo\/sols-performer-men\/","title":{"rendered":"SOL&#8217;S PERFORMER MEN"},"content":{"rendered":"<p><span dir=\"auto\" style=\"vertical-align: inherit;\"><span dir=\"auto\" style=\"vertical-align: inherit;\"><span dir=\"auto\" style=\"vertical-align: inherit;\"><span dir=\"auto\" style=\"vertical-align: inherit;\"><span dir=\"auto\" style=\"vertical-align: inherit;\"><span dir=\"auto\" style=\"vertical-align: inherit;\"><span dir=\"auto\" style=\"vertical-align: inherit;\"><span dir=\"auto\" style=\"vertical-align: inherit;\">Manga\u00a0corta &#8211; Tapa frontal con 3 botones &#8211; Detalles en contraste en la tapeta de botones, las aberturas laterales y la cinta del cuello &#8211; Apto\u00a0para la sublimaci\u00f3n Ideal para cualquier deporte. Secado r\u00e1pido<\/span><\/span><\/span><\/span><\/span><\/span><\/span><\/span><\/p>\n<p><span dir=\"auto\" style=\"vertical-align: inherit;\"><span dir=\"auto\" style=\"vertical-align: inherit;\"><span dir=\"auto\" style=\"vertical-align: inherit;\"><span dir=\"auto\" style=\"vertical-align: inherit;\"><span dir=\"auto\" style=\"vertical-align: inherit;\"><span dir=\"auto\" style=\"vertical-align: inherit;\"><span dir=\"auto\" style=\"vertical-align: inherit;\"><span dir=\"auto\" style=\"vertical-align: inherit;\">100% poli\u00e9ster<\/span><\/span><\/span><\/span><\/span><\/span><\/span><\/span><\/p>\n<p><span dir=\"auto\" style=\"vertical-align: inherit;\"><span dir=\"auto\" style=\"vertical-align: inherit;\"><\/span><\/span><\/p>\n","protected":false},"excerpt":{"rendered":"<p>Manga\u00a0corta &#8211; Tapa frontal con 3 botones &#8211; Detalles en contraste en la tapeta de botones, las aberturas laterales y la cinta del cuello &#8211; Apto\u00a0para la sublimaci\u00f3n Ideal para cualquier deporte. Secado r\u00e1pido 100% poli\u00e9ster<\/p>\n","protected":false},"featured_media":13218,"template":"","meta":[],"product_brand":[26],"product_cat":[506],"product_tag":[],"class_list":{"0":"post-13215","1":"product","2":"type-product","3":"status-publish","4":"has-post-thumbnail","6":"product_brand-sols","7":"product_cat-polo","8":"pa_color-aqua","9":"pa_color-azul-royal","10":"pa_color-blanco","11":"pa_color-french-marino","12":"pa_color-gris-puro","13":"pa_color-negro","14":"pa_color-neon-coral","15":"pa_color-rojo","16":"pa_color-verde-manzana","17":"pa_color-verde-pradera","18":"pa_ficha-tecnica-https-mcprod-sologroup-paris-com-default-pdfpublication-pdf-product-sku-01180-store-21-type-template_map","19":"pa_genero-hombre","20":"pa_talla-3xl","21":"pa_talla-l","22":"pa_talla-m","23":"pa_talla-s","24":"pa_talla-xl","25":"pa_talla-xxl","27":"first","28":"instock","29":"purchasable","30":"product-type-variable","31":"wvs-archive-product-wrapper"},"_links":{"self":[{"href":"https:\/\/imprentaametros.com\/es\/wp-json\/wp\/v2\/product\/13215","targetHints":{"allow":["GET"]}}],"collection":[{"href":"https:\/\/imprentaametros.com\/es\/wp-json\/wp\/v2\/product"}],"about":[{"href":"https:\/\/imprentaametros.com\/es\/wp-json\/wp\/v2\/types\/product"}],"version-history":[{"count":1,"href":"https:\/\/imprentaametros.com\/es\/wp-json\/wp\/v2\/product\/13215\/revisions"}],"predecessor-version":[{"id":13216,"href":"https:\/\/imprentaametros.com\/es\/wp-json\/wp\/v2\/product\/13215\/revisions\/13216"}],"wp:featuredmedia":[{"embeddable":true,"href":"https:\/\/imprentaametros.com\/es\/wp-json\/wp\/v2\/media\/13218"}],"wp:attachment":[{"href":"https:\/\/imprentaametros.com\/es\/wp-json\/wp\/v2\/media?parent=13215"}],"wp:term":[{"taxonomy":"product_brand","embeddable":true,"href":"https:\/\/imprentaametros.com\/es\/wp-json\/wp\/v2\/product_brand?post=13215"},{"taxonomy":"product_cat","embeddable":true,"href":"https:\/\/imprentaametros.com\/es\/wp-json\/wp\/v2\/product_cat?post=13215"},{"taxonomy":"product_tag","embeddable":true,"href":"https:\/\/imprentaametros.com\/es\/wp-json\/wp\/v2\/product_tag?post=13215"}],"curies":[{"name":"wp","href":"https:\/\/api.w.org\/{rel}","templated":true}]}}