{"id":13133,"date":"2026-02-03T18:49:14","date_gmt":"2026-02-03T18:49:14","guid":{"rendered":"https:\/\/imprentamaxspeed2120.live-website.com\/tienda\/sin%20categor\u00eda\/sols-performer-women\/"},"modified":"2026-02-03T18:53:00","modified_gmt":"2026-02-03T18:53:00","slug":"sols-performer-women","status":"publish","type":"product","link":"https:\/\/imprentaametros.com\/es\/tienda\/textil\/polo\/sols-performer-women\/","title":{"rendered":"SOL&#8217;S PERFORMER WOMEN"},"content":{"rendered":"<p><span dir=\"auto\" style=\"vertical-align: inherit;\"><span dir=\"auto\" style=\"vertical-align: inherit;\"><span dir=\"auto\" style=\"vertical-align: inherit;\"><span dir=\"auto\" style=\"vertical-align: inherit;\"><span dir=\"auto\" style=\"vertical-align: inherit;\"><span dir=\"auto\" style=\"vertical-align: inherit;\"><span dir=\"auto\" style=\"vertical-align: inherit;\"><span dir=\"auto\" style=\"vertical-align: inherit;\">Manga\u00a0corta &#8211; Tapa de 3 botones &#8211; Ribete de contraste en la tapeta, las aberturas laterales y la banda del escote &#8211; Apto para la sublimaci\u00f3n Ideal para cualquier deporte. Secado r\u00e1pido<\/span><\/span><\/span><\/span><\/span><\/span><\/span><\/span><\/p>\n<p><span dir=\"auto\" style=\"vertical-align: inherit;\"><span dir=\"auto\" style=\"vertical-align: inherit;\"><span dir=\"auto\" style=\"vertical-align: inherit;\"><span dir=\"auto\" style=\"vertical-align: inherit;\"><span dir=\"auto\" style=\"vertical-align: inherit;\"><span dir=\"auto\" style=\"vertical-align: inherit;\"><span dir=\"auto\" style=\"vertical-align: inherit;\"><span dir=\"auto\" style=\"vertical-align: inherit;\">100% poli\u00e9ster<\/span><\/span><\/span><\/span><\/span><\/span><\/span><\/span><\/p>\n<p><span dir=\"auto\" style=\"vertical-align: inherit;\"><span dir=\"auto\" style=\"vertical-align: inherit;\"><\/span><\/span><\/p>\n","protected":false},"excerpt":{"rendered":"<p>Manga\u00a0corta &#8211; Tapa de 3 botones &#8211; Ribete de contraste en la tapeta, las aberturas laterales y la banda del escote &#8211; Apto para la sublimaci\u00f3n Ideal para cualquier deporte. Secado r\u00e1pido 100% poli\u00e9ster<\/p>\n","protected":false},"featured_media":13136,"template":"","meta":[],"product_brand":[26],"product_cat":[506],"product_tag":[],"class_list":{"0":"post-13133","1":"product","2":"type-product","3":"status-publish","4":"has-post-thumbnail","6":"product_brand-sols","7":"product_cat-polo","8":"pa_color-aqua","9":"pa_color-azul-royal","10":"pa_color-blanco","11":"pa_color-french-marino","12":"pa_color-gris-puro","13":"pa_color-negro","14":"pa_color-neon-coral","15":"pa_color-rojo","16":"pa_color-verde-manzana","17":"pa_color-verde-pradera","18":"pa_ficha-tecnica-https-mcprod-sologroup-paris-com-default-pdfpublication-pdf-product-sku-01179-store-21-type-template_map","19":"pa_genero-mujer","20":"pa_talla-l","21":"pa_talla-m","22":"pa_talla-s","23":"pa_talla-xl","24":"pa_talla-xxl","26":"first","27":"instock","28":"purchasable","29":"product-type-variable","30":"wvs-archive-product-wrapper"},"_links":{"self":[{"href":"https:\/\/imprentaametros.com\/es\/wp-json\/wp\/v2\/product\/13133","targetHints":{"allow":["GET"]}}],"collection":[{"href":"https:\/\/imprentaametros.com\/es\/wp-json\/wp\/v2\/product"}],"about":[{"href":"https:\/\/imprentaametros.com\/es\/wp-json\/wp\/v2\/types\/product"}],"version-history":[{"count":1,"href":"https:\/\/imprentaametros.com\/es\/wp-json\/wp\/v2\/product\/13133\/revisions"}],"predecessor-version":[{"id":13134,"href":"https:\/\/imprentaametros.com\/es\/wp-json\/wp\/v2\/product\/13133\/revisions\/13134"}],"wp:featuredmedia":[{"embeddable":true,"href":"https:\/\/imprentaametros.com\/es\/wp-json\/wp\/v2\/media\/13136"}],"wp:attachment":[{"href":"https:\/\/imprentaametros.com\/es\/wp-json\/wp\/v2\/media?parent=13133"}],"wp:term":[{"taxonomy":"product_brand","embeddable":true,"href":"https:\/\/imprentaametros.com\/es\/wp-json\/wp\/v2\/product_brand?post=13133"},{"taxonomy":"product_cat","embeddable":true,"href":"https:\/\/imprentaametros.com\/es\/wp-json\/wp\/v2\/product_cat?post=13133"},{"taxonomy":"product_tag","embeddable":true,"href":"https:\/\/imprentaametros.com\/es\/wp-json\/wp\/v2\/product_tag?post=13133"}],"curies":[{"name":"wp","href":"https:\/\/api.w.org\/{rel}","templated":true}]}}