{"id":13027,"date":"2026-02-03T18:46:24","date_gmt":"2026-02-03T18:46:24","guid":{"rendered":"https:\/\/imprentamaxspeed2120.live-website.com\/tienda\/sin%20categor\u00eda\/sols-pasadena-women\/"},"modified":"2026-02-03T18:50:05","modified_gmt":"2026-02-03T18:50:05","slug":"sols-pasadena-women","status":"publish","type":"product","link":"https:\/\/imprentaametros.com\/es\/tienda\/textil\/polo\/sols-pasadena-women\/","title":{"rendered":"SOL&#8217;S PASADENA WOMEN"},"content":{"rendered":"<p><span dir=\"auto\" style=\"vertical-align: inherit;\"><span dir=\"auto\" style=\"vertical-align: inherit;\"><span dir=\"auto\" style=\"vertical-align: inherit;\"><span dir=\"auto\" style=\"vertical-align: inherit;\"><span dir=\"auto\" style=\"vertical-align: inherit;\"><span dir=\"auto\" style=\"vertical-align: inherit;\"><span dir=\"auto\" style=\"vertical-align: inherit;\"><span dir=\"auto\" style=\"vertical-align: inherit;\">Canal\u00e9 1&#215;1 en cuello y pu\u00f1os &#8211; Tapacosturas reforzado en el cuello &#8211; Manga corta &#8211; Cuello y pu\u00f1os rayados contrastados &#8211; 3 botones en solapa del mismo color &#8211; Corte ajustado &#8211; Costuras laterales &#8211; Aberturas laterales &#8211; Bot\u00f3n de repuesto en costura\u00a0lateral interior Corte y estilo moderno &#8211; Amplia gama de colores &#8211; Destinado a cualquier tipo de mercado<\/span><\/span><\/span><\/span><\/span><\/span><\/span><\/span><\/p>\n<p><span dir=\"auto\" style=\"vertical-align: inherit;\"><span dir=\"auto\" style=\"vertical-align: inherit;\"><span dir=\"auto\" style=\"vertical-align: inherit;\"><span dir=\"auto\" style=\"vertical-align: inherit;\"><span dir=\"auto\" style=\"vertical-align: inherit;\"><span dir=\"auto\" style=\"vertical-align: inherit;\"><span dir=\"auto\" style=\"vertical-align: inherit;\"><span dir=\"auto\" style=\"vertical-align: inherit;\">100% algod\u00f3n Ringspun<\/span><\/span><\/span><\/span><\/span><\/span><\/span><\/span><\/p>\n<p><span dir=\"auto\" style=\"vertical-align: inherit;\"><span dir=\"auto\" style=\"vertical-align: inherit;\"><\/span><\/span><\/p>\n","protected":false},"excerpt":{"rendered":"<p>Canal\u00e9 1&#215;1 en cuello y pu\u00f1os &#8211; Tapacosturas reforzado en el cuello &#8211; Manga corta &#8211; Cuello y pu\u00f1os rayados contrastados &#8211; 3 botones en solapa del mismo color &#8211; Corte ajustado &#8211; Costuras laterales &#8211; Aberturas laterales &#8211; Bot\u00f3n de repuesto en costura\u00a0lateral interior Corte y estilo moderno &#8211; Amplia gama de colores &#8211; [&hellip;]<\/p>\n","protected":false},"featured_media":13030,"template":"","meta":[],"product_brand":[26],"product_cat":[506],"product_tag":[],"class_list":{"0":"post-13027","1":"product","2":"type-product","3":"status-publish","4":"has-post-thumbnail","6":"product_brand-sols","7":"product_cat-polo","8":"pa_color-azul-royal-blanco","9":"pa_color-azul-royal-neon-coral","10":"pa_color-blanco-aqua","11":"pa_color-blanco-azul-marino","12":"pa_color-french-marino-blanco","13":"pa_color-french-marino-naranja-fluor","14":"pa_color-gris-marino","15":"pa_color-gris-mezcla-naranja","16":"pa_color-lima_blanco","17":"pa_color-negro-blanco","18":"pa_color-negro-lima","19":"pa_color-rojo-blanco","20":"pa_color-verde-bosque-blanco","21":"pa_ficha-tecnica-https-mcprod-sologroup-paris-com-default-pdfpublication-pdf-product-sku-00578-store-21-type-template_map","22":"pa_genero-mujer","23":"pa_talla-l","24":"pa_talla-m","25":"pa_talla-s","26":"pa_talla-xl","27":"pa_talla-xxl","29":"first","30":"instock","31":"purchasable","32":"product-type-variable","33":"wvs-archive-product-wrapper"},"_links":{"self":[{"href":"https:\/\/imprentaametros.com\/es\/wp-json\/wp\/v2\/product\/13027","targetHints":{"allow":["GET"]}}],"collection":[{"href":"https:\/\/imprentaametros.com\/es\/wp-json\/wp\/v2\/product"}],"about":[{"href":"https:\/\/imprentaametros.com\/es\/wp-json\/wp\/v2\/types\/product"}],"version-history":[{"count":1,"href":"https:\/\/imprentaametros.com\/es\/wp-json\/wp\/v2\/product\/13027\/revisions"}],"predecessor-version":[{"id":13028,"href":"https:\/\/imprentaametros.com\/es\/wp-json\/wp\/v2\/product\/13027\/revisions\/13028"}],"wp:featuredmedia":[{"embeddable":true,"href":"https:\/\/imprentaametros.com\/es\/wp-json\/wp\/v2\/media\/13030"}],"wp:attachment":[{"href":"https:\/\/imprentaametros.com\/es\/wp-json\/wp\/v2\/media?parent=13027"}],"wp:term":[{"taxonomy":"product_brand","embeddable":true,"href":"https:\/\/imprentaametros.com\/es\/wp-json\/wp\/v2\/product_brand?post=13027"},{"taxonomy":"product_cat","embeddable":true,"href":"https:\/\/imprentaametros.com\/es\/wp-json\/wp\/v2\/product_cat?post=13027"},{"taxonomy":"product_tag","embeddable":true,"href":"https:\/\/imprentaametros.com\/es\/wp-json\/wp\/v2\/product_tag?post=13027"}],"curies":[{"name":"wp","href":"https:\/\/api.w.org\/{rel}","templated":true}]}}