{"id":12623,"date":"2026-02-03T18:36:04","date_gmt":"2026-02-03T18:36:04","guid":{"rendered":"https:\/\/imprentamaxspeed2120.live-website.com\/tienda\/sin%20categor\u00eda\/sols-prime-women\/"},"modified":"2026-02-03T18:40:21","modified_gmt":"2026-02-03T18:40:21","slug":"sols-prime-women","status":"publish","type":"product","link":"https:\/\/imprentaametros.com\/es\/tienda\/textil\/polo\/sols-prime-women\/","title":{"rendered":"SOL&#8217;S PRIME WOMEN"},"content":{"rendered":"<p><span dir=\"auto\" style=\"vertical-align: inherit;\"><span dir=\"auto\" style=\"vertical-align: inherit;\"><span dir=\"auto\" style=\"vertical-align: inherit;\"><span dir=\"auto\" style=\"vertical-align: inherit;\"><span dir=\"auto\" style=\"vertical-align: inherit;\"><span dir=\"auto\" style=\"vertical-align: inherit;\"><span dir=\"auto\" style=\"vertical-align: inherit;\"><span dir=\"auto\" style=\"vertical-align: inherit;\">Canal\u00e9 1&#215;1 en cuello y pu\u00f1os &#8211; Tapacosturas reforzado en el cuello &#8211; Manga corta &#8211; 3 botones en mismo color &#8211; Hombros con costuras reforzadas &#8211; Costuras laterales &#8211; Bot\u00f3n de repuesto en costura interior Resistente gracias a las costuras reforzadas en los hombros &#8211; Excelente calidad \/ precio &#8211; Amplia gama de colores y de tallas &#8211; Respuesta para las operaciones promocionales cl\u00e1sicas, especialmente las corporativas y de ropa de trabajo<\/span><\/span><\/span><\/span><\/span><\/span><\/span><\/span><\/p>\n<p><span dir=\"auto\" style=\"vertical-align: inherit;\"><span dir=\"auto\" style=\"vertical-align: inherit;\"><span dir=\"auto\" style=\"vertical-align: inherit;\"><span dir=\"auto\" style=\"vertical-align: inherit;\"><span dir=\"auto\" style=\"vertical-align: inherit;\"><span dir=\"auto\" style=\"vertical-align: inherit;\"><span dir=\"auto\" style=\"vertical-align: inherit;\"><span dir=\"auto\" style=\"vertical-align: inherit;\">65% poli\u00e9ster &#8211; 35% algod\u00f3n Ringspun &#8211; F\u00e1cil cuidado<\/span><\/span><\/span><\/span><\/span><\/span><\/span><\/span><\/p>\n<p><span dir=\"auto\" style=\"vertical-align: inherit;\"><span dir=\"auto\" style=\"vertical-align: inherit;\"><\/span><\/span><\/p>\n","protected":false},"excerpt":{"rendered":"<p>Canal\u00e9 1&#215;1 en cuello y pu\u00f1os &#8211; Tapacosturas reforzado en el cuello &#8211; Manga corta &#8211; 3 botones en mismo color &#8211; Hombros con costuras reforzadas &#8211; Costuras laterales &#8211; Bot\u00f3n de repuesto en costura interior Resistente gracias a las costuras reforzadas en los hombros &#8211; Excelente calidad \/ precio &#8211; Amplia gama de colores [&hellip;]<\/p>\n","protected":false},"featured_media":12626,"template":"","meta":[],"product_brand":[26],"product_cat":[506],"product_tag":[],"class_list":{"0":"post-12623","1":"product","2":"type-product","3":"status-publish","4":"has-post-thumbnail","6":"product_brand-sols","7":"product_cat-polo","8":"pa_color-arena","9":"pa_color-army","10":"pa_color-ash","11":"pa_color-azul-cielo","12":"pa_color-azul-royal","13":"pa_color-blanco","14":"pa_color-burdeos","15":"pa_color-chocolate","16":"pa_color-french-marino","17":"pa_color-gris-mezcla","18":"pa_color-gris-oscuro","19":"pa_color-gris-puro","20":"pa_color-morado-oscuro","21":"pa_color-negro","22":"pa_color-rojo","23":"pa_color-verde-botella","24":"pa_color-verde-pradera","25":"pa_ficha-tecnica-https-mcprod-sologroup-paris-com-default-pdfpublication-pdf-product-sku-00573-store-21-type-template_map","26":"pa_genero-mujer","27":"pa_talla-3xl","28":"pa_talla-l","29":"pa_talla-m","30":"pa_talla-s","31":"pa_talla-xl","32":"pa_talla-xxl","34":"first","35":"instock","36":"purchasable","37":"product-type-variable","38":"wvs-archive-product-wrapper"},"_links":{"self":[{"href":"https:\/\/imprentaametros.com\/es\/wp-json\/wp\/v2\/product\/12623","targetHints":{"allow":["GET"]}}],"collection":[{"href":"https:\/\/imprentaametros.com\/es\/wp-json\/wp\/v2\/product"}],"about":[{"href":"https:\/\/imprentaametros.com\/es\/wp-json\/wp\/v2\/types\/product"}],"version-history":[{"count":1,"href":"https:\/\/imprentaametros.com\/es\/wp-json\/wp\/v2\/product\/12623\/revisions"}],"predecessor-version":[{"id":12624,"href":"https:\/\/imprentaametros.com\/es\/wp-json\/wp\/v2\/product\/12623\/revisions\/12624"}],"wp:featuredmedia":[{"embeddable":true,"href":"https:\/\/imprentaametros.com\/es\/wp-json\/wp\/v2\/media\/12626"}],"wp:attachment":[{"href":"https:\/\/imprentaametros.com\/es\/wp-json\/wp\/v2\/media?parent=12623"}],"wp:term":[{"taxonomy":"product_brand","embeddable":true,"href":"https:\/\/imprentaametros.com\/es\/wp-json\/wp\/v2\/product_brand?post=12623"},{"taxonomy":"product_cat","embeddable":true,"href":"https:\/\/imprentaametros.com\/es\/wp-json\/wp\/v2\/product_cat?post=12623"},{"taxonomy":"product_tag","embeddable":true,"href":"https:\/\/imprentaametros.com\/es\/wp-json\/wp\/v2\/product_tag?post=12623"}],"curies":[{"name":"wp","href":"https:\/\/api.w.org\/{rel}","templated":true}]}}