{"id":12390,"date":"2026-02-03T18:30:51","date_gmt":"2026-02-03T18:30:51","guid":{"rendered":"https:\/\/imprentamaxspeed2120.live-website.com\/tienda\/sin%20categor\u00eda\/sols-prime-men\/"},"modified":"2026-02-03T18:36:42","modified_gmt":"2026-02-03T18:36:42","slug":"sols-prime-men","status":"publish","type":"product","link":"https:\/\/imprentaametros.com\/es\/tienda\/textil\/polo\/sols-prime-men\/","title":{"rendered":"SOL&#8217;S PRIME MEN"},"content":{"rendered":"<p><span dir=\"auto\" style=\"vertical-align: inherit;\"><span dir=\"auto\" style=\"vertical-align: inherit;\"><span dir=\"auto\" style=\"vertical-align: inherit;\"><span dir=\"auto\" style=\"vertical-align: inherit;\"><span dir=\"auto\" style=\"vertical-align: inherit;\"><span dir=\"auto\" style=\"vertical-align: inherit;\"><span dir=\"auto\" style=\"vertical-align: inherit;\"><span dir=\"auto\" style=\"vertical-align: inherit;\">Canal\u00e9 1&#215;1 en cuello y pu\u00f1os &#8211; Tapacosturas reforzado en el cuello &#8211; Manga corta &#8211; 3 botones en mismo color &#8211; Hombros con costuras reforzadas &#8211; Costuras laterales &#8211; Bot\u00f3n de repuesto en costura interior Resistente gracias a las costuras reforzadas en los hombros &#8211; Excelente calidad \/ precio &#8211; Amplia gama de colores y de tallas &#8211; Respuesta para las operaciones promocionales cl\u00e1sicas, especialmente las corporativas y de ropa de trabajo<\/span><\/span><\/span><\/span><\/span><\/span><\/span><\/span><\/p>\n<p><span dir=\"auto\" style=\"vertical-align: inherit;\"><span dir=\"auto\" style=\"vertical-align: inherit;\"><span dir=\"auto\" style=\"vertical-align: inherit;\"><span dir=\"auto\" style=\"vertical-align: inherit;\"><span dir=\"auto\" style=\"vertical-align: inherit;\"><span dir=\"auto\" style=\"vertical-align: inherit;\"><span dir=\"auto\" style=\"vertical-align: inherit;\"><span dir=\"auto\" style=\"vertical-align: inherit;\">65% poli\u00e9ster &#8211; 35% algod\u00f3n Ringspun &#8211; F\u00e1cil de cuidar<\/span><\/span><\/span><\/span><\/span><\/span><\/span><\/span><\/p>\n<p><span dir=\"auto\" style=\"vertical-align: inherit;\"><span dir=\"auto\" style=\"vertical-align: inherit;\"><\/span><\/span><\/p>\n","protected":false},"excerpt":{"rendered":"<p>Canal\u00e9 1&#215;1 en cuello y pu\u00f1os &#8211; Tapacosturas reforzado en el cuello &#8211; Manga corta &#8211; 3 botones en mismo color &#8211; Hombros con costuras reforzadas &#8211; Costuras laterales &#8211; Bot\u00f3n de repuesto en costura interior Resistente gracias a las costuras reforzadas en los hombros &#8211; Excelente calidad \/ precio &#8211; Amplia gama de colores [&hellip;]<\/p>\n","protected":false},"featured_media":12393,"template":"","meta":[],"product_brand":[26],"product_cat":[506],"product_tag":[],"class_list":{"0":"post-12390","1":"product","2":"type-product","3":"status-publish","4":"has-post-thumbnail","6":"product_brand-sols","7":"product_cat-polo","8":"pa_color-amarillo","9":"pa_color-aqua","10":"pa_color-arena","11":"pa_color-army","12":"pa_color-ash","13":"pa_color-azul-cielo","14":"pa_color-azul-royal","15":"pa_color-blanco","16":"pa_color-burdeos","17":"pa_color-chocolate","18":"pa_color-french-marino","19":"pa_color-gris-mezcla","20":"pa_color-gris-oscuro","21":"pa_color-gris-puro","22":"pa_color-morado-oscuro","23":"pa_color-naranja","24":"pa_color-negro","25":"pa_color-rojo","26":"pa_color-verde-botella","27":"pa_color-verde-manzana","28":"pa_color-verde-pradera","29":"pa_ficha-tecnica-https-mcprod-sologroup-paris-com-default-pdfpublication-pdf-product-sku-00571-store-21-type-template_map","30":"pa_genero-hombre","31":"pa_talla-3xl","32":"pa_talla-4xl","33":"pa_talla-5xl","34":"pa_talla-l","35":"pa_talla-m","36":"pa_talla-s","37":"pa_talla-xl","38":"pa_talla-xxl","40":"first","41":"instock","42":"purchasable","43":"product-type-variable","44":"wvs-archive-product-wrapper"},"_links":{"self":[{"href":"https:\/\/imprentaametros.com\/es\/wp-json\/wp\/v2\/product\/12390","targetHints":{"allow":["GET"]}}],"collection":[{"href":"https:\/\/imprentaametros.com\/es\/wp-json\/wp\/v2\/product"}],"about":[{"href":"https:\/\/imprentaametros.com\/es\/wp-json\/wp\/v2\/types\/product"}],"version-history":[{"count":1,"href":"https:\/\/imprentaametros.com\/es\/wp-json\/wp\/v2\/product\/12390\/revisions"}],"predecessor-version":[{"id":12391,"href":"https:\/\/imprentaametros.com\/es\/wp-json\/wp\/v2\/product\/12390\/revisions\/12391"}],"wp:featuredmedia":[{"embeddable":true,"href":"https:\/\/imprentaametros.com\/es\/wp-json\/wp\/v2\/media\/12393"}],"wp:attachment":[{"href":"https:\/\/imprentaametros.com\/es\/wp-json\/wp\/v2\/media?parent=12390"}],"wp:term":[{"taxonomy":"product_brand","embeddable":true,"href":"https:\/\/imprentaametros.com\/es\/wp-json\/wp\/v2\/product_brand?post=12390"},{"taxonomy":"product_cat","embeddable":true,"href":"https:\/\/imprentaametros.com\/es\/wp-json\/wp\/v2\/product_cat?post=12390"},{"taxonomy":"product_tag","embeddable":true,"href":"https:\/\/imprentaametros.com\/es\/wp-json\/wp\/v2\/product_tag?post=12390"}],"curies":[{"name":"wp","href":"https:\/\/api.w.org\/{rel}","templated":true}]}}