{"id":11920,"date":"2026-02-02T19:32:10","date_gmt":"2026-02-02T19:32:10","guid":{"rendered":"https:\/\/imprentamaxspeed2120.live-website.com\/tienda\/sin%20categor\u00eda\/sols-imperial-kids\/"},"modified":"2026-02-02T19:35:00","modified_gmt":"2026-02-02T19:35:00","slug":"sols-imperial-kids","status":"publish","type":"product","link":"https:\/\/imprentaametros.com\/es\/tienda\/textil\/camiseta\/sols-imperial-kids\/","title":{"rendered":"SOL&#8217;S Imperial KIDS"},"content":{"rendered":"<p><span dir=\"auto\" style=\"vertical-align: inherit;\"><span dir=\"auto\" style=\"vertical-align: inherit;\"><span dir=\"auto\" style=\"vertical-align: inherit;\"><span dir=\"auto\" style=\"vertical-align: inherit;\"><span dir=\"auto\" style=\"vertical-align: inherit;\"><span dir=\"auto\" style=\"vertical-align: inherit;\"><span dir=\"auto\" style=\"vertical-align: inherit;\"><span dir=\"auto\" style=\"vertical-align: inherit;\">Tapacosturas reforzado en el cuello &#8211; Cuello de punto acanalado &#8211; Manga corta &#8211; Con costuras laterales (2-6 a\u00f1os) o tubular (a partir de 8 a\u00f1os)<\/span><\/span><\/span><\/span><\/span><\/span><\/span><\/span><\/p>\n<p><span dir=\"auto\" style=\"vertical-align: inherit;\"><span dir=\"auto\" style=\"vertical-align: inherit;\"><span dir=\"auto\" style=\"vertical-align: inherit;\"><span dir=\"auto\" style=\"vertical-align: inherit;\"><span dir=\"auto\" style=\"vertical-align: inherit;\"><span dir=\"auto\" style=\"vertical-align: inherit;\"><span dir=\"auto\" style=\"vertical-align: inherit;\"><span dir=\"auto\" style=\"vertical-align: inherit;\">100% algod\u00f3n semi-peinado Ringspun<\/span><\/span><\/span><\/span><\/span><\/span><\/span><\/span><\/p>\n<p><span dir=\"auto\" style=\"vertical-align: inherit;\"><span dir=\"auto\" style=\"vertical-align: inherit;\"><\/span><\/span><\/p>\n","protected":false},"excerpt":{"rendered":"<p>Tapacosturas reforzado en el cuello &#8211; Cuello de punto acanalado &#8211; Manga corta &#8211; Con costuras laterales (2-6 a\u00f1os) o tubular (a partir de 8 a\u00f1os) 100% algod\u00f3n semi-peinado Ringspun<\/p>\n","protected":false},"featured_media":5108,"template":"","meta":[],"product_brand":[26],"product_cat":[97],"product_tag":[],"class_list":{"0":"post-11920","1":"product","2":"type-product","3":"status-publish","4":"has-post-thumbnail","6":"product_brand-sols","7":"product_cat-camiseta","8":"pa_color-amarillo","9":"pa_color-aqua","10":"pa_color-azul-cielo","11":"pa_color-blanco","12":"pa_color-blanco-profundo","13":"pa_color-chocolate","14":"pa_color-french-marino","15":"pa_color-gris-mezcla","16":"pa_color-morado-oscuro","17":"pa_color-naranja","18":"pa_color-negro-profundo","19":"pa_color-rojo","20":"pa_color-rosa-medio","21":"pa_color-verde-pradera","22":"pa_ficha-tecnica-https-mcprod-sologroup-paris-com-default-pdfpublication-pdf-product-sku-11770-store-21-type-template_map","23":"pa_genero-nino","24":"pa_talla-02a","25":"pa_talla-04a","26":"pa_talla-06a","27":"pa_talla-08a","28":"pa_talla-10a","29":"pa_talla-12a","31":"first","32":"instock","33":"purchasable","34":"product-type-variable","35":"wvs-archive-product-wrapper"},"_links":{"self":[{"href":"https:\/\/imprentaametros.com\/es\/wp-json\/wp\/v2\/product\/11920","targetHints":{"allow":["GET"]}}],"collection":[{"href":"https:\/\/imprentaametros.com\/es\/wp-json\/wp\/v2\/product"}],"about":[{"href":"https:\/\/imprentaametros.com\/es\/wp-json\/wp\/v2\/types\/product"}],"version-history":[{"count":1,"href":"https:\/\/imprentaametros.com\/es\/wp-json\/wp\/v2\/product\/11920\/revisions"}],"predecessor-version":[{"id":11921,"href":"https:\/\/imprentaametros.com\/es\/wp-json\/wp\/v2\/product\/11920\/revisions\/11921"}],"wp:featuredmedia":[{"embeddable":true,"href":"https:\/\/imprentaametros.com\/es\/wp-json\/wp\/v2\/media\/5108"}],"wp:attachment":[{"href":"https:\/\/imprentaametros.com\/es\/wp-json\/wp\/v2\/media?parent=11920"}],"wp:term":[{"taxonomy":"product_brand","embeddable":true,"href":"https:\/\/imprentaametros.com\/es\/wp-json\/wp\/v2\/product_brand?post=11920"},{"taxonomy":"product_cat","embeddable":true,"href":"https:\/\/imprentaametros.com\/es\/wp-json\/wp\/v2\/product_cat?post=11920"},{"taxonomy":"product_tag","embeddable":true,"href":"https:\/\/imprentaametros.com\/es\/wp-json\/wp\/v2\/product_tag?post=11920"}],"curies":[{"name":"wp","href":"https:\/\/api.w.org\/{rel}","templated":true}]}}