{"id":10717,"date":"2026-02-02T16:01:13","date_gmt":"2026-02-02T16:01:13","guid":{"rendered":"https:\/\/imprentamaxspeed2120.live-website.com\/tienda\/sin%20categor\u00eda\/sols-titan\/"},"modified":"2026-02-02T16:05:08","modified_gmt":"2026-02-02T16:05:08","slug":"sols-titan","status":"publish","type":"product","link":"https:\/\/imprentaametros.com\/es\/tienda\/textil\/camiseta\/sols-titan\/","title":{"rendered":"SOL&#8217;S TITAN"},"content":{"rendered":"<p><span dir=\"auto\" style=\"vertical-align: inherit;\"><span dir=\"auto\" style=\"vertical-align: inherit;\"><span dir=\"auto\" style=\"vertical-align: inherit;\"><span dir=\"auto\" style=\"vertical-align: inherit;\"><span dir=\"auto\" style=\"vertical-align: inherit;\"><span dir=\"auto\" style=\"vertical-align: inherit;\"><span dir=\"auto\" style=\"vertical-align: inherit;\"><span dir=\"auto\" style=\"vertical-align: inherit;\">Corte moderno &#8211; Cuello redondo acanalado &#8211; Tapacosturas en el cuello &#8211; Mangas cortas &#8211; Dise\u00f1o tubular &#8211; SOL&#8217;S TITAN satisface una necesidad espec\u00edfica: ofrecer una soluci\u00f3n a un precio muy competitivo, en l\u00ednea tanto con necesidades ocasionales como con proyectos de gran envergadura. Para alcanzar este objetivo, hemos decidido adoptar especificaciones t\u00e9cnicas que difieren de nuestros est\u00e1ndares habituales. Sin renunciar a lo esencial, SOL&#8217;S le ofrece un producto funcional y moderno. Es posible que los colores var\u00eden ligeramente de una producci\u00f3n a otra.<\/span><\/span><\/span><\/span><\/span><\/span><\/span><\/span><\/p>\n<p><span dir=\"auto\" style=\"vertical-align: inherit;\"><span dir=\"auto\" style=\"vertical-align: inherit;\"><span dir=\"auto\" style=\"vertical-align: inherit;\"><span dir=\"auto\" style=\"vertical-align: inherit;\"><span dir=\"auto\" style=\"vertical-align: inherit;\"><span dir=\"auto\" style=\"vertical-align: inherit;\"><span dir=\"auto\" style=\"vertical-align: inherit;\"><span dir=\"auto\" style=\"vertical-align: inherit;\">100% algod\u00f3n semipeinado Ringspun<\/span><\/span><\/span><\/span><\/span><\/span><\/span><\/span><\/p>\n<p><span dir=\"auto\" style=\"vertical-align: inherit;\"><span dir=\"auto\" style=\"vertical-align: inherit;\"><\/span><\/span><\/p>\n","protected":false},"excerpt":{"rendered":"<p>Corte moderno &#8211; Cuello redondo acanalado &#8211; Tapacosturas en el cuello &#8211; Mangas cortas &#8211; Dise\u00f1o tubular &#8211; SOL&#8217;S TITAN satisface una necesidad espec\u00edfica: ofrecer una soluci\u00f3n a un precio muy competitivo, en l\u00ednea tanto con necesidades ocasionales como con proyectos de gran envergadura. Para alcanzar este objetivo, hemos decidido adoptar especificaciones t\u00e9cnicas que difieren [&hellip;]<\/p>\n","protected":false},"featured_media":4515,"template":"","meta":[],"product_brand":[26],"product_cat":[97],"product_tag":[],"class_list":{"0":"post-10717","1":"product","2":"type-product","3":"status-publish","4":"has-post-thumbnail","6":"product_brand-sols","7":"product_cat-camiseta","8":"pa_color-azul-marino-2","9":"pa_color-gris-mezcla","10":"pa_color-verde","11":"pa_ficha-tecnica-https-mcprod-sologroup-paris-com-default-pdfpublication-pdf-product-sku-04728-store-21-type-template_map","12":"pa_genero-unisex","13":"pa_talla-3xl","14":"pa_talla-4xl","15":"pa_talla-5xl","16":"pa_talla-l","17":"pa_talla-m","18":"pa_talla-s","19":"pa_talla-xl","20":"pa_talla-xs","21":"pa_talla-xxl","23":"first","24":"instock","25":"purchasable","26":"product-type-variable","27":"wvs-archive-product-wrapper"},"_links":{"self":[{"href":"https:\/\/imprentaametros.com\/es\/wp-json\/wp\/v2\/product\/10717","targetHints":{"allow":["GET"]}}],"collection":[{"href":"https:\/\/imprentaametros.com\/es\/wp-json\/wp\/v2\/product"}],"about":[{"href":"https:\/\/imprentaametros.com\/es\/wp-json\/wp\/v2\/types\/product"}],"version-history":[{"count":1,"href":"https:\/\/imprentaametros.com\/es\/wp-json\/wp\/v2\/product\/10717\/revisions"}],"predecessor-version":[{"id":10718,"href":"https:\/\/imprentaametros.com\/es\/wp-json\/wp\/v2\/product\/10717\/revisions\/10718"}],"wp:featuredmedia":[{"embeddable":true,"href":"https:\/\/imprentaametros.com\/es\/wp-json\/wp\/v2\/media\/4515"}],"wp:attachment":[{"href":"https:\/\/imprentaametros.com\/es\/wp-json\/wp\/v2\/media?parent=10717"}],"wp:term":[{"taxonomy":"product_brand","embeddable":true,"href":"https:\/\/imprentaametros.com\/es\/wp-json\/wp\/v2\/product_brand?post=10717"},{"taxonomy":"product_cat","embeddable":true,"href":"https:\/\/imprentaametros.com\/es\/wp-json\/wp\/v2\/product_cat?post=10717"},{"taxonomy":"product_tag","embeddable":true,"href":"https:\/\/imprentaametros.com\/es\/wp-json\/wp\/v2\/product_tag?post=10717"}],"curies":[{"name":"wp","href":"https:\/\/api.w.org\/{rel}","templated":true}]}}