{"id":10615,"date":"2026-02-02T15:58:25","date_gmt":"2026-02-02T15:58:25","guid":{"rendered":"https:\/\/imprentamaxspeed2120.live-website.com\/tienda\/sin%20categor\u00eda\/rtp-apparel-vision\/"},"modified":"2026-02-02T15:58:53","modified_gmt":"2026-02-02T15:58:53","slug":"rtp-apparel-vision","status":"publish","type":"product","link":"https:\/\/imprentaametros.com\/es\/tienda\/textil\/camiseta\/rtp-apparel-vision\/","title":{"rendered":"RTP APPAREL VISION"},"content":{"rendered":"<p><span dir=\"auto\" style=\"vertical-align: inherit;\"><span dir=\"auto\" style=\"vertical-align: inherit;\"><span dir=\"auto\" style=\"vertical-align: inherit;\"><span dir=\"auto\" style=\"vertical-align: inherit;\"><span dir=\"auto\" style=\"vertical-align: inherit;\"><span dir=\"auto\" style=\"vertical-align: inherit;\"><span dir=\"auto\" style=\"vertical-align: inherit;\"><span dir=\"auto\" style=\"vertical-align: inherit;\">Tubular &#8211; Cuello redondo acanalado con tapacosturas en el interior &#8211; Corte moderno La 1a camiseta del mercado 100% pretratada para facilitar la impresi\u00f3n digital &#8211; Algod\u00f3n semipeinado para una excelente relaci\u00f3n calidad\/precio &#8211; Ning\u00fan residuo de pretratamiento visible<\/span><\/span><\/span><\/span><\/span><\/span><\/span><\/span><\/p>\n<p><span dir=\"auto\" style=\"vertical-align: inherit;\"><span dir=\"auto\" style=\"vertical-align: inherit;\"><span dir=\"auto\" style=\"vertical-align: inherit;\"><span dir=\"auto\" style=\"vertical-align: inherit;\"><span dir=\"auto\" style=\"vertical-align: inherit;\"><span dir=\"auto\" style=\"vertical-align: inherit;\"><span dir=\"auto\" style=\"vertical-align: inherit;\"><span dir=\"auto\" style=\"vertical-align: inherit;\">100% algod\u00f3n (85% algod\u00f3n &#8211; 15% algod\u00f3n biol\u00f3gico) &#8211; Enteramente pretratada para una impresi\u00f3n digital completa<\/span><\/span><\/span><\/span><\/span><\/span><\/span><\/span><\/p>\n<p><span dir=\"auto\" style=\"vertical-align: inherit;\"><span dir=\"auto\" style=\"vertical-align: inherit;\"><\/span><\/span><\/p>\n","protected":false},"excerpt":{"rendered":"<p>Tubular &#8211; Cuello redondo acanalado con tapacosturas en el interior &#8211; Corte moderno La 1a camiseta del mercado 100% pretratada para facilitar la impresi\u00f3n digital &#8211; Algod\u00f3n semipeinado para una excelente relaci\u00f3n calidad\/precio &#8211; Ning\u00fan residuo de pretratamiento visible 100% algod\u00f3n (85% algod\u00f3n &#8211; 15% algod\u00f3n biol\u00f3gico) &#8211; Enteramente pretratada para una impresi\u00f3n digital completa<\/p>\n","protected":false},"featured_media":10618,"template":"","meta":[],"product_brand":[194],"product_cat":[97],"product_tag":[],"class_list":{"0":"post-10615","1":"product","2":"type-product","3":"status-publish","4":"has-post-thumbnail","6":"product_brand-rtp","7":"product_cat-camiseta","8":"pa_color-negro-profundo","9":"pa_ficha-tecnica-https-mcprod-sologroup-paris-com-default-pdfpublication-pdf-product-sku-04321-store-21-type-template_map","10":"pa_genero-unisex","11":"pa_talla-3xl","12":"pa_talla-4xl","13":"pa_talla-l","14":"pa_talla-m","15":"pa_talla-s","16":"pa_talla-xl","17":"pa_talla-xs","18":"pa_talla-xxl","19":"pa_talla-xxs","21":"first","22":"instock","23":"purchasable","24":"product-type-variable","25":"wvs-archive-product-wrapper"},"_links":{"self":[{"href":"https:\/\/imprentaametros.com\/es\/wp-json\/wp\/v2\/product\/10615","targetHints":{"allow":["GET"]}}],"collection":[{"href":"https:\/\/imprentaametros.com\/es\/wp-json\/wp\/v2\/product"}],"about":[{"href":"https:\/\/imprentaametros.com\/es\/wp-json\/wp\/v2\/types\/product"}],"version-history":[{"count":1,"href":"https:\/\/imprentaametros.com\/es\/wp-json\/wp\/v2\/product\/10615\/revisions"}],"predecessor-version":[{"id":10616,"href":"https:\/\/imprentaametros.com\/es\/wp-json\/wp\/v2\/product\/10615\/revisions\/10616"}],"wp:featuredmedia":[{"embeddable":true,"href":"https:\/\/imprentaametros.com\/es\/wp-json\/wp\/v2\/media\/10618"}],"wp:attachment":[{"href":"https:\/\/imprentaametros.com\/es\/wp-json\/wp\/v2\/media?parent=10615"}],"wp:term":[{"taxonomy":"product_brand","embeddable":true,"href":"https:\/\/imprentaametros.com\/es\/wp-json\/wp\/v2\/product_brand?post=10615"},{"taxonomy":"product_cat","embeddable":true,"href":"https:\/\/imprentaametros.com\/es\/wp-json\/wp\/v2\/product_cat?post=10615"},{"taxonomy":"product_tag","embeddable":true,"href":"https:\/\/imprentaametros.com\/es\/wp-json\/wp\/v2\/product_tag?post=10615"}],"curies":[{"name":"wp","href":"https:\/\/api.w.org\/{rel}","templated":true}]}}