{"id":10515,"date":"2026-02-02T15:54:07","date_gmt":"2026-02-02T15:54:07","guid":{"rendered":"https:\/\/imprentamaxspeed2120.live-website.com\/tienda\/sin%20categor\u00eda\/sols-re-crusader\/"},"modified":"2026-02-02T15:58:53","modified_gmt":"2026-02-02T15:58:53","slug":"sols-re-crusader","status":"publish","type":"product","link":"https:\/\/imprentaametros.com\/es\/tienda\/textil\/camiseta\/sols-re-crusader\/","title":{"rendered":"SOL&#8217;S RE CRUSADER"},"content":{"rendered":"<p><span dir=\"auto\" style=\"vertical-align: inherit;\"><span dir=\"auto\" style=\"vertical-align: inherit;\"><span dir=\"auto\" style=\"vertical-align: inherit;\"><span dir=\"auto\" style=\"vertical-align: inherit;\"><span dir=\"auto\" style=\"vertical-align: inherit;\"><span dir=\"auto\" style=\"vertical-align: inherit;\"><span dir=\"auto\" style=\"vertical-align: inherit;\"><span dir=\"auto\" style=\"vertical-align: inherit;\">Cuello redondo acanalado &#8211; Tapacosturas en el cuello &#8211; Tubular<\/span><\/span><\/span><\/span><\/span><\/span><\/span><\/span><\/p>\n<p><span dir=\"auto\" style=\"vertical-align: inherit;\"><span dir=\"auto\" style=\"vertical-align: inherit;\"><span dir=\"auto\" style=\"vertical-align: inherit;\"><span dir=\"auto\" style=\"vertical-align: inherit;\"><span dir=\"auto\" style=\"vertical-align: inherit;\"><span dir=\"auto\" style=\"vertical-align: inherit;\"><span dir=\"auto\" style=\"vertical-align: inherit;\"><span dir=\"auto\" style=\"vertical-align: inherit;\">100% algod\u00f3n (50% algod\u00f3n reciclado &#8211; 50% algod\u00f3n)<\/span><\/span><\/span><\/span><\/span><\/span><\/span><\/span><\/p>\n<p><span dir=\"auto\" style=\"vertical-align: inherit;\"><span dir=\"auto\" style=\"vertical-align: inherit;\"><\/span><\/span><\/p>\n","protected":false},"excerpt":{"rendered":"<p>Cuello redondo acanalado &#8211; Tapacosturas en el cuello &#8211; Tubular 100% algod\u00f3n (50% algod\u00f3n reciclado &#8211; 50% algod\u00f3n)<\/p>\n","protected":false},"featured_media":4417,"template":"","meta":[],"product_brand":[26],"product_cat":[97],"product_tag":[],"class_list":{"0":"post-10515","1":"product","2":"type-product","3":"status-publish","4":"has-post-thumbnail","6":"product_brand-sols","7":"product_cat-camiseta","8":"pa_color-aqua","9":"pa_color-army","10":"pa_color-azul-royal","11":"pa_color-blanco","12":"pa_color-blanco-crema","13":"pa_color-denim","14":"pa_color-french-marino","15":"pa_color-gris-mezcla","16":"pa_color-gris-raton","17":"pa_color-natural","18":"pa_color-negro-profundo","19":"pa_color-rojo-vivo","20":"pa_color-verde-botella","21":"pa_ficha-tecnica-https-mcprod-sologroup-paris-com-default-pdfpublication-pdf-product-sku-04233-store-21-type-template_map","22":"pa_genero-unisex","23":"pa_talla-3xl","24":"pa_talla-4xl","25":"pa_talla-l","26":"pa_talla-m","27":"pa_talla-s","28":"pa_talla-xl","29":"pa_talla-xs","30":"pa_talla-xxl","32":"first","33":"instock","34":"purchasable","35":"product-type-variable","36":"wvs-archive-product-wrapper"},"_links":{"self":[{"href":"https:\/\/imprentaametros.com\/es\/wp-json\/wp\/v2\/product\/10515","targetHints":{"allow":["GET"]}}],"collection":[{"href":"https:\/\/imprentaametros.com\/es\/wp-json\/wp\/v2\/product"}],"about":[{"href":"https:\/\/imprentaametros.com\/es\/wp-json\/wp\/v2\/types\/product"}],"version-history":[{"count":1,"href":"https:\/\/imprentaametros.com\/es\/wp-json\/wp\/v2\/product\/10515\/revisions"}],"predecessor-version":[{"id":10516,"href":"https:\/\/imprentaametros.com\/es\/wp-json\/wp\/v2\/product\/10515\/revisions\/10516"}],"wp:featuredmedia":[{"embeddable":true,"href":"https:\/\/imprentaametros.com\/es\/wp-json\/wp\/v2\/media\/4417"}],"wp:attachment":[{"href":"https:\/\/imprentaametros.com\/es\/wp-json\/wp\/v2\/media?parent=10515"}],"wp:term":[{"taxonomy":"product_brand","embeddable":true,"href":"https:\/\/imprentaametros.com\/es\/wp-json\/wp\/v2\/product_brand?post=10515"},{"taxonomy":"product_cat","embeddable":true,"href":"https:\/\/imprentaametros.com\/es\/wp-json\/wp\/v2\/product_cat?post=10515"},{"taxonomy":"product_tag","embeddable":true,"href":"https:\/\/imprentaametros.com\/es\/wp-json\/wp\/v2\/product_tag?post=10515"}],"curies":[{"name":"wp","href":"https:\/\/api.w.org\/{rel}","templated":true}]}}