{"id":10420,"date":"2026-02-02T15:50:43","date_gmt":"2026-02-02T15:50:43","guid":{"rendered":"https:\/\/imprentamaxspeed2120.live-website.com\/tienda\/sin%20categor\u00eda\/sols-tuner\/"},"modified":"2026-02-02T15:54:48","modified_gmt":"2026-02-02T15:54:48","slug":"sols-tuner","status":"publish","type":"product","link":"https:\/\/imprentaametros.com\/es\/tienda\/textil\/camiseta\/sols-tuner\/","title":{"rendered":"SOL&#8217;S TUNER"},"content":{"rendered":"<p><span dir=\"auto\" style=\"vertical-align: inherit;\"><span dir=\"auto\" style=\"vertical-align: inherit;\"><span dir=\"auto\" style=\"vertical-align: inherit;\"><span dir=\"auto\" style=\"vertical-align: inherit;\"><span dir=\"auto\" style=\"vertical-align: inherit;\"><span dir=\"auto\" style=\"vertical-align: inherit;\"><span dir=\"auto\" style=\"vertical-align: inherit;\"><span dir=\"auto\" style=\"vertical-align: inherit;\">Tapacosturas en el cuello &#8211; Cuello redondo acanalado &#8211; Mangas cortas &#8211; Cortada y cosida &#8211; Corte c\u00f3modo Al llevar m\u00e1s de 30 a\u00f1os en el sector de la confecci\u00f3n, buscamos calidad, transparencia y sostenibilidad en nuestra selecci\u00f3n de algod\u00f3n. Por eso, decidimos utilizar algod\u00f3n cultivado en Estados Unidos, y la camiseta SOL&#8217;S TUNER lleva la etiqueta COTTON USA?. Para m\u00e1s informaci\u00f3n: https:\/\/www.cottonusa.org. &#8211;  &#8211; Se ha prestado especial atenci\u00f3n al ajuste de la prenda. La SOL&#8217;S TUNER tiene un corte moderno. Hemos optado por el tallaje US para ofrecer un ajuste m\u00e1s universal. &#8211;  &#8211; Calidad del producto tras el cuidado dom\u00e9stico: mantenemos los par\u00e1metros de calidad de venta al por menor, lo que implica el preencogimiento del tejido, el control de la torsi\u00f3n y el menor cambio de color tras ciclos de lavado repetidos. Tambi\u00e9n cumplimos las normas m\u00e1s fiables y coherentes de la cadena de suministro para satisfacer los requisitos de las mayores licencias de productos de marca. &#8211;  &#8211; Traducci\u00f3n realizada con la versi\u00f3n gratuita del traductor DeepL.com<\/span><\/span><\/span><\/span><\/span><\/span><\/span><\/span><\/p>\n<p><span dir=\"auto\" style=\"vertical-align: inherit;\"><span dir=\"auto\" style=\"vertical-align: inherit;\"><span dir=\"auto\" style=\"vertical-align: inherit;\"><span dir=\"auto\" style=\"vertical-align: inherit;\"><span dir=\"auto\" style=\"vertical-align: inherit;\"><span dir=\"auto\" style=\"vertical-align: inherit;\"><span dir=\"auto\" style=\"vertical-align: inherit;\"><span dir=\"auto\" style=\"vertical-align: inherit;\">100% algod\u00f3n peinado Ringspun<\/span><\/span><\/span><\/span><\/span><\/span><\/span><\/span><\/p>\n<p><span dir=\"auto\" style=\"vertical-align: inherit;\"><span dir=\"auto\" style=\"vertical-align: inherit;\"><\/span><\/span><\/p>\n","protected":false},"excerpt":{"rendered":"<p>Tapacosturas en el cuello &#8211; Cuello redondo acanalado &#8211; Mangas cortas &#8211; Cortada y cosida &#8211; Corte c\u00f3modo Al llevar m\u00e1s de 30 a\u00f1os en el sector de la confecci\u00f3n, buscamos calidad, transparencia y sostenibilidad en nuestra selecci\u00f3n de algod\u00f3n. Por eso, decidimos utilizar algod\u00f3n cultivado en Estados Unidos, y la camiseta SOL&#8217;S TUNER lleva [&hellip;]<\/p>\n","protected":false},"featured_media":4383,"template":"","meta":[],"product_brand":[26],"product_cat":[97],"product_tag":[],"class_list":{"0":"post-10420","1":"product","2":"type-product","3":"status-publish","4":"has-post-thumbnail","6":"product_brand-sols","7":"product_cat-camiseta","8":"pa_color-antracita-mezcla","9":"pa_color-azul-claro","10":"pa_color-azul-royal-2","11":"pa_color-blanco-profundo","12":"pa_color-french-marino","13":"pa_color-gris-claro-mezcla","14":"pa_color-naranja-oscuro","15":"pa_color-negro-profundo","16":"pa_color-rojo","17":"pa_color-verde-irlandes","18":"pa_ficha-tecnica-https-mcprod-sologroup-paris-com-default-pdfpublication-pdf-product-sku-04203-store-21-type-template_map","19":"pa_genero-unisex","20":"pa_talla-3xl","21":"pa_talla-4xl","22":"pa_talla-5xl","23":"pa_talla-l","24":"pa_talla-m","25":"pa_talla-s","26":"pa_talla-xl","27":"pa_talla-xs","28":"pa_talla-xxl","30":"first","31":"instock","32":"purchasable","33":"product-type-variable","34":"wvs-archive-product-wrapper"},"_links":{"self":[{"href":"https:\/\/imprentaametros.com\/es\/wp-json\/wp\/v2\/product\/10420","targetHints":{"allow":["GET"]}}],"collection":[{"href":"https:\/\/imprentaametros.com\/es\/wp-json\/wp\/v2\/product"}],"about":[{"href":"https:\/\/imprentaametros.com\/es\/wp-json\/wp\/v2\/types\/product"}],"version-history":[{"count":1,"href":"https:\/\/imprentaametros.com\/es\/wp-json\/wp\/v2\/product\/10420\/revisions"}],"predecessor-version":[{"id":10421,"href":"https:\/\/imprentaametros.com\/es\/wp-json\/wp\/v2\/product\/10420\/revisions\/10421"}],"wp:featuredmedia":[{"embeddable":true,"href":"https:\/\/imprentaametros.com\/es\/wp-json\/wp\/v2\/media\/4383"}],"wp:attachment":[{"href":"https:\/\/imprentaametros.com\/es\/wp-json\/wp\/v2\/media?parent=10420"}],"wp:term":[{"taxonomy":"product_brand","embeddable":true,"href":"https:\/\/imprentaametros.com\/es\/wp-json\/wp\/v2\/product_brand?post=10420"},{"taxonomy":"product_cat","embeddable":true,"href":"https:\/\/imprentaametros.com\/es\/wp-json\/wp\/v2\/product_cat?post=10420"},{"taxonomy":"product_tag","embeddable":true,"href":"https:\/\/imprentaametros.com\/es\/wp-json\/wp\/v2\/product_tag?post=10420"}],"curies":[{"name":"wp","href":"https:\/\/api.w.org\/{rel}","templated":true}]}}