{"id":10134,"date":"2026-02-02T15:41:43","date_gmt":"2026-02-02T15:41:43","guid":{"rendered":"https:\/\/imprentamaxspeed2120.live-website.com\/tienda\/sin%20categor\u00eda\/sols-legend\/"},"modified":"2026-02-02T15:49:31","modified_gmt":"2026-02-02T15:49:31","slug":"sols-legend","status":"publish","type":"product","link":"https:\/\/imprentaametros.com\/es\/tienda\/textil\/camiseta\/sols-legend\/","title":{"rendered":"SOL&#8217;S LEGEND"},"content":{"rendered":"<p><span dir=\"auto\" style=\"vertical-align: inherit;\"><span dir=\"auto\" style=\"vertical-align: inherit;\"><span dir=\"auto\" style=\"vertical-align: inherit;\"><span dir=\"auto\" style=\"vertical-align: inherit;\"><span dir=\"auto\" style=\"vertical-align: inherit;\"><span dir=\"auto\" style=\"vertical-align: inherit;\"><span dir=\"auto\" style=\"vertical-align: inherit;\"><span dir=\"auto\" style=\"vertical-align: inherit;\">Cuello redondo acanalado &#8211; Tapacosturas en el cuello &#8211; Cortada y cosida &#8211; Corte moderno y c\u00f3modo<\/span><\/span><\/span><\/span><\/span><\/span><\/span><\/span><\/p>\n<p><span dir=\"auto\" style=\"vertical-align: inherit;\"><span dir=\"auto\" style=\"vertical-align: inherit;\"><span dir=\"auto\" style=\"vertical-align: inherit;\"><span dir=\"auto\" style=\"vertical-align: inherit;\"><span dir=\"auto\" style=\"vertical-align: inherit;\"><span dir=\"auto\" style=\"vertical-align: inherit;\"><span dir=\"auto\" style=\"vertical-align: inherit;\"><span dir=\"auto\" style=\"vertical-align: inherit;\">100% algod\u00f3n biol\u00f3gico peinado &#8211; En transici\u00f3n<\/span><\/span><\/span><\/span><\/span><\/span><\/span><\/span><\/p>\n<p><span dir=\"auto\" style=\"vertical-align: inherit;\"><span dir=\"auto\" style=\"vertical-align: inherit;\"><\/span><\/span><\/p>\n","protected":false},"excerpt":{"rendered":"<p>Cuello redondo acanalado &#8211; Tapacosturas en el cuello &#8211; Cortada y cosida &#8211; Corte moderno y c\u00f3modo 100% algod\u00f3n biol\u00f3gico peinado &#8211; En transici\u00f3n<\/p>\n","protected":false},"featured_media":4260,"template":"","meta":[],"product_brand":[26],"product_cat":[97],"product_tag":[],"class_list":{"0":"post-10134","1":"product","2":"type-product","3":"status-publish","4":"has-post-thumbnail","6":"product_brand-sols","7":"product_cat-camiseta","8":"pa_color-amarillo-claro","9":"pa_color-aqua","10":"pa_color-azul-artico","11":"pa_color-azul-piscina","12":"pa_color-azul-royal","13":"pa_color-beige-oscuro","14":"pa_color-blanco","15":"pa_color-blanco-crema","16":"pa_color-caqui","17":"pa_color-cuerda","18":"pa_color-denim","19":"pa_color-folk-rojo","20":"pa_color-folk-rosa","21":"pa_color-french-marino","22":"pa_color-gris-mezcla","23":"pa_color-gris-puro","24":"pa_color-lila","25":"pa_color-lino","26":"pa_color-melocoton","27":"pa_color-morado-astral","28":"pa_color-naranja-pop","29":"pa_color-negro-profundo","30":"pa_color-rojo-vivo","31":"pa_color-rosa-claro","32":"pa_color-verde-hielo","33":"pa_color-verde-imperio","34":"pa_color-verde-primavera","35":"pa_ficha-tecnica-https-mcprod-sologroup-paris-com-default-pdfpublication-pdf-product-sku-03981-store-21-type-template_map","36":"pa_genero-unisex","37":"pa_talla-3xl","38":"pa_talla-4xl","39":"pa_talla-l","40":"pa_talla-m","41":"pa_talla-s","42":"pa_talla-xl","43":"pa_talla-xs","44":"pa_talla-xxl","45":"pa_talla-xxs","47":"first","48":"instock","49":"purchasable","50":"product-type-variable","51":"wvs-archive-product-wrapper"},"_links":{"self":[{"href":"https:\/\/imprentaametros.com\/es\/wp-json\/wp\/v2\/product\/10134","targetHints":{"allow":["GET"]}}],"collection":[{"href":"https:\/\/imprentaametros.com\/es\/wp-json\/wp\/v2\/product"}],"about":[{"href":"https:\/\/imprentaametros.com\/es\/wp-json\/wp\/v2\/types\/product"}],"version-history":[{"count":1,"href":"https:\/\/imprentaametros.com\/es\/wp-json\/wp\/v2\/product\/10134\/revisions"}],"predecessor-version":[{"id":10135,"href":"https:\/\/imprentaametros.com\/es\/wp-json\/wp\/v2\/product\/10134\/revisions\/10135"}],"wp:featuredmedia":[{"embeddable":true,"href":"https:\/\/imprentaametros.com\/es\/wp-json\/wp\/v2\/media\/4260"}],"wp:attachment":[{"href":"https:\/\/imprentaametros.com\/es\/wp-json\/wp\/v2\/media?parent=10134"}],"wp:term":[{"taxonomy":"product_brand","embeddable":true,"href":"https:\/\/imprentaametros.com\/es\/wp-json\/wp\/v2\/product_brand?post=10134"},{"taxonomy":"product_cat","embeddable":true,"href":"https:\/\/imprentaametros.com\/es\/wp-json\/wp\/v2\/product_cat?post=10134"},{"taxonomy":"product_tag","embeddable":true,"href":"https:\/\/imprentaametros.com\/es\/wp-json\/wp\/v2\/product_tag?post=10134"}],"curies":[{"name":"wp","href":"https:\/\/api.w.org\/{rel}","templated":true}]}}