{"id":9,"date":"2026-01-29T19:39:31","date_gmt":"2026-01-29T19:39:31","guid":{"rendered":"https:\/\/imprentamaxspeed2120.live-website.com\/carrito\/"},"modified":"2026-02-24T17:44:14","modified_gmt":"2026-02-24T17:44:14","slug":"carrito","status":"publish","type":"page","link":"https:\/\/imprentaametros.com\/es\/carrito\/","title":{"rendered":"Carrito"},"content":{"rendered":"\t\t<div data-elementor-type=\"wp-page\" data-elementor-id=\"9\" class=\"elementor elementor-9\" data-elementor-post-type=\"page\">\n\t\t\t\t<div class=\"elementor-element elementor-element-3703c7a5 e-flex e-con-boxed e-con e-parent\" data-id=\"3703c7a5\" data-element_type=\"container\" data-e-type=\"container\">\n\t\t\t\t\t<div class=\"e-con-inner\">\n\t\t\t\t\t<\/div>\n\t\t\t\t<\/div>\n\t\t\t\t<\/div>\n\t\t","protected":false},"excerpt":{"rendered":"<p>Eliminar art\u00edculo Imagen en miniatura Producto Precio Cantidad Subtotal &times;&times; Impresi\u00f3n DTF T\u00e9xtil Ancho 55cm: 55 Largo (cm): 100 Copias: 1 9,50&nbsp;&euro; Impresi\u00f3n DTF T\u00e9xtil cantidad 9,50&nbsp;&euro; A\u00f1adir cupones Total Subtotal 9,50&nbsp;&euro; IVA 21% 2,00&nbsp;&euro; Total 11,50&nbsp;&euro; Finalizar compra<\/p>\n","protected":false},"author":1,"featured_media":0,"parent":0,"menu_order":0,"comment_status":"closed","ping_status":"closed","template":"elementor_header_footer","meta":{"footnotes":""},"class_list":["post-9","page","type-page","status-publish","hentry"],"_links":{"self":[{"href":"https:\/\/imprentaametros.com\/es\/wp-json\/wp\/v2\/pages\/9","targetHints":{"allow":["GET"]}}],"collection":[{"href":"https:\/\/imprentaametros.com\/es\/wp-json\/wp\/v2\/pages"}],"about":[{"href":"https:\/\/imprentaametros.com\/es\/wp-json\/wp\/v2\/types\/page"}],"author":[{"embeddable":true,"href":"https:\/\/imprentaametros.com\/es\/wp-json\/wp\/v2\/users\/1"}],"replies":[{"embeddable":true,"href":"https:\/\/imprentaametros.com\/es\/wp-json\/wp\/v2\/comments?post=9"}],"version-history":[{"count":44,"href":"https:\/\/imprentaametros.com\/es\/wp-json\/wp\/v2\/pages\/9\/revisions"}],"predecessor-version":[{"id":45840,"href":"https:\/\/imprentaametros.com\/es\/wp-json\/wp\/v2\/pages\/9\/revisions\/45840"}],"wp:attachment":[{"href":"https:\/\/imprentaametros.com\/es\/wp-json\/wp\/v2\/media?parent=9"}],"curies":[{"name":"wp","href":"https:\/\/api.w.org\/{rel}","templated":true}]}}