{"id":9920,"date":"2026-02-02T15:32:13","date_gmt":"2026-02-02T15:32:13","guid":{"rendered":"https:\/\/imprentamaxspeed2120.live-website.com\/tienda\/sin%20categor\u00eda\/sols-odyssey\/"},"modified":"2026-02-02T15:34:48","modified_gmt":"2026-02-02T15:34:48","slug":"sols-odyssey","status":"publish","type":"product","link":"https:\/\/imprentaametros.com\/en\/tienda\/textil\/camiseta\/sols-odyssey\/","title":{"rendered":"SOL&#8217;S ODYSSEY"},"content":{"rendered":"<p><span dir=\"auto\" style=\"vertical-align: inherit;\"><span dir=\"auto\" style=\"vertical-align: inherit;\"><span dir=\"auto\" style=\"vertical-align: inherit;\"><span dir=\"auto\" style=\"vertical-align: inherit;\"><span dir=\"auto\" style=\"vertical-align: inherit;\"><span dir=\"auto\" style=\"vertical-align: inherit;\"><span dir=\"auto\" style=\"vertical-align: inherit;\"><span dir=\"auto\" style=\"vertical-align: inherit;\">Cuello redondo acanalado &#8211; Cinta de cuello &#8211; Manga\u00a0corta &#8211; Cortado y cosido Exclusividad SOL&#8217;S: el algod\u00f3n de la camiseta SOL&#8217;S ODYSSEY procede de sobrantes de nuestras propias producciones.\u00a0Estos se clasifican por colores y luego se trituran y con ello se crea un nuevo hilo. Como las fibras recicladas son m\u00e1s cortas, hemos optado por mezclarlas con un hilo de poli\u00e9ster reciclado para garantizar una calidad fiel a los compromisos de SOL&#8217;S. Dependiendo de las producciones, notar\u00e1 ligeras variaciones de color y un tacto crudo y natural del material.<\/span><\/span><\/span><\/span><\/span><\/span><\/span><\/span><\/p>\n<p><span dir=\"auto\" style=\"vertical-align: inherit;\"><span dir=\"auto\" style=\"vertical-align: inherit;\"><span dir=\"auto\" style=\"vertical-align: inherit;\"><span dir=\"auto\" style=\"vertical-align: inherit;\"><span dir=\"auto\" style=\"vertical-align: inherit;\"><span dir=\"auto\" style=\"vertical-align: inherit;\"><span dir=\"auto\" style=\"vertical-align: inherit;\"><span dir=\"auto\" style=\"vertical-align: inherit;\">55% algod\u00f3n reciclado &#8211; 45% poli\u00e9ster reciclado<\/span><\/span><\/span><\/span><\/span><\/span><\/span><\/span><\/p>\n<p><span dir=\"auto\" style=\"vertical-align: inherit;\"><span dir=\"auto\" style=\"vertical-align: inherit;\"><\/span><\/span><\/p>","protected":false},"excerpt":{"rendered":"<p>Cuello redondo acanalado &#8211; Cinta de cuello &#8211; Manga\u00a0corta &#8211; Cortado y cosido Exclusividad SOL&#8217;S: el algod\u00f3n de la camiseta SOL&#8217;S ODYSSEY procede de sobrantes de nuestras propias producciones.\u00a0Estos se clasifican por colores y luego se trituran y con ello se crea un nuevo hilo. Como las fibras recicladas son m\u00e1s cortas, hemos optado por [&hellip;]<\/p>\n","protected":false},"featured_media":4159,"template":"","meta":[],"product_brand":[26],"product_cat":[97],"product_tag":[],"class_list":{"0":"post-9920","1":"product","2":"type-product","3":"status-publish","4":"has-post-thumbnail","6":"product_brand-sols","7":"product_cat-camiseta","8":"pa_color-azul-marino-reciclado","9":"pa_color-blanco-reciclado","10":"pa_color-negro-reciclado","11":"pa_ficha-tecnica-https-mcprod-sologroup-paris-com-default-pdfpublication-pdf-product-sku-03805-store-21-type-template_map","12":"pa_genero-unisex","13":"pa_talla-3xl","14":"pa_talla-4xl","15":"pa_talla-l","16":"pa_talla-m","17":"pa_talla-s","18":"pa_talla-xl","19":"pa_talla-xs","20":"pa_talla-xxl","22":"first","23":"instock","24":"purchasable","25":"product-type-variable","26":"wvs-archive-product-wrapper"},"_links":{"self":[{"href":"https:\/\/imprentaametros.com\/en\/wp-json\/wp\/v2\/product\/9920","targetHints":{"allow":["GET"]}}],"collection":[{"href":"https:\/\/imprentaametros.com\/en\/wp-json\/wp\/v2\/product"}],"about":[{"href":"https:\/\/imprentaametros.com\/en\/wp-json\/wp\/v2\/types\/product"}],"version-history":[{"count":1,"href":"https:\/\/imprentaametros.com\/en\/wp-json\/wp\/v2\/product\/9920\/revisions"}],"predecessor-version":[{"id":9921,"href":"https:\/\/imprentaametros.com\/en\/wp-json\/wp\/v2\/product\/9920\/revisions\/9921"}],"wp:featuredmedia":[{"embeddable":true,"href":"https:\/\/imprentaametros.com\/en\/wp-json\/wp\/v2\/media\/4159"}],"wp:attachment":[{"href":"https:\/\/imprentaametros.com\/en\/wp-json\/wp\/v2\/media?parent=9920"}],"wp:term":[{"taxonomy":"product_brand","embeddable":true,"href":"https:\/\/imprentaametros.com\/en\/wp-json\/wp\/v2\/product_brand?post=9920"},{"taxonomy":"product_cat","embeddable":true,"href":"https:\/\/imprentaametros.com\/en\/wp-json\/wp\/v2\/product_cat?post=9920"},{"taxonomy":"product_tag","embeddable":true,"href":"https:\/\/imprentaametros.com\/en\/wp-json\/wp\/v2\/product_tag?post=9920"}],"curies":[{"name":"wp","href":"https:\/\/api.w.org\/{rel}","templated":true}]}}