{"id":9666,"date":"2026-02-02T15:23:33","date_gmt":"2026-02-02T15:23:33","guid":{"rendered":"https:\/\/imprentamaxspeed2120.live-website.com\/tienda\/sin%20categor\u00eda\/sols-crusader-men\/"},"modified":"2026-02-02T15:32:06","modified_gmt":"2026-02-02T15:32:06","slug":"sols-crusader-men","status":"publish","type":"product","link":"https:\/\/imprentaametros.com\/en\/tienda\/textil\/camiseta\/sols-crusader-men\/","title":{"rendered":"SOL&#8217;S CRUSADER MEN"},"content":{"rendered":"<p><span dir=\"auto\" style=\"vertical-align: inherit;\"><span dir=\"auto\" style=\"vertical-align: inherit;\"><span dir=\"auto\" style=\"vertical-align: inherit;\"><span dir=\"auto\" style=\"vertical-align: inherit;\"><span dir=\"auto\" style=\"vertical-align: inherit;\"><span dir=\"auto\" style=\"vertical-align: inherit;\"><span dir=\"auto\" style=\"vertical-align: inherit;\"><span dir=\"auto\" style=\"vertical-align: inherit;\">Cuello acanalado 100% algod\u00f3n &#8211; Cuello redondo &#8211; Tapacosturas en el cuello &#8211; Corte ajustado &#8211; Tubular<\/span><\/span><\/span><\/span><\/span><\/span><\/span><\/span><\/p>\n<p><span dir=\"auto\" style=\"vertical-align: inherit;\"><span dir=\"auto\" style=\"vertical-align: inherit;\"><span dir=\"auto\" style=\"vertical-align: inherit;\"><span dir=\"auto\" style=\"vertical-align: inherit;\"><span dir=\"auto\" style=\"vertical-align: inherit;\"><span dir=\"auto\" style=\"vertical-align: inherit;\"><span dir=\"auto\" style=\"vertical-align: inherit;\"><span dir=\"auto\" style=\"vertical-align: inherit;\">100% algod\u00f3n biol\u00f3gico &#8211; Enriquecido mediante un tratamiento enzim\u00e1tico para un tacto m\u00e1s suave<\/span><\/span><\/span><\/span><\/span><\/span><\/span><\/span><\/p>\n<p><span dir=\"auto\" style=\"vertical-align: inherit;\"><span dir=\"auto\" style=\"vertical-align: inherit;\"><\/span><\/span><\/p>","protected":false},"excerpt":{"rendered":"<p>Cuello acanalado 100% algod\u00f3n &#8211; Cuello redondo &#8211; Tapacosturas en el cuello &#8211; Corte ajustado &#8211; Tubular 100% algod\u00f3n biol\u00f3gico &#8211; Enriquecido mediante un tratamiento enzim\u00e1tico para un tacto m\u00e1s suave<\/p>","protected":false},"featured_media":4055,"template":"","meta":[],"product_brand":[26],"product_cat":[97],"product_tag":[],"class_list":{"0":"post-9666","1":"product","2":"type-product","3":"status-publish","4":"has-post-thumbnail","6":"product_brand-sols","7":"product_cat-camiseta","8":"pa_color-amarillo","9":"pa_color-aqua","10":"pa_color-ash","11":"pa_color-azul-piscina","12":"pa_color-azul-royal","13":"pa_color-beige-jaspeado","14":"pa_color-blanco","15":"pa_color-burdeos","16":"pa_color-caqui","17":"pa_color-cuerda","18":"pa_color-denim","19":"pa_color-french-marino","20":"pa_color-fucsia","21":"pa_color-gris-mezcla","22":"pa_color-gris-raton","23":"pa_color-morado-astral","24":"pa_color-naranja","25":"pa_color-naranja-pop","26":"pa_color-natural","27":"pa_color-negro-profundo","28":"pa_color-rojo","29":"pa_color-rosa-jaspeado","30":"pa_color-rosa-orquidea","31":"pa_color-rosa-palido","32":"pa_color-verde-botella","33":"pa_color-verde-jaspeado-claro","34":"pa_color-verde-manzana","35":"pa_color-verde-pradera","36":"pa_ficha-tecnica-https-mcprod-sologroup-paris-com-default-pdfpublication-pdf-product-sku-03582-store-21-type-template_map","37":"pa_genero-hombre","38":"pa_talla-3xl","39":"pa_talla-4xl","40":"pa_talla-5xl","41":"pa_talla-l","42":"pa_talla-m","43":"pa_talla-s","44":"pa_talla-xl","45":"pa_talla-xs","46":"pa_talla-xxl","48":"first","49":"instock","50":"purchasable","51":"product-type-variable","52":"wvs-archive-product-wrapper"},"_links":{"self":[{"href":"https:\/\/imprentaametros.com\/en\/wp-json\/wp\/v2\/product\/9666","targetHints":{"allow":["GET"]}}],"collection":[{"href":"https:\/\/imprentaametros.com\/en\/wp-json\/wp\/v2\/product"}],"about":[{"href":"https:\/\/imprentaametros.com\/en\/wp-json\/wp\/v2\/types\/product"}],"version-history":[{"count":1,"href":"https:\/\/imprentaametros.com\/en\/wp-json\/wp\/v2\/product\/9666\/revisions"}],"predecessor-version":[{"id":9667,"href":"https:\/\/imprentaametros.com\/en\/wp-json\/wp\/v2\/product\/9666\/revisions\/9667"}],"wp:featuredmedia":[{"embeddable":true,"href":"https:\/\/imprentaametros.com\/en\/wp-json\/wp\/v2\/media\/4055"}],"wp:attachment":[{"href":"https:\/\/imprentaametros.com\/en\/wp-json\/wp\/v2\/media?parent=9666"}],"wp:term":[{"taxonomy":"product_brand","embeddable":true,"href":"https:\/\/imprentaametros.com\/en\/wp-json\/wp\/v2\/product_brand?post=9666"},{"taxonomy":"product_cat","embeddable":true,"href":"https:\/\/imprentaametros.com\/en\/wp-json\/wp\/v2\/product_cat?post=9666"},{"taxonomy":"product_tag","embeddable":true,"href":"https:\/\/imprentaametros.com\/en\/wp-json\/wp\/v2\/product_tag?post=9666"}],"curies":[{"name":"wp","href":"https:\/\/api.w.org\/{rel}","templated":true}]}}