{"id":8746,"date":"2026-02-02T14:58:25","date_gmt":"2026-02-02T14:58:25","guid":{"rendered":"https:\/\/imprentamaxspeed2120.live-website.com\/tienda\/sin%20categor\u00eda\/sols-pioneer-men\/"},"modified":"2026-02-02T15:04:22","modified_gmt":"2026-02-02T15:04:22","slug":"sols-pioneer-men","status":"publish","type":"product","link":"https:\/\/imprentaametros.com\/en\/tienda\/textil\/camiseta\/sols-pioneer-men\/","title":{"rendered":"SOL&#8217;S PIONEER MEN"},"content":{"rendered":"<p><span dir=\"auto\" style=\"vertical-align: inherit;\"><span dir=\"auto\" style=\"vertical-align: inherit;\"><span dir=\"auto\" style=\"vertical-align: inherit;\"><span dir=\"auto\" style=\"vertical-align: inherit;\"><span dir=\"auto\" style=\"vertical-align: inherit;\"><span dir=\"auto\" style=\"vertical-align: inherit;\"><span dir=\"auto\" style=\"vertical-align: inherit;\"><span dir=\"auto\" style=\"vertical-align: inherit;\">Cuello acanalado 100% algod\u00f3n &#8211; Cuello redondo &#8211; Tapacosturas en el cuello &#8211; Corte ajustado &#8211; Tubular<\/span><\/span><\/span><\/span><\/span><\/span><\/span><\/span><\/p>\n<p><span dir=\"auto\" style=\"vertical-align: inherit;\"><span dir=\"auto\" style=\"vertical-align: inherit;\"><span dir=\"auto\" style=\"vertical-align: inherit;\"><span dir=\"auto\" style=\"vertical-align: inherit;\"><span dir=\"auto\" style=\"vertical-align: inherit;\"><span dir=\"auto\" style=\"vertical-align: inherit;\"><span dir=\"auto\" style=\"vertical-align: inherit;\"><span dir=\"auto\" style=\"vertical-align: inherit;\">100% algod\u00f3n biol\u00f3gico &#8211; Acabado natural para un tacto m\u00e1s suave y liso<\/span><\/span><\/span><\/span><\/span><\/span><\/span><\/span><\/p>\n<p><span dir=\"auto\" style=\"vertical-align: inherit;\"><span dir=\"auto\" style=\"vertical-align: inherit;\"><\/span><\/span><\/p>","protected":false},"excerpt":{"rendered":"<p>Cuello acanalado 100% algod\u00f3n &#8211; Cuello redondo &#8211; Tapacosturas en el cuello &#8211; Corte ajustado &#8211; Tubular 100% algod\u00f3n biol\u00f3gico &#8211; Acabado natural para un tacto m\u00e1s suave y liso<\/p>","protected":false},"featured_media":3148,"template":"","meta":[],"product_brand":[26],"product_cat":[97],"product_tag":[],"class_list":{"0":"post-8746","1":"product","2":"type-product","3":"status-publish","4":"has-post-thumbnail","6":"product_brand-sols","7":"product_cat-camiseta","8":"pa_color-amarillo","9":"pa_color-aqua","10":"pa_color-ash","11":"pa_color-azul-royal","12":"pa_color-blanco","13":"pa_color-blanco-crema","14":"pa_color-burdeos","15":"pa_color-caqui","16":"pa_color-cuerda","17":"pa_color-denim","18":"pa_color-french-marino","19":"pa_color-fucsia","20":"pa_color-gris-mezcla","21":"pa_color-gris-raton","22":"pa_color-naranja","23":"pa_color-natural","24":"pa_color-negro-profundo","25":"pa_color-rojo","26":"pa_color-rojo-vivo","27":"pa_color-rosa-palido","28":"pa_color-verde-botella","29":"pa_color-verde-manzana","30":"pa_color-verde-pradera","31":"pa_ficha-tecnica-https-mcprod-sologroup-paris-com-default-pdfpublication-pdf-product-sku-03565-store-21-type-template_map","32":"pa_genero-hombre","33":"pa_talla-3xl","34":"pa_talla-4xl","35":"pa_talla-l","36":"pa_talla-m","37":"pa_talla-s","38":"pa_talla-xl","39":"pa_talla-xs","40":"pa_talla-xxl","42":"first","43":"instock","44":"purchasable","45":"product-type-variable","46":"wvs-archive-product-wrapper"},"_links":{"self":[{"href":"https:\/\/imprentaametros.com\/en\/wp-json\/wp\/v2\/product\/8746","targetHints":{"allow":["GET"]}}],"collection":[{"href":"https:\/\/imprentaametros.com\/en\/wp-json\/wp\/v2\/product"}],"about":[{"href":"https:\/\/imprentaametros.com\/en\/wp-json\/wp\/v2\/types\/product"}],"version-history":[{"count":1,"href":"https:\/\/imprentaametros.com\/en\/wp-json\/wp\/v2\/product\/8746\/revisions"}],"predecessor-version":[{"id":8747,"href":"https:\/\/imprentaametros.com\/en\/wp-json\/wp\/v2\/product\/8746\/revisions\/8747"}],"wp:featuredmedia":[{"embeddable":true,"href":"https:\/\/imprentaametros.com\/en\/wp-json\/wp\/v2\/media\/3148"}],"wp:attachment":[{"href":"https:\/\/imprentaametros.com\/en\/wp-json\/wp\/v2\/media?parent=8746"}],"wp:term":[{"taxonomy":"product_brand","embeddable":true,"href":"https:\/\/imprentaametros.com\/en\/wp-json\/wp\/v2\/product_brand?post=8746"},{"taxonomy":"product_cat","embeddable":true,"href":"https:\/\/imprentaametros.com\/en\/wp-json\/wp\/v2\/product_cat?post=8746"},{"taxonomy":"product_tag","embeddable":true,"href":"https:\/\/imprentaametros.com\/en\/wp-json\/wp\/v2\/product_tag?post=8746"}],"curies":[{"name":"wp","href":"https:\/\/api.w.org\/{rel}","templated":true}]}}