{"id":8528,"date":"2026-02-02T14:52:56","date_gmt":"2026-02-02T14:52:56","guid":{"rendered":"https:\/\/imprentamaxspeed2120.live-website.com\/tienda\/sin%20categor\u00eda\/atf-leon\/"},"modified":"2026-03-05T13:07:05","modified_gmt":"2026-03-05T13:07:05","slug":"atf-leon","status":"publish","type":"product","link":"https:\/\/imprentaametros.com\/en\/tienda\/textil\/camiseta\/atf-leon\/","title":{"rendered":"ATF L\u00c9ON"},"content":{"rendered":"<p><span dir=\"auto\" style=\"vertical-align: inherit;\"><span dir=\"auto\" style=\"vertical-align: inherit;\"><span dir=\"auto\" style=\"vertical-align: inherit;\"><span dir=\"auto\" style=\"vertical-align: inherit;\"><span dir=\"auto\" style=\"vertical-align: inherit;\"><span dir=\"auto\" style=\"vertical-align: inherit;\"><span dir=\"auto\" style=\"vertical-align: inherit;\"><span dir=\"auto\" style=\"vertical-align: inherit;\">Cuello redondo &#8211; Tapacosturas en el cuello &#8211; Corte ajustado &#8211; Cortada y cosida &#8211; Detalle tricolor en el bajo<\/span><\/span><\/span><\/span><\/span><\/span><\/span><\/span><\/p>\n<p><span dir=\"auto\" style=\"vertical-align: inherit;\"><span dir=\"auto\" style=\"vertical-align: inherit;\"><span dir=\"auto\" style=\"vertical-align: inherit;\"><span dir=\"auto\" style=\"vertical-align: inherit;\"><span dir=\"auto\" style=\"vertical-align: inherit;\"><span dir=\"auto\" style=\"vertical-align: inherit;\"><span dir=\"auto\" style=\"vertical-align: inherit;\"><span dir=\"auto\" style=\"vertical-align: inherit;\">Fabricado en Francia &#8211; 100% algod\u00f3n peinado &#8211; Acabado de canal\u00e9 de 100% algod\u00f3n<\/span><\/span><\/span><\/span><\/span><\/span><\/span><\/span><\/p>\n<p>&nbsp;<\/p>","protected":false},"excerpt":{"rendered":"<p>Cuello redondo &#8211; Tapacosturas en el cuello &#8211; Corte ajustado &#8211; Cortada y cosida &#8211; Detalle tricolor en el bajo Fabricado en Francia &#8211; 100% algod\u00f3n peinado &#8211; Acabado de canal\u00e9 de 100% algod\u00f3n &nbsp;<\/p>","protected":false},"featured_media":47880,"template":"","meta":[],"product_brand":[198],"product_cat":[97],"product_tag":[596],"class_list":{"0":"post-8528","1":"product","2":"type-product","3":"status-publish","4":"has-post-thumbnail","6":"product_brand-atf","7":"product_cat-camiseta","8":"product_tag-camiseta-unisex-cuello-redondo","9":"pa_color-azul-marino","10":"pa_color-azul-royal","11":"pa_color-blanco","12":"pa_color-gris-mezcla","13":"pa_color-negro-profundo","14":"pa_color-rojo","15":"pa_ficha-tecnica-https-mcprod-sologroup-paris-com-default-pdfpublication-pdf-product-sku-03272-store-21-type-template_map","16":"pa_genero-hombre","17":"pa_talla-3xl","18":"pa_talla-l","19":"pa_talla-m","20":"pa_talla-s","21":"pa_talla-xl","22":"pa_talla-xxl","24":"first","25":"instock","26":"purchasable","27":"product-type-variable","28":"has-default-attributes","29":"wvs-archive-product-wrapper"},"_links":{"self":[{"href":"https:\/\/imprentaametros.com\/en\/wp-json\/wp\/v2\/product\/8528","targetHints":{"allow":["GET"]}}],"collection":[{"href":"https:\/\/imprentaametros.com\/en\/wp-json\/wp\/v2\/product"}],"about":[{"href":"https:\/\/imprentaametros.com\/en\/wp-json\/wp\/v2\/types\/product"}],"version-history":[{"count":2,"href":"https:\/\/imprentaametros.com\/en\/wp-json\/wp\/v2\/product\/8528\/revisions"}],"predecessor-version":[{"id":16756,"href":"https:\/\/imprentaametros.com\/en\/wp-json\/wp\/v2\/product\/8528\/revisions\/16756"}],"wp:featuredmedia":[{"embeddable":true,"href":"https:\/\/imprentaametros.com\/en\/wp-json\/wp\/v2\/media\/47880"}],"wp:attachment":[{"href":"https:\/\/imprentaametros.com\/en\/wp-json\/wp\/v2\/media?parent=8528"}],"wp:term":[{"taxonomy":"product_brand","embeddable":true,"href":"https:\/\/imprentaametros.com\/en\/wp-json\/wp\/v2\/product_brand?post=8528"},{"taxonomy":"product_cat","embeddable":true,"href":"https:\/\/imprentaametros.com\/en\/wp-json\/wp\/v2\/product_cat?post=8528"},{"taxonomy":"product_tag","embeddable":true,"href":"https:\/\/imprentaametros.com\/en\/wp-json\/wp\/v2\/product_tag?post=8528"}],"curies":[{"name":"wp","href":"https:\/\/api.w.org\/{rel}","templated":true}]}}