{"id":8412,"date":"2026-02-02T14:49:55","date_gmt":"2026-02-02T14:49:55","guid":{"rendered":"https:\/\/imprentamaxspeed2120.live-website.com\/tienda\/sin%20categor\u00eda\/sols-matelot-lsl-kids\/"},"modified":"2026-02-02T14:51:07","modified_gmt":"2026-02-02T14:51:07","slug":"sols-matelot-lsl-kids","status":"publish","type":"product","link":"https:\/\/imprentaametros.com\/en\/tienda\/textil\/camiseta\/sols-matelot-lsl-kids\/","title":{"rendered":"SOL&#8217;S MATELOT LSL KIDS"},"content":{"rendered":"<p><span dir=\"auto\" style=\"vertical-align: inherit;\"><span dir=\"auto\" style=\"vertical-align: inherit;\"><span dir=\"auto\" style=\"vertical-align: inherit;\"><span dir=\"auto\" style=\"vertical-align: inherit;\"><span dir=\"auto\" style=\"vertical-align: inherit;\"><span dir=\"auto\" style=\"vertical-align: inherit;\"><span dir=\"auto\" style=\"vertical-align: inherit;\"><span dir=\"auto\" style=\"vertical-align: inherit;\">Cuello redondo &#8211; Corte recto &#8211; Cortado y cosido &#8211; Rayas aplicadasEsta camiseta marinera es una prenda emblem\u00e1tica del vestuario que ofrece comodidad y estilo.<\/span><\/span><\/span><\/span><\/span><\/span><\/span><\/span><\/p>\n<p><span dir=\"auto\" style=\"vertical-align: inherit;\"><span dir=\"auto\" style=\"vertical-align: inherit;\"><span dir=\"auto\" style=\"vertical-align: inherit;\"><span dir=\"auto\" style=\"vertical-align: inherit;\"><span dir=\"auto\" style=\"vertical-align: inherit;\"><span dir=\"auto\" style=\"vertical-align: inherit;\"><span dir=\"auto\" style=\"vertical-align: inherit;\"><span dir=\"auto\" style=\"vertical-align: inherit;\">100% algod\u00f3n peinado Ringspun &#8211; Enriquecido mediante un tratamiento enzim\u00e1tico para un tacto m\u00e1s suave<\/span><\/span><\/span><\/span><\/span><\/span><\/span><\/span><\/p>\n<p><span dir=\"auto\" style=\"vertical-align: inherit;\"><span dir=\"auto\" style=\"vertical-align: inherit;\"><\/span><\/span><\/p>","protected":false},"excerpt":{"rendered":"<p>Cuello redondo &#8211; Corte recto &#8211; Cortado y cosido &#8211; Rayas aplicadasEsta camiseta marinera es una prenda emblem\u00e1tica del vestuario que ofrece comodidad y estilo. 100% algod\u00f3n peinado Ringspun &#8211; Enriquecido mediante un tratamiento enzim\u00e1tico para un tacto m\u00e1s suave<\/p>","protected":false},"featured_media":2775,"template":"","meta":[],"product_brand":[26],"product_cat":[97],"product_tag":[],"class_list":{"0":"post-8412","1":"product","2":"type-product","3":"status-publish","4":"has-post-thumbnail","6":"product_brand-sols","7":"product_cat-camiseta","8":"pa_color-blanco-azul-marino","9":"pa_color-french-marino-blanco","10":"pa_ficha-tecnica-https-mcprod-sologroup-paris-com-default-pdfpublication-pdf-product-sku-03101-store-21-type-template_map","11":"pa_genero-nino","12":"pa_talla-04a","13":"pa_talla-06a","14":"pa_talla-08a","15":"pa_talla-10a","16":"pa_talla-12a","18":"first","19":"instock","20":"purchasable","21":"product-type-variable","22":"wvs-archive-product-wrapper"},"_links":{"self":[{"href":"https:\/\/imprentaametros.com\/en\/wp-json\/wp\/v2\/product\/8412","targetHints":{"allow":["GET"]}}],"collection":[{"href":"https:\/\/imprentaametros.com\/en\/wp-json\/wp\/v2\/product"}],"about":[{"href":"https:\/\/imprentaametros.com\/en\/wp-json\/wp\/v2\/types\/product"}],"version-history":[{"count":1,"href":"https:\/\/imprentaametros.com\/en\/wp-json\/wp\/v2\/product\/8412\/revisions"}],"predecessor-version":[{"id":8413,"href":"https:\/\/imprentaametros.com\/en\/wp-json\/wp\/v2\/product\/8412\/revisions\/8413"}],"wp:featuredmedia":[{"embeddable":true,"href":"https:\/\/imprentaametros.com\/en\/wp-json\/wp\/v2\/media\/2775"}],"wp:attachment":[{"href":"https:\/\/imprentaametros.com\/en\/wp-json\/wp\/v2\/media?parent=8412"}],"wp:term":[{"taxonomy":"product_brand","embeddable":true,"href":"https:\/\/imprentaametros.com\/en\/wp-json\/wp\/v2\/product_brand?post=8412"},{"taxonomy":"product_cat","embeddable":true,"href":"https:\/\/imprentaametros.com\/en\/wp-json\/wp\/v2\/product_cat?post=8412"},{"taxonomy":"product_tag","embeddable":true,"href":"https:\/\/imprentaametros.com\/en\/wp-json\/wp\/v2\/product_tag?post=8412"}],"curies":[{"name":"wp","href":"https:\/\/api.w.org\/{rel}","templated":true}]}}