{"id":6824,"date":"2026-02-02T14:05:47","date_gmt":"2026-02-02T14:05:47","guid":{"rendered":"https:\/\/imprentamaxspeed2120.live-website.com\/tienda\/sin%20categor\u00eda\/sols-miles-baby\/"},"modified":"2026-02-02T14:06:59","modified_gmt":"2026-02-02T14:06:59","slug":"sols-miles-baby","status":"publish","type":"product","link":"https:\/\/imprentaametros.com\/en\/tienda\/textil\/camiseta\/sols-miles-baby\/","title":{"rendered":"SOL&#8217;S MILES BABY"},"content":{"rendered":"<p><span dir=\"auto\" style=\"vertical-align: inherit;\"><span dir=\"auto\" style=\"vertical-align: inherit;\"><span dir=\"auto\" style=\"vertical-align: inherit;\"><span dir=\"auto\" style=\"vertical-align: inherit;\"><span dir=\"auto\" style=\"vertical-align: inherit;\"><span dir=\"auto\" style=\"vertical-align: inherit;\"><span dir=\"auto\" style=\"vertical-align: inherit;\"><span dir=\"auto\" style=\"vertical-align: inherit;\">Ribeteado en el cuello &#8211; Cuello americano &#8211; Bies contrastada &#8211; Botones de presi\u00f3n en la entrepierna Prenda eterna, cl\u00e1sica y siempre a la moda, con sus calidades excelentes: el algod\u00f3n peinado y las rayas tejidas.<\/span><\/span><\/span><\/span><\/span><\/span><\/span><\/span><\/p>\n<p><span dir=\"auto\" style=\"vertical-align: inherit;\"><span dir=\"auto\" style=\"vertical-align: inherit;\"><span dir=\"auto\" style=\"vertical-align: inherit;\"><span dir=\"auto\" style=\"vertical-align: inherit;\"><span dir=\"auto\" style=\"vertical-align: inherit;\"><span dir=\"auto\" style=\"vertical-align: inherit;\"><span dir=\"auto\" style=\"vertical-align: inherit;\"><span dir=\"auto\" style=\"vertical-align: inherit;\">100% algod\u00f3n peinado Ringspun<\/span><\/span><\/span><\/span><\/span><\/span><\/span><\/span><\/p>\n<p><span dir=\"auto\" style=\"vertical-align: inherit;\"><span dir=\"auto\" style=\"vertical-align: inherit;\"><\/span><\/span><\/p>","protected":false},"excerpt":{"rendered":"<p>Ribeteado en el cuello &#8211; Cuello americano &#8211; Bies contrastada &#8211; Botones de presi\u00f3n en la entrepierna Prenda eterna, cl\u00e1sica y siempre a la moda, con sus calidades excelentes: el algod\u00f3n peinado y las rayas tejidas. 100% algod\u00f3n peinado Ringspun<\/p>","protected":false},"featured_media":1096,"template":"","meta":[],"product_brand":[26],"product_cat":[97],"product_tag":[],"class_list":{"0":"post-6824","1":"product","2":"type-product","3":"status-publish","4":"has-post-thumbnail","6":"product_brand-sols","7":"product_cat-camiseta","8":"pa_color-blanco-azul-marino","9":"pa_color-blanco-rojo","10":"pa_ficha-tecnica-https-mcprod-sologroup-paris-com-default-pdfpublication-pdf-product-sku-01401-store-21-type-template_map","11":"pa_genero-nino","12":"pa_talla-06m","13":"pa_talla-12m","14":"pa_talla-18m","15":"pa_talla-23m","17":"first","18":"instock","19":"purchasable","20":"product-type-variable","21":"wvs-archive-product-wrapper"},"_links":{"self":[{"href":"https:\/\/imprentaametros.com\/en\/wp-json\/wp\/v2\/product\/6824","targetHints":{"allow":["GET"]}}],"collection":[{"href":"https:\/\/imprentaametros.com\/en\/wp-json\/wp\/v2\/product"}],"about":[{"href":"https:\/\/imprentaametros.com\/en\/wp-json\/wp\/v2\/types\/product"}],"version-history":[{"count":1,"href":"https:\/\/imprentaametros.com\/en\/wp-json\/wp\/v2\/product\/6824\/revisions"}],"predecessor-version":[{"id":6825,"href":"https:\/\/imprentaametros.com\/en\/wp-json\/wp\/v2\/product\/6824\/revisions\/6825"}],"wp:featuredmedia":[{"embeddable":true,"href":"https:\/\/imprentaametros.com\/en\/wp-json\/wp\/v2\/media\/1096"}],"wp:attachment":[{"href":"https:\/\/imprentaametros.com\/en\/wp-json\/wp\/v2\/media?parent=6824"}],"wp:term":[{"taxonomy":"product_brand","embeddable":true,"href":"https:\/\/imprentaametros.com\/en\/wp-json\/wp\/v2\/product_brand?post=6824"},{"taxonomy":"product_cat","embeddable":true,"href":"https:\/\/imprentaametros.com\/en\/wp-json\/wp\/v2\/product_cat?post=6824"},{"taxonomy":"product_tag","embeddable":true,"href":"https:\/\/imprentaametros.com\/en\/wp-json\/wp\/v2\/product_tag?post=6824"}],"curies":[{"name":"wp","href":"https:\/\/api.w.org\/{rel}","templated":true}]}}