{"id":47389,"date":"2026-02-27T09:54:04","date_gmt":"2026-02-27T09:54:04","guid":{"rendered":"https:\/\/imprentaametros.com\/tienda\/sin%20categor\u00eda\/sols-galaxy-men\/"},"modified":"2026-02-27T09:55:54","modified_gmt":"2026-02-27T09:55:54","slug":"sols-galaxy-men","status":"publish","type":"product","link":"https:\/\/imprentaametros.com\/en\/tienda\/jersey\/sols-galaxy-men\/","title":{"rendered":"SOL&#8217;S GALAXY MEN"},"content":{"rendered":"<p><span dir=\"auto\" style=\"vertical-align: inherit;\"><span dir=\"auto\" style=\"vertical-align: inherit;\"><span dir=\"auto\" style=\"vertical-align: inherit;\"><span dir=\"auto\" style=\"vertical-align: inherit;\"><span dir=\"auto\" style=\"vertical-align: inherit;\"><span dir=\"auto\" style=\"vertical-align: inherit;\"><span dir=\"auto\" style=\"vertical-align: inherit;\"><span dir=\"auto\" style=\"vertical-align: inherit;\">Mangas montadas &#8211; Pu\u00f1os y bajo acanalados &#8211; Sisas de moda Su tejido de punto liso acr\u00edlico y algod\u00f3n proporciona calor y comodidad.<\/span><\/span><\/span><\/span><\/span><\/span><\/span><\/span><\/p>\n<p><span dir=\"auto\" style=\"vertical-align: inherit;\"><span dir=\"auto\" style=\"vertical-align: inherit;\"><span dir=\"auto\" style=\"vertical-align: inherit;\"><span dir=\"auto\" style=\"vertical-align: inherit;\"><span dir=\"auto\" style=\"vertical-align: inherit;\"><span dir=\"auto\" style=\"vertical-align: inherit;\"><span dir=\"auto\" style=\"vertical-align: inherit;\"><span dir=\"auto\" style=\"vertical-align: inherit;\">Galga 12 &#8211; 49% algod\u00f3n &#8211; 49% acr\u00edlico &#8211; 2% poliamida<\/span><\/span><\/span><\/span><\/span><\/span><\/span><\/span><\/p>\n<p><span dir=\"auto\" style=\"vertical-align: inherit;\"><span dir=\"auto\" style=\"vertical-align: inherit;\"><\/span><\/span><\/p>","protected":false},"excerpt":{"rendered":"<p>Mangas montadas &#8211; Pu\u00f1os y bajo acanalados &#8211; Sisas de moda Su tejido de punto liso acr\u00edlico y algod\u00f3n proporciona calor y comodidad. Galga 12 &#8211; 49% algod\u00f3n &#8211; 49% acr\u00edlico &#8211; 2% poliamida<\/p>","protected":false},"featured_media":47392,"template":"","meta":[],"product_brand":[26],"product_cat":[1171],"product_tag":[],"class_list":{"0":"post-47389","1":"product","2":"type-product","3":"status-publish","4":"has-post-thumbnail","6":"product_brand-sols","7":"product_cat-jersey","8":"pa_color-azul-marino","9":"pa_color-gris-medio","10":"pa_color-negro","11":"pa_color-rojo","12":"pa_ficha-tecnica-bangladesh","13":"pa_genero-hombre","14":"pa_talla-3xl","15":"pa_talla-l","16":"pa_talla-m","17":"pa_talla-s","18":"pa_talla-xl","19":"pa_talla-xxl","21":"first","22":"instock","23":"purchasable","24":"product-type-variable","25":"wvs-archive-product-wrapper"},"_links":{"self":[{"href":"https:\/\/imprentaametros.com\/en\/wp-json\/wp\/v2\/product\/47389","targetHints":{"allow":["GET"]}}],"collection":[{"href":"https:\/\/imprentaametros.com\/en\/wp-json\/wp\/v2\/product"}],"about":[{"href":"https:\/\/imprentaametros.com\/en\/wp-json\/wp\/v2\/types\/product"}],"version-history":[{"count":1,"href":"https:\/\/imprentaametros.com\/en\/wp-json\/wp\/v2\/product\/47389\/revisions"}],"predecessor-version":[{"id":47390,"href":"https:\/\/imprentaametros.com\/en\/wp-json\/wp\/v2\/product\/47389\/revisions\/47390"}],"wp:featuredmedia":[{"embeddable":true,"href":"https:\/\/imprentaametros.com\/en\/wp-json\/wp\/v2\/media\/47392"}],"wp:attachment":[{"href":"https:\/\/imprentaametros.com\/en\/wp-json\/wp\/v2\/media?parent=47389"}],"wp:term":[{"taxonomy":"product_brand","embeddable":true,"href":"https:\/\/imprentaametros.com\/en\/wp-json\/wp\/v2\/product_brand?post=47389"},{"taxonomy":"product_cat","embeddable":true,"href":"https:\/\/imprentaametros.com\/en\/wp-json\/wp\/v2\/product_cat?post=47389"},{"taxonomy":"product_tag","embeddable":true,"href":"https:\/\/imprentaametros.com\/en\/wp-json\/wp\/v2\/product_tag?post=47389"}],"curies":[{"name":"wp","href":"https:\/\/api.w.org\/{rel}","templated":true}]}}