{"id":46760,"date":"2026-02-25T17:28:30","date_gmt":"2026-02-25T17:28:30","guid":{"rendered":"https:\/\/imprentaametros.com\/tienda\/sin%20categor\u00eda\/sols-shift\/"},"modified":"2026-02-25T17:33:12","modified_gmt":"2026-02-25T17:33:12","slug":"sols-shift","status":"publish","type":"product","link":"https:\/\/imprentaametros.com\/en\/tienda\/textil\/cortavientos\/sols-shift\/","title":{"rendered":"SOL&#8217;S SHIFT"},"content":{"rendered":"<p><span dir=\"auto\" style=\"vertical-align: inherit;\"><span dir=\"auto\" style=\"vertical-align: inherit;\"><span dir=\"auto\" style=\"vertical-align: inherit;\"><span dir=\"auto\" style=\"vertical-align: inherit;\"><span dir=\"auto\" style=\"vertical-align: inherit;\"><span dir=\"auto\" style=\"vertical-align: inherit;\"><span dir=\"auto\" style=\"vertical-align: inherit;\"><span dir=\"auto\" style=\"vertical-align: inherit;\">Apertura con cremallera &#8211; Cuello de velcro con capucha interior &#8211; Cord\u00f3n de ajuste en la capucha y en la parte inferior de la prenda &#8211; Pu\u00f1os el\u00e1sticos &#8211; 2 bolsillos con cremallera<\/span><\/span><\/span><\/span><\/span><\/span><\/span><\/span><\/p>\n<p><span dir=\"auto\" style=\"vertical-align: inherit;\"><span dir=\"auto\" style=\"vertical-align: inherit;\"><span dir=\"auto\" style=\"vertical-align: inherit;\"><span dir=\"auto\" style=\"vertical-align: inherit;\"><span dir=\"auto\" style=\"vertical-align: inherit;\"><span dir=\"auto\" style=\"vertical-align: inherit;\"><span dir=\"auto\" style=\"vertical-align: inherit;\"><span dir=\"auto\" style=\"vertical-align: inherit;\">100% poli\u00e9ster<\/span><\/span><\/span><\/span><\/span><\/span><\/span><\/span><\/p>\n<p><span dir=\"auto\" style=\"vertical-align: inherit;\"><span dir=\"auto\" style=\"vertical-align: inherit;\"><\/span><\/span><\/p>","protected":false},"excerpt":{"rendered":"<p>Apertura con cremallera &#8211; Cuello de velcro con capucha interior &#8211; Cord\u00f3n de ajuste en la capucha y en la parte inferior de la prenda &#8211; Pu\u00f1os el\u00e1sticos &#8211; 2 bolsillos con cremallera 100% poli\u00e9ster<\/p>","protected":false},"featured_media":46763,"template":"","meta":[],"product_brand":[26],"product_cat":[1044],"product_tag":[],"class_list":{"0":"post-46760","1":"product","2":"type-product","3":"status-publish","4":"has-post-thumbnail","6":"product_brand-sols","7":"product_cat-cortavientos","8":"pa_color-amarillo","9":"pa_color-aqua","10":"pa_color-azul-royal","11":"pa_color-blanco","12":"pa_color-french-marino","13":"pa_color-lima","14":"pa_color-naranja","15":"pa_color-negro","16":"pa_color-rojo","17":"pa_color-verde-bosque","18":"pa_ficha-tecnica-https-mcprod-sologroup-paris-com-default-pdfpublication-pdf-product-sku-01618-store-21-type-template_map","19":"pa_genero-unisex","20":"pa_talla-3xl","21":"pa_talla-l","22":"pa_talla-m","23":"pa_talla-s","24":"pa_talla-xl","25":"pa_talla-xs","26":"pa_talla-xxl","28":"first","29":"instock","30":"purchasable","31":"product-type-variable","32":"wvs-archive-product-wrapper"},"_links":{"self":[{"href":"https:\/\/imprentaametros.com\/en\/wp-json\/wp\/v2\/product\/46760","targetHints":{"allow":["GET"]}}],"collection":[{"href":"https:\/\/imprentaametros.com\/en\/wp-json\/wp\/v2\/product"}],"about":[{"href":"https:\/\/imprentaametros.com\/en\/wp-json\/wp\/v2\/types\/product"}],"version-history":[{"count":1,"href":"https:\/\/imprentaametros.com\/en\/wp-json\/wp\/v2\/product\/46760\/revisions"}],"predecessor-version":[{"id":46761,"href":"https:\/\/imprentaametros.com\/en\/wp-json\/wp\/v2\/product\/46760\/revisions\/46761"}],"wp:featuredmedia":[{"embeddable":true,"href":"https:\/\/imprentaametros.com\/en\/wp-json\/wp\/v2\/media\/46763"}],"wp:attachment":[{"href":"https:\/\/imprentaametros.com\/en\/wp-json\/wp\/v2\/media?parent=46760"}],"wp:term":[{"taxonomy":"product_brand","embeddable":true,"href":"https:\/\/imprentaametros.com\/en\/wp-json\/wp\/v2\/product_brand?post=46760"},{"taxonomy":"product_cat","embeddable":true,"href":"https:\/\/imprentaametros.com\/en\/wp-json\/wp\/v2\/product_cat?post=46760"},{"taxonomy":"product_tag","embeddable":true,"href":"https:\/\/imprentaametros.com\/en\/wp-json\/wp\/v2\/product_tag?post=46760"}],"curies":[{"name":"wp","href":"https:\/\/api.w.org\/{rel}","templated":true}]}}