{"id":46672,"date":"2026-02-25T17:25:20","date_gmt":"2026-02-25T17:25:20","guid":{"rendered":"https:\/\/imprentaametros.com\/tienda\/sin%20categor\u00eda\/sols-shore\/"},"modified":"2026-02-25T17:27:16","modified_gmt":"2026-02-25T17:27:16","slug":"sols-shore","status":"publish","type":"product","link":"https:\/\/imprentaametros.com\/en\/tienda\/textil\/cortavientos\/sols-shore\/","title":{"rendered":"SOL&#8217;S SHORE"},"content":{"rendered":"<p><span dir=\"auto\" style=\"vertical-align: inherit;\"><span dir=\"auto\" style=\"vertical-align: inherit;\"><span dir=\"auto\" style=\"vertical-align: inherit;\"><span dir=\"auto\" style=\"vertical-align: inherit;\"><span dir=\"auto\" style=\"vertical-align: inherit;\"><span dir=\"auto\" style=\"vertical-align: inherit;\"><span dir=\"auto\" style=\"vertical-align: inherit;\"><span dir=\"auto\" style=\"vertical-align: inherit;\">Abertura con cremallera contrastada &#8211; El\u00e1stico en los pu\u00f1os, la capucha y la parte inferior &#8211; Bolsillos laterales con cremallera contrastada &#8211; Mangas ragl\u00e1n &#8211; Sistema de plegado en bolsa, para plegar la chaqueta en su bolsilloChaqueta cortavientos de tendencia con colores fashion, cremalleras en contraste y sistema que permite doblarla y guardarla en su bolsillo<\/span><\/span><\/span><\/span><\/span><\/span><\/span><\/span><\/p>\n<p><span dir=\"auto\" style=\"vertical-align: inherit;\"><span dir=\"auto\" style=\"vertical-align: inherit;\"><span dir=\"auto\" style=\"vertical-align: inherit;\"><span dir=\"auto\" style=\"vertical-align: inherit;\"><span dir=\"auto\" style=\"vertical-align: inherit;\"><span dir=\"auto\" style=\"vertical-align: inherit;\"><span dir=\"auto\" style=\"vertical-align: inherit;\"><span dir=\"auto\" style=\"vertical-align: inherit;\">100% poliamida<\/span><\/span><\/span><\/span><\/span><\/span><\/span><\/span><\/p>\n<p><span dir=\"auto\" style=\"vertical-align: inherit;\"><span dir=\"auto\" style=\"vertical-align: inherit;\"><\/span><\/span><\/p>","protected":false},"excerpt":{"rendered":"<p>Abertura con cremallera contrastada &#8211; El\u00e1stico en los pu\u00f1os, la capucha y la parte inferior &#8211; Bolsillos laterales con cremallera contrastada &#8211; Mangas ragl\u00e1n &#8211; Sistema de plegado en bolsa, para plegar la chaqueta en su bolsilloChaqueta cortavientos de tendencia con colores fashion, cremalleras en contraste y sistema que permite doblarla y guardarla en su [&hellip;]<\/p>\n","protected":false},"featured_media":46675,"template":"","meta":[],"product_brand":[26],"product_cat":[1044],"product_tag":[],"class_list":{"0":"post-46672","1":"product","2":"type-product","3":"status-publish","4":"has-post-thumbnail","6":"product_brand-sols","7":"product_cat-cortavientos","8":"pa_color-azul-marino","9":"pa_color-azul-royal","10":"pa_color-rojo","11":"pa_ficha-tecnica-https-mcprod-sologroup-paris-com-default-pdfpublication-pdf-product-sku-01169-store-21-type-template_map","12":"pa_genero-unisex","13":"pa_talla-3xl","14":"pa_talla-l","15":"pa_talla-m","16":"pa_talla-s","17":"pa_talla-xl","18":"pa_talla-xs","19":"pa_talla-xxl","21":"first","22":"instock","23":"purchasable","24":"product-type-variable","25":"wvs-archive-product-wrapper"},"_links":{"self":[{"href":"https:\/\/imprentaametros.com\/en\/wp-json\/wp\/v2\/product\/46672","targetHints":{"allow":["GET"]}}],"collection":[{"href":"https:\/\/imprentaametros.com\/en\/wp-json\/wp\/v2\/product"}],"about":[{"href":"https:\/\/imprentaametros.com\/en\/wp-json\/wp\/v2\/types\/product"}],"version-history":[{"count":1,"href":"https:\/\/imprentaametros.com\/en\/wp-json\/wp\/v2\/product\/46672\/revisions"}],"predecessor-version":[{"id":46673,"href":"https:\/\/imprentaametros.com\/en\/wp-json\/wp\/v2\/product\/46672\/revisions\/46673"}],"wp:featuredmedia":[{"embeddable":true,"href":"https:\/\/imprentaametros.com\/en\/wp-json\/wp\/v2\/media\/46675"}],"wp:attachment":[{"href":"https:\/\/imprentaametros.com\/en\/wp-json\/wp\/v2\/media?parent=46672"}],"wp:term":[{"taxonomy":"product_brand","embeddable":true,"href":"https:\/\/imprentaametros.com\/en\/wp-json\/wp\/v2\/product_brand?post=46672"},{"taxonomy":"product_cat","embeddable":true,"href":"https:\/\/imprentaametros.com\/en\/wp-json\/wp\/v2\/product_cat?post=46672"},{"taxonomy":"product_tag","embeddable":true,"href":"https:\/\/imprentaametros.com\/en\/wp-json\/wp\/v2\/product_tag?post=46672"}],"curies":[{"name":"wp","href":"https:\/\/api.w.org\/{rel}","templated":true}]}}