{"id":46389,"date":"2026-02-25T13:26:18","date_gmt":"2026-02-25T13:26:18","guid":{"rendered":"https:\/\/imprentaametros.com\/tienda\/sin%20categor\u00eda\/neoblu-edgar\/"},"modified":"2026-02-25T13:26:49","modified_gmt":"2026-02-25T13:26:49","slug":"neoblu-edgar","status":"publish","type":"product","link":"https:\/\/imprentaametros.com\/en\/tienda\/textil\/delantal\/neoblu-edgar\/","title":{"rendered":"NEOBLU EDGAR"},"content":{"rendered":"<p><span dir=\"auto\" style=\"vertical-align: inherit;\"><span dir=\"auto\" style=\"vertical-align: inherit;\"><span dir=\"auto\" style=\"vertical-align: inherit;\"><span dir=\"auto\" style=\"vertical-align: inherit;\"><span dir=\"auto\" style=\"vertical-align: inherit;\"><span dir=\"auto\" style=\"vertical-align: inherit;\"><span dir=\"auto\" style=\"vertical-align: inherit;\"><span dir=\"auto\" style=\"vertical-align: inherit;\">Amplio bolsillo delantero con 2 compartimentos y un bolsillo para utensilios &#8211; Tira de cuello ajustable con autom\u00e1ticos &#8211; Tira larga para atar en la cintura &#8211; 103 cm<\/span><\/span><\/span><\/span><\/span><\/span><\/span><\/span><\/p>\n<p><span dir=\"auto\" style=\"vertical-align: inherit;\"><span dir=\"auto\" style=\"vertical-align: inherit;\"><span dir=\"auto\" style=\"vertical-align: inherit;\"><span dir=\"auto\" style=\"vertical-align: inherit;\"><span dir=\"auto\" style=\"vertical-align: inherit;\"><span dir=\"auto\" style=\"vertical-align: inherit;\"><span dir=\"auto\" style=\"vertical-align: inherit;\"><span dir=\"auto\" style=\"vertical-align: inherit;\">Polialgod\u00f3n &#8211; 65% poli\u00e9ster reciclado &#8211; 35% algod\u00f3n<\/span><\/span><\/span><\/span><\/span><\/span><\/span><\/span><\/p>\n<p><span dir=\"auto\" style=\"vertical-align: inherit;\"><span dir=\"auto\" style=\"vertical-align: inherit;\"><\/span><\/span><\/p>","protected":false},"excerpt":{"rendered":"<p>Amplio bolsillo delantero con 2 compartimentos y un bolsillo para utensilios &#8211; Tira de cuello ajustable con autom\u00e1ticos &#8211; Tira larga para atar en la cintura &#8211; 103 cm Polialgod\u00f3n &#8211; 65% poli\u00e9ster reciclado &#8211; 35% algod\u00f3n<\/p>","protected":false},"featured_media":46392,"template":"","meta":[],"product_brand":[70],"product_cat":[1060],"product_tag":[],"class_list":{"0":"post-46389","1":"product","2":"type-product","3":"status-publish","4":"has-post-thumbnail","6":"product_brand-neoblu","7":"product_cat-delantal","8":"pa_color-negro-profundo","9":"pa_ficha-tecnica-bangladesh","10":"pa_genero-unisex","11":"pa_talla-tun","13":"first","14":"instock","15":"purchasable","16":"product-type-variable","17":"wvs-archive-product-wrapper"},"_links":{"self":[{"href":"https:\/\/imprentaametros.com\/en\/wp-json\/wp\/v2\/product\/46389","targetHints":{"allow":["GET"]}}],"collection":[{"href":"https:\/\/imprentaametros.com\/en\/wp-json\/wp\/v2\/product"}],"about":[{"href":"https:\/\/imprentaametros.com\/en\/wp-json\/wp\/v2\/types\/product"}],"version-history":[{"count":1,"href":"https:\/\/imprentaametros.com\/en\/wp-json\/wp\/v2\/product\/46389\/revisions"}],"predecessor-version":[{"id":46390,"href":"https:\/\/imprentaametros.com\/en\/wp-json\/wp\/v2\/product\/46389\/revisions\/46390"}],"wp:featuredmedia":[{"embeddable":true,"href":"https:\/\/imprentaametros.com\/en\/wp-json\/wp\/v2\/media\/46392"}],"wp:attachment":[{"href":"https:\/\/imprentaametros.com\/en\/wp-json\/wp\/v2\/media?parent=46389"}],"wp:term":[{"taxonomy":"product_brand","embeddable":true,"href":"https:\/\/imprentaametros.com\/en\/wp-json\/wp\/v2\/product_brand?post=46389"},{"taxonomy":"product_cat","embeddable":true,"href":"https:\/\/imprentaametros.com\/en\/wp-json\/wp\/v2\/product_cat?post=46389"},{"taxonomy":"product_tag","embeddable":true,"href":"https:\/\/imprentaametros.com\/en\/wp-json\/wp\/v2\/product_tag?post=46389"}],"curies":[{"name":"wp","href":"https:\/\/api.w.org\/{rel}","templated":true}]}}