{"id":19488,"date":"2026-02-19T07:58:00","date_gmt":"2026-02-19T07:58:00","guid":{"rendered":"https:\/\/imprentaametroshighs4120.live-website.com\/tienda\/sin%20categor\u00eda\/neoblu-teddy\/"},"modified":"2026-02-21T09:16:49","modified_gmt":"2026-02-21T09:16:49","slug":"neoblu-teddy","status":"publish","type":"product","link":"https:\/\/imprentaametros.com\/en\/tienda\/textil\/corbatas-y-pajaritas\/neoblu-teddy\/","title":{"rendered":"NEOBLU TEDDY"},"content":{"rendered":"<p><span dir=\"auto\" style=\"vertical-align: inherit;\"><span dir=\"auto\" style=\"vertical-align: inherit;\"><span dir=\"auto\" style=\"vertical-align: inherit;\"><span dir=\"auto\" style=\"vertical-align: inherit;\"><span dir=\"auto\" style=\"vertical-align: inherit;\"><span dir=\"auto\" style=\"vertical-align: inherit;\"><span dir=\"auto\" style=\"vertical-align: inherit;\"><span dir=\"auto\" style=\"vertical-align: inherit;\">Preanudada &#8211; Cierre de broche Ya no hace falta ser experto en nudos con nuestro nudo ya hecho. Innegablemente m\u00e1s r\u00e1pida y f\u00e1cil de llevar, le permitir\u00e1 lucir chic y elegante en cualquier ocasi\u00f3n.<\/span><\/span><\/span><\/span><\/span><\/span><\/span><\/span><\/p>\n<p><span dir=\"auto\" style=\"vertical-align: inherit;\"><span dir=\"auto\" style=\"vertical-align: inherit;\"><span dir=\"auto\" style=\"vertical-align: inherit;\"><span dir=\"auto\" style=\"vertical-align: inherit;\"><span dir=\"auto\" style=\"vertical-align: inherit;\"><span dir=\"auto\" style=\"vertical-align: inherit;\"><span dir=\"auto\" style=\"vertical-align: inherit;\"><span dir=\"auto\" style=\"vertical-align: inherit;\">100% poli\u00e9ster<\/span><\/span><\/span><\/span><\/span><\/span><\/span><\/span><\/p>\n<p><span dir=\"auto\" style=\"vertical-align: inherit;\"><span dir=\"auto\" style=\"vertical-align: inherit;\"><\/span><\/span><\/p>","protected":false},"excerpt":{"rendered":"<p>Preanudada &#8211; Cierre de broche Ya no hace falta ser experto en nudos con nuestro nudo ya hecho. Innegablemente m\u00e1s r\u00e1pida y f\u00e1cil de llevar, le permitir\u00e1 lucir chic y elegante en cualquier ocasi\u00f3n. 100% poli\u00e9ster<\/p>","protected":false},"featured_media":19491,"template":"","meta":[],"product_brand":[70],"product_cat":[1039,585],"product_tag":[],"class_list":{"0":"post-19488","1":"product","2":"type-product","3":"status-publish","4":"has-post-thumbnail","6":"product_brand-neoblu","7":"product_cat-corbatas-y-pajaritas","8":"product_cat-textil","9":"pa_color-negro-profundo","10":"pa_color-noche","11":"pa_ficha-tecnica-https-mcprod-sologroup-paris-com-default-pdfpublication-pdf-product-sku-03201-store-21-type-template_map","12":"pa_genero-unisex","13":"pa_talla-tun","15":"first","16":"instock","17":"purchasable","18":"product-type-variable","19":"wvs-archive-product-wrapper"},"_links":{"self":[{"href":"https:\/\/imprentaametros.com\/en\/wp-json\/wp\/v2\/product\/19488","targetHints":{"allow":["GET"]}}],"collection":[{"href":"https:\/\/imprentaametros.com\/en\/wp-json\/wp\/v2\/product"}],"about":[{"href":"https:\/\/imprentaametros.com\/en\/wp-json\/wp\/v2\/types\/product"}],"version-history":[{"count":1,"href":"https:\/\/imprentaametros.com\/en\/wp-json\/wp\/v2\/product\/19488\/revisions"}],"predecessor-version":[{"id":19489,"href":"https:\/\/imprentaametros.com\/en\/wp-json\/wp\/v2\/product\/19488\/revisions\/19489"}],"wp:featuredmedia":[{"embeddable":true,"href":"https:\/\/imprentaametros.com\/en\/wp-json\/wp\/v2\/media\/19491"}],"wp:attachment":[{"href":"https:\/\/imprentaametros.com\/en\/wp-json\/wp\/v2\/media?parent=19488"}],"wp:term":[{"taxonomy":"product_brand","embeddable":true,"href":"https:\/\/imprentaametros.com\/en\/wp-json\/wp\/v2\/product_brand?post=19488"},{"taxonomy":"product_cat","embeddable":true,"href":"https:\/\/imprentaametros.com\/en\/wp-json\/wp\/v2\/product_cat?post=19488"},{"taxonomy":"product_tag","embeddable":true,"href":"https:\/\/imprentaametros.com\/en\/wp-json\/wp\/v2\/product_tag?post=19488"}],"curies":[{"name":"wp","href":"https:\/\/api.w.org\/{rel}","templated":true}]}}