{"id":19339,"date":"2026-02-19T07:41:26","date_gmt":"2026-02-19T07:41:26","guid":{"rendered":"https:\/\/imprentaametroshighs4120.live-website.com\/tienda\/sin%20categor\u00eda\/sols-wells\/"},"modified":"2026-02-21T09:16:53","modified_gmt":"2026-02-21T09:16:53","slug":"sols-wells","status":"publish","type":"product","link":"https:\/\/imprentaametros.com\/en\/tienda\/textil\/chaleco-acolchado\/sols-wells\/","title":{"rendered":"SOL&#8217;S WELLS"},"content":{"rendered":"<p><span dir=\"auto\" style=\"vertical-align: inherit;\"><span dir=\"auto\" style=\"vertical-align: inherit;\"><span dir=\"auto\" style=\"vertical-align: inherit;\"><span dir=\"auto\" style=\"vertical-align: inherit;\"><span dir=\"auto\" style=\"vertical-align: inherit;\"><span dir=\"auto\" style=\"vertical-align: inherit;\"><span dir=\"auto\" style=\"vertical-align: inherit;\"><span dir=\"auto\" style=\"vertical-align: inherit;\">Cuello alto de forro polar con doble broche de presi\u00f3n &#8211; 2 bolsillos delanteros con abertura lateral, reforzados por 2 remaches y abertura superior con solapa, 2 bolsillos en el pecho y 1 bolsillo interior &#8211; Cord\u00f3n el\u00e1stico interior en la cintura &#8211; Sisas ajustadas resistentes al viento &#8211; 2 cremalleras laterales para mayor libertad de movimiento &#8211; Prenda resistente, realizada en Ripstop, con bolsillos reforzados. &#8211; &#8211; Comodidad y libertad de movimiento gracias a las sisas el\u00e1sticas, las cremalleras laterales, el cuello forrado en tejido polar y el cord\u00f3n de ajuste interior. &#8211; &#8211; Destinada a todo tipo de mercado y a las campa\u00f1as centradas en el \u00e1mbito de las prendas laborales.<\/span><\/span><\/span><\/span><\/span><\/span><\/span><\/span><\/p>\n<p><span dir=\"auto\" style=\"vertical-align: inherit;\"><span dir=\"auto\" style=\"vertical-align: inherit;\"><span dir=\"auto\" style=\"vertical-align: inherit;\"><span dir=\"auto\" style=\"vertical-align: inherit;\"><span dir=\"auto\" style=\"vertical-align: inherit;\"><span dir=\"auto\" style=\"vertical-align: inherit;\"><span dir=\"auto\" style=\"vertical-align: inherit;\"><span dir=\"auto\" style=\"vertical-align: inherit;\">100% poliamida \u00abMilky\u00bb &#8211; Forro y acolchado: 100% poli\u00e9ster<\/span><\/span><\/span><\/span><\/span><\/span><\/span><\/span><\/p>\n<p><span dir=\"auto\" style=\"vertical-align: inherit;\"><span dir=\"auto\" style=\"vertical-align: inherit;\"><\/span><\/span><\/p>","protected":false},"excerpt":{"rendered":"<p>Cuello alto de forro polar con doble broche de presi\u00f3n &#8211; 2 bolsillos delanteros con abertura lateral, reforzados por 2 remaches y abertura superior con solapa, 2 bolsillos en el pecho y 1 bolsillo interior &#8211; Cord\u00f3n el\u00e1stico interior en la cintura &#8211; Sisas ajustadas resistentes al viento &#8211; 2 cremalleras laterales para mayor libertad [&hellip;]<\/p>\n","protected":false},"featured_media":19342,"template":"","meta":[],"product_brand":[26],"product_cat":[1020,585],"product_tag":[],"class_list":{"0":"post-19339","1":"product","2":"type-product","3":"status-publish","4":"has-post-thumbnail","6":"product_brand-sols","7":"product_cat-chaleco-acolchado","8":"product_cat-textil","9":"pa_color-antracita","10":"pa_color-azul-marino","11":"pa_color-negro","12":"pa_ficha-tecnica-https-mcprod-sologroup-paris-com-default-pdfpublication-pdf-product-sku-59100-store-21-type-template_map","13":"pa_genero-hombre","14":"pa_talla-3xl","15":"pa_talla-4xl","16":"pa_talla-l","17":"pa_talla-m","18":"pa_talla-s","19":"pa_talla-xl","20":"pa_talla-xxl","22":"first","23":"instock","24":"purchasable","25":"product-type-variable","26":"wvs-archive-product-wrapper"},"_links":{"self":[{"href":"https:\/\/imprentaametros.com\/en\/wp-json\/wp\/v2\/product\/19339","targetHints":{"allow":["GET"]}}],"collection":[{"href":"https:\/\/imprentaametros.com\/en\/wp-json\/wp\/v2\/product"}],"about":[{"href":"https:\/\/imprentaametros.com\/en\/wp-json\/wp\/v2\/types\/product"}],"version-history":[{"count":1,"href":"https:\/\/imprentaametros.com\/en\/wp-json\/wp\/v2\/product\/19339\/revisions"}],"predecessor-version":[{"id":19340,"href":"https:\/\/imprentaametros.com\/en\/wp-json\/wp\/v2\/product\/19339\/revisions\/19340"}],"wp:featuredmedia":[{"embeddable":true,"href":"https:\/\/imprentaametros.com\/en\/wp-json\/wp\/v2\/media\/19342"}],"wp:attachment":[{"href":"https:\/\/imprentaametros.com\/en\/wp-json\/wp\/v2\/media?parent=19339"}],"wp:term":[{"taxonomy":"product_brand","embeddable":true,"href":"https:\/\/imprentaametros.com\/en\/wp-json\/wp\/v2\/product_brand?post=19339"},{"taxonomy":"product_cat","embeddable":true,"href":"https:\/\/imprentaametros.com\/en\/wp-json\/wp\/v2\/product_cat?post=19339"},{"taxonomy":"product_tag","embeddable":true,"href":"https:\/\/imprentaametros.com\/en\/wp-json\/wp\/v2\/product_tag?post=19339"}],"curies":[{"name":"wp","href":"https:\/\/api.w.org\/{rel}","templated":true}]}}