{"id":19225,"date":"2026-02-19T07:36:10","date_gmt":"2026-02-19T07:36:10","guid":{"rendered":"https:\/\/imprentaametroshighs4120.live-website.com\/tienda\/sin%20categor\u00eda\/sols-warm\/"},"modified":"2026-02-21T09:16:54","modified_gmt":"2026-02-21T09:16:54","slug":"sols-warm","status":"publish","type":"product","link":"https:\/\/imprentaametros.com\/en\/tienda\/textil\/chaleco-acolchado\/sols-warm\/","title":{"rendered":"SOL&#8217;S WARM"},"content":{"rendered":"<p><span dir=\"auto\" style=\"vertical-align: inherit;\"><span dir=\"auto\" style=\"vertical-align: inherit;\"><span dir=\"auto\" style=\"vertical-align: inherit;\"><span dir=\"auto\" style=\"vertical-align: inherit;\"><span dir=\"auto\" style=\"vertical-align: inherit;\"><span dir=\"auto\" style=\"vertical-align: inherit;\"><span dir=\"auto\" style=\"vertical-align: inherit;\"><span dir=\"auto\" style=\"vertical-align: inherit;\">Abertura con cremallera &#8211; 2 bolsillos Chaleco b\u00e1sico de \u00f3ptima calidad y competitivo. &#8211; Muy amplia superficie para la personalizaci\u00f3n en la espalda.<\/span><\/span><\/span><\/span><\/span><\/span><\/span><\/span><\/p>\n<p><span dir=\"auto\" style=\"vertical-align: inherit;\"><span dir=\"auto\" style=\"vertical-align: inherit;\"><span dir=\"auto\" style=\"vertical-align: inherit;\"><span dir=\"auto\" style=\"vertical-align: inherit;\"><span dir=\"auto\" style=\"vertical-align: inherit;\"><span dir=\"auto\" style=\"vertical-align: inherit;\"><span dir=\"auto\" style=\"vertical-align: inherit;\"><span dir=\"auto\" style=\"vertical-align: inherit;\">100% poliamida \u00a0 &#8211; Forro y acolchado 100% de poli\u00e9ster \u00a0 &#8211; Revestimiento AC<\/span><\/span><\/span><\/span><\/span><\/span><\/span><\/span><\/p>\n<p><span dir=\"auto\" style=\"vertical-align: inherit;\"><span dir=\"auto\" style=\"vertical-align: inherit;\"><\/span><\/span><\/p>","protected":false},"excerpt":{"rendered":"<p>Abertura con cremallera &#8211; 2 bolsillos Chaleco b\u00e1sico de \u00f3ptima calidad y competitivo. &#8211; Muy amplia superficie para la personalizaci\u00f3n en la espalda. 100% poliamida \u00a0 &#8211; Forro y acolchado 100% de poli\u00e9ster \u00a0 &#8211; Revestimiento AC<\/p>","protected":false},"featured_media":19228,"template":"","meta":[],"product_brand":[26],"product_cat":[1020,585],"product_tag":[],"class_list":{"0":"post-19225","1":"product","2":"type-product","3":"status-publish","4":"has-post-thumbnail","6":"product_brand-sols","7":"product_cat-chaleco-acolchado","8":"product_cat-textil","9":"pa_color-antracita","10":"pa_color-azul-marino","11":"pa_color-azul-royal","12":"pa_color-naranja","13":"pa_color-negro","14":"pa_color-rojo","15":"pa_color-verde-bosque","16":"pa_ficha-tecnica-https-mcprod-sologroup-paris-com-default-pdfpublication-pdf-product-sku-44002-store-21-type-template_map","17":"pa_genero-hombre","18":"pa_talla-3xl","19":"pa_talla-4xl","20":"pa_talla-5xl","21":"pa_talla-l","22":"pa_talla-m","23":"pa_talla-s","24":"pa_talla-xl","25":"pa_talla-xxl","27":"first","28":"instock","29":"purchasable","30":"product-type-variable","31":"wvs-archive-product-wrapper"},"_links":{"self":[{"href":"https:\/\/imprentaametros.com\/en\/wp-json\/wp\/v2\/product\/19225","targetHints":{"allow":["GET"]}}],"collection":[{"href":"https:\/\/imprentaametros.com\/en\/wp-json\/wp\/v2\/product"}],"about":[{"href":"https:\/\/imprentaametros.com\/en\/wp-json\/wp\/v2\/types\/product"}],"version-history":[{"count":1,"href":"https:\/\/imprentaametros.com\/en\/wp-json\/wp\/v2\/product\/19225\/revisions"}],"predecessor-version":[{"id":19226,"href":"https:\/\/imprentaametros.com\/en\/wp-json\/wp\/v2\/product\/19225\/revisions\/19226"}],"wp:featuredmedia":[{"embeddable":true,"href":"https:\/\/imprentaametros.com\/en\/wp-json\/wp\/v2\/media\/19228"}],"wp:attachment":[{"href":"https:\/\/imprentaametros.com\/en\/wp-json\/wp\/v2\/media?parent=19225"}],"wp:term":[{"taxonomy":"product_brand","embeddable":true,"href":"https:\/\/imprentaametros.com\/en\/wp-json\/wp\/v2\/product_brand?post=19225"},{"taxonomy":"product_cat","embeddable":true,"href":"https:\/\/imprentaametros.com\/en\/wp-json\/wp\/v2\/product_cat?post=19225"},{"taxonomy":"product_tag","embeddable":true,"href":"https:\/\/imprentaametros.com\/en\/wp-json\/wp\/v2\/product_tag?post=19225"}],"curies":[{"name":"wp","href":"https:\/\/api.w.org\/{rel}","templated":true}]}}