{"id":19055,"date":"2026-02-19T07:29:43","date_gmt":"2026-02-19T07:29:43","guid":{"rendered":"https:\/\/imprentaametroshighs4120.live-website.com\/tienda\/sin%20categor\u00eda\/neoblu-arthur-women\/"},"modified":"2026-02-21T09:16:57","modified_gmt":"2026-02-21T09:16:57","slug":"neoblu-arthur-women","status":"publish","type":"product","link":"https:\/\/imprentaametros.com\/en\/tienda\/textil\/chaleco-acolchado\/neoblu-arthur-women\/","title":{"rendered":"NEOBLU ARTHUR WOMEN"},"content":{"rendered":"<p><span dir=\"auto\" style=\"vertical-align: inherit;\"><span dir=\"auto\" style=\"vertical-align: inherit;\"><span dir=\"auto\" style=\"vertical-align: inherit;\"><span dir=\"auto\" style=\"vertical-align: inherit;\"><span dir=\"auto\" style=\"vertical-align: inherit;\"><span dir=\"auto\" style=\"vertical-align: inherit;\"><span dir=\"auto\" style=\"vertical-align: inherit;\"><span dir=\"auto\" style=\"vertical-align: inherit;\">Cuello de pico &#8211; Abertura con 5 autom\u00e1ticos &#8211; 2 bolsillos delanteros &#8211; Sistema de doblado \u00abin bag\u00bb con topes Ultraligero y c\u00e1lido, este plum\u00edfero sin mangas se ha dise\u00f1ado cuidadosamente para adaptarse a todas las estaciones y actividades. Puede llevarse solo, pero es lo bastante fino como para usarlo como complemento de otra prenda. Una peque\u00f1a ventaja: viene con una bolsa de transporte.<\/span><\/span><\/span><\/span><\/span><\/span><\/span><\/span><\/p>\n<p><span dir=\"auto\" style=\"vertical-align: inherit;\"><span dir=\"auto\" style=\"vertical-align: inherit;\"><span dir=\"auto\" style=\"vertical-align: inherit;\"><span dir=\"auto\" style=\"vertical-align: inherit;\"><span dir=\"auto\" style=\"vertical-align: inherit;\"><span dir=\"auto\" style=\"vertical-align: inherit;\"><span dir=\"auto\" style=\"vertical-align: inherit;\"><span dir=\"auto\" style=\"vertical-align: inherit;\">Tejido exterior y forro: 100%\u00a0poliamida 380T &#8211; Relleno: 100% poli\u00e9ster efecto pluma &#8211; Hidrorepelente<\/span><\/span><\/span><\/span><\/span><\/span><\/span><\/span><\/p>\n<p><span dir=\"auto\" style=\"vertical-align: inherit;\"><span dir=\"auto\" style=\"vertical-align: inherit;\"><\/span><\/span><\/p>","protected":false},"excerpt":{"rendered":"<p>Cuello de pico &#8211; Abertura con 5 autom\u00e1ticos &#8211; 2 bolsillos delanteros &#8211; Sistema de doblado \u00abin bag\u00bb con topes Ultraligero y c\u00e1lido, este plum\u00edfero sin mangas se ha dise\u00f1ado cuidadosamente para adaptarse a todas las estaciones y actividades. Puede llevarse solo, pero es lo bastante fino como para usarlo como complemento de otra prenda. [&hellip;]<\/p>\n","protected":false},"featured_media":19058,"template":"","meta":[],"product_brand":[70],"product_cat":[1020,585],"product_tag":[],"class_list":{"0":"post-19055","1":"product","2":"type-product","3":"status-publish","4":"has-post-thumbnail","6":"product_brand-neoblu","7":"product_cat-chaleco-acolchado","8":"product_cat-textil","9":"pa_color-negro-profundo","10":"pa_color-noche","11":"pa_ficha-tecnica-https-mcprod-sologroup-paris-com-default-pdfpublication-pdf-product-sku-03173-store-21-type-template_map","12":"pa_genero-mujer","13":"pa_talla-3xl","14":"pa_talla-l","15":"pa_talla-m","16":"pa_talla-s","17":"pa_talla-xl","18":"pa_talla-xxl","20":"first","21":"instock","22":"purchasable","23":"product-type-variable","24":"wvs-archive-product-wrapper"},"_links":{"self":[{"href":"https:\/\/imprentaametros.com\/en\/wp-json\/wp\/v2\/product\/19055","targetHints":{"allow":["GET"]}}],"collection":[{"href":"https:\/\/imprentaametros.com\/en\/wp-json\/wp\/v2\/product"}],"about":[{"href":"https:\/\/imprentaametros.com\/en\/wp-json\/wp\/v2\/types\/product"}],"version-history":[{"count":1,"href":"https:\/\/imprentaametros.com\/en\/wp-json\/wp\/v2\/product\/19055\/revisions"}],"predecessor-version":[{"id":19056,"href":"https:\/\/imprentaametros.com\/en\/wp-json\/wp\/v2\/product\/19055\/revisions\/19056"}],"wp:featuredmedia":[{"embeddable":true,"href":"https:\/\/imprentaametros.com\/en\/wp-json\/wp\/v2\/media\/19058"}],"wp:attachment":[{"href":"https:\/\/imprentaametros.com\/en\/wp-json\/wp\/v2\/media?parent=19055"}],"wp:term":[{"taxonomy":"product_brand","embeddable":true,"href":"https:\/\/imprentaametros.com\/en\/wp-json\/wp\/v2\/product_brand?post=19055"},{"taxonomy":"product_cat","embeddable":true,"href":"https:\/\/imprentaametros.com\/en\/wp-json\/wp\/v2\/product_cat?post=19055"},{"taxonomy":"product_tag","embeddable":true,"href":"https:\/\/imprentaametros.com\/en\/wp-json\/wp\/v2\/product_tag?post=19055"}],"curies":[{"name":"wp","href":"https:\/\/api.w.org\/{rel}","templated":true}]}}