{"id":18855,"date":"2026-02-19T07:24:53","date_gmt":"2026-02-19T07:24:53","guid":{"rendered":"https:\/\/imprentaametroshighs4120.live-website.com\/tienda\/sin%20categor\u00eda\/sols-wallace\/"},"modified":"2026-02-21T09:16:59","modified_gmt":"2026-02-21T09:16:59","slug":"sols-wallace","status":"publish","type":"product","link":"https:\/\/imprentaametros.com\/en\/tienda\/textil\/chaleco-acolchado\/sols-wallace\/","title":{"rendered":"SOL&#8217;S WALLACE"},"content":{"rendered":"<p><span dir=\"auto\" style=\"vertical-align: inherit;\"><span dir=\"auto\" style=\"vertical-align: inherit;\"><span dir=\"auto\" style=\"vertical-align: inherit;\"><span dir=\"auto\" style=\"vertical-align: inherit;\"><span dir=\"auto\" style=\"vertical-align: inherit;\"><span dir=\"auto\" style=\"vertical-align: inherit;\"><span dir=\"auto\" style=\"vertical-align: inherit;\"><span dir=\"auto\" style=\"vertical-align: inherit;\">Unisex &#8211; Abertura con cremallera &#8211; 2 bolsillos delanteros con compartimento para el bol\u00edgrafo &#8211; 1 bolsillo interior<\/span><\/span><\/span><\/span><\/span><\/span><\/span><\/span><\/p>\n<p><span dir=\"auto\" style=\"vertical-align: inherit;\"><span dir=\"auto\" style=\"vertical-align: inherit;\"><span dir=\"auto\" style=\"vertical-align: inherit;\"><span dir=\"auto\" style=\"vertical-align: inherit;\"><span dir=\"auto\" style=\"vertical-align: inherit;\"><span dir=\"auto\" style=\"vertical-align: inherit;\"><span dir=\"auto\" style=\"vertical-align: inherit;\"><span dir=\"auto\" style=\"vertical-align: inherit;\">65% poli\u00e9ster &#8211; 35% algod\u00f3n<\/span><\/span><\/span><\/span><\/span><\/span><\/span><\/span><\/p>\n<p><span dir=\"auto\" style=\"vertical-align: inherit;\"><span dir=\"auto\" style=\"vertical-align: inherit;\"><\/span><\/span><\/p>","protected":false},"excerpt":{"rendered":"<p>Unisex &#8211; Abertura con cremallera &#8211; 2 bolsillos delanteros con compartimento para el bol\u00edgrafo &#8211; 1 bolsillo interior 65% poli\u00e9ster &#8211; 35% algod\u00f3n<\/p>","protected":false},"featured_media":18858,"template":"","meta":[],"product_brand":[26],"product_cat":[1020,585],"product_tag":[],"class_list":{"0":"post-18855","1":"product","2":"type-product","3":"status-publish","4":"has-post-thumbnail","6":"product_brand-sols","7":"product_cat-chaleco-acolchado","8":"product_cat-textil","9":"pa_color-antracita","10":"pa_color-cuerda","11":"pa_color-french-marino","12":"pa_color-negro","13":"pa_color-rojo","14":"pa_color-verde-bosque","15":"pa_ficha-tecnica-https-mcprod-sologroup-paris-com-default-pdfpublication-pdf-product-sku-02110-store-21-type-template_map","16":"pa_genero-unisex","17":"pa_talla-3xl","18":"pa_talla-4xl","19":"pa_talla-l","20":"pa_talla-m","21":"pa_talla-s","22":"pa_talla-xl","23":"pa_talla-xs","24":"pa_talla-xxl","26":"first","27":"instock","28":"purchasable","29":"product-type-variable","30":"wvs-archive-product-wrapper"},"_links":{"self":[{"href":"https:\/\/imprentaametros.com\/en\/wp-json\/wp\/v2\/product\/18855","targetHints":{"allow":["GET"]}}],"collection":[{"href":"https:\/\/imprentaametros.com\/en\/wp-json\/wp\/v2\/product"}],"about":[{"href":"https:\/\/imprentaametros.com\/en\/wp-json\/wp\/v2\/types\/product"}],"version-history":[{"count":1,"href":"https:\/\/imprentaametros.com\/en\/wp-json\/wp\/v2\/product\/18855\/revisions"}],"predecessor-version":[{"id":18856,"href":"https:\/\/imprentaametros.com\/en\/wp-json\/wp\/v2\/product\/18855\/revisions\/18856"}],"wp:featuredmedia":[{"embeddable":true,"href":"https:\/\/imprentaametros.com\/en\/wp-json\/wp\/v2\/media\/18858"}],"wp:attachment":[{"href":"https:\/\/imprentaametros.com\/en\/wp-json\/wp\/v2\/media?parent=18855"}],"wp:term":[{"taxonomy":"product_brand","embeddable":true,"href":"https:\/\/imprentaametros.com\/en\/wp-json\/wp\/v2\/product_brand?post=18855"},{"taxonomy":"product_cat","embeddable":true,"href":"https:\/\/imprentaametros.com\/en\/wp-json\/wp\/v2\/product_cat?post=18855"},{"taxonomy":"product_tag","embeddable":true,"href":"https:\/\/imprentaametros.com\/en\/wp-json\/wp\/v2\/product_tag?post=18855"}],"curies":[{"name":"wp","href":"https:\/\/api.w.org\/{rel}","templated":true}]}}