{"id":18641,"date":"2026-02-18T08:39:39","date_gmt":"2026-02-18T08:39:39","guid":{"rendered":"https:\/\/imprentaametroshighs4120.live-website.com\/tienda\/sin%20categor\u00eda\/neoblu-alfi-women\/"},"modified":"2026-02-21T09:17:02","modified_gmt":"2026-02-21T09:17:02","slug":"neoblu-alfi-women","status":"publish","type":"product","link":"https:\/\/imprentaametros.com\/en\/tienda\/textil\/cazadora-y-parka\/neoblu-alfi-women\/","title":{"rendered":"NEOBLU ALFI WOMEN"},"content":{"rendered":"<p><span dir=\"auto\" style=\"vertical-align: inherit;\"><span dir=\"auto\" style=\"vertical-align: inherit;\"><span dir=\"auto\" style=\"vertical-align: inherit;\"><span dir=\"auto\" style=\"vertical-align: inherit;\"><span dir=\"auto\" style=\"vertical-align: inherit;\"><span dir=\"auto\" style=\"vertical-align: inherit;\"><span dir=\"auto\" style=\"vertical-align: inherit;\"><span dir=\"auto\" style=\"vertical-align: inherit;\">Corte c\u00f3modo y abrigado &#8211; Acabados totalmente tono sobre tono &#8211; Capucha forrada con cintas de ajuste, ojetes de metal y topes de caucho &#8211; Costuras soldadas en la capucha, en los hombros y en las mangas &#8211; Abertura principal con cremallera de pl\u00e1stico inyectado cursor doble met\u00e1lico &#8211; Abertura principal con tapete oculto,\u00a0imantado en el cuello y en la parte inferior para maximizar la protecci\u00f3n contra el fr\u00edo &#8211; Bolsillos a los lados con cremallera de nailon invertida repelen el agua &#8211; Forro pu\u00f1os con goma para comodidad y protecci\u00f3n contra el fr\u00edo &#8211; Interior con forro acolchado suave &#8211; Relleno grueso y confortable &#8211; Cinta de ajuste en la cintura &#8211; Bolsillo interior de parche con cierre imantado &#8211; Bolsillo interior vertical en el lado del coraz\u00f3n con cremallera invisible &#8211; Cremallera interior bajo del dorso para la personalizaci\u00f3n &#8211; Vuelta interior en el cuello en materia principal para la personalizaci\u00f3n NEOBLU ALFI\u00a0WOMEN es la parka dise\u00f1ada para permitirte afrontar todos los inviernos. Fiable, c\u00e1lido e impermeable, tambi\u00e9n es muy t\u00e9cnico para garantizar una protecci\u00f3n real contra el fr\u00edo y el mal tiempo. Y como no hay que elegir entre estilo y comodidad, su corte es contempor\u00e1neo y elegante.<\/span><\/span><\/span><\/span><\/span><\/span><\/span><\/span><\/p>\n<p><span dir=\"auto\" style=\"vertical-align: inherit;\"><span dir=\"auto\" style=\"vertical-align: inherit;\"><span dir=\"auto\" style=\"vertical-align: inherit;\"><span dir=\"auto\" style=\"vertical-align: inherit;\"><span dir=\"auto\" style=\"vertical-align: inherit;\"><span dir=\"auto\" style=\"vertical-align: inherit;\"><span dir=\"auto\" style=\"vertical-align: inherit;\"><span dir=\"auto\" style=\"vertical-align: inherit;\">Exterior: tafet\u00e1n 2 capas 100% poli\u00e9ster reciclado con membrana de TPU &#8211; Forro: tafet\u00e1n 100% poli\u00e9ster reciclado 400T &#8211; Relleno: plum\u00f3n 100% poli\u00e9ster reciclado 360 g\/pza.<\/span><\/span><\/span><\/span><\/span><\/span><\/span><\/span><\/p>\n<p><span dir=\"auto\" style=\"vertical-align: inherit;\"><span dir=\"auto\" style=\"vertical-align: inherit;\"><\/span><\/span><\/p>","protected":false},"excerpt":{"rendered":"<p>Corte c\u00f3modo y abrigado &#8211; Acabados totalmente tono sobre tono &#8211; Capucha forrada con cintas de ajuste, ojetes de metal y topes de caucho &#8211; Costuras soldadas en la capucha, en los hombros y en las mangas &#8211; Abertura principal con cremallera de pl\u00e1stico inyectado cursor doble met\u00e1lico &#8211; Abertura principal con tapete oculto,\u00a0imantado en [&hellip;]<\/p>\n","protected":false},"featured_media":18644,"template":"","meta":[],"product_brand":[70],"product_cat":[1003,585],"product_tag":[],"class_list":{"0":"post-18641","1":"product","2":"type-product","3":"status-publish","4":"has-post-thumbnail","6":"product_brand-neoblu","7":"product_cat-cazadora-y-parka","8":"product_cat-textil","9":"pa_color-negro-profundo","10":"pa_ficha-tecnica-https-mcprod-sologroup-paris-com-default-pdfpublication-pdf-product-sku-04005-store-21-type-template_map","11":"pa_genero-mujer","12":"pa_talla-3xl","13":"pa_talla-l","14":"pa_talla-m","15":"pa_talla-s","16":"pa_talla-xl","17":"pa_talla-xxl","19":"first","20":"instock","21":"purchasable","22":"product-type-variable","23":"wvs-archive-product-wrapper"},"_links":{"self":[{"href":"https:\/\/imprentaametros.com\/en\/wp-json\/wp\/v2\/product\/18641","targetHints":{"allow":["GET"]}}],"collection":[{"href":"https:\/\/imprentaametros.com\/en\/wp-json\/wp\/v2\/product"}],"about":[{"href":"https:\/\/imprentaametros.com\/en\/wp-json\/wp\/v2\/types\/product"}],"version-history":[{"count":1,"href":"https:\/\/imprentaametros.com\/en\/wp-json\/wp\/v2\/product\/18641\/revisions"}],"predecessor-version":[{"id":18642,"href":"https:\/\/imprentaametros.com\/en\/wp-json\/wp\/v2\/product\/18641\/revisions\/18642"}],"wp:featuredmedia":[{"embeddable":true,"href":"https:\/\/imprentaametros.com\/en\/wp-json\/wp\/v2\/media\/18644"}],"wp:attachment":[{"href":"https:\/\/imprentaametros.com\/en\/wp-json\/wp\/v2\/media?parent=18641"}],"wp:term":[{"taxonomy":"product_brand","embeddable":true,"href":"https:\/\/imprentaametros.com\/en\/wp-json\/wp\/v2\/product_brand?post=18641"},{"taxonomy":"product_cat","embeddable":true,"href":"https:\/\/imprentaametros.com\/en\/wp-json\/wp\/v2\/product_cat?post=18641"},{"taxonomy":"product_tag","embeddable":true,"href":"https:\/\/imprentaametros.com\/en\/wp-json\/wp\/v2\/product_tag?post=18641"}],"curies":[{"name":"wp","href":"https:\/\/api.w.org\/{rel}","templated":true}]}}