{"id":18629,"date":"2026-02-18T08:39:39","date_gmt":"2026-02-18T08:39:39","guid":{"rendered":"https:\/\/imprentaametroshighs4120.live-website.com\/tienda\/sin%20categor\u00eda\/neoblu-alfi-men\/"},"modified":"2026-02-21T09:17:03","modified_gmt":"2026-02-21T09:17:03","slug":"neoblu-alfi-men","status":"publish","type":"product","link":"https:\/\/imprentaametros.com\/en\/tienda\/textil\/cazadora-y-parka\/neoblu-alfi-men\/","title":{"rendered":"NEOBLU ALFI MEN"},"content":{"rendered":"<p><span dir=\"auto\" style=\"vertical-align: inherit;\"><span dir=\"auto\" style=\"vertical-align: inherit;\"><span dir=\"auto\" style=\"vertical-align: inherit;\"><span dir=\"auto\" style=\"vertical-align: inherit;\"><span dir=\"auto\" style=\"vertical-align: inherit;\"><span dir=\"auto\" style=\"vertical-align: inherit;\"><span dir=\"auto\" style=\"vertical-align: inherit;\"><span dir=\"auto\" style=\"vertical-align: inherit;\">Corte c\u00f3modo y abrigado &#8211; Acabados totalmente tono sobre tono &#8211; Capucha acolchada con cord\u00f3n de ajuste, ojales de metal y topes de goma &#8211; Costuras termoselladas en capucha, hombros y mangas &#8211; Abertura con cremallera inyectada de pl\u00e1stico con doble cursor de metal &#8211; Abertura con tapeta oculta por solapa con botones magn\u00e9ticos en cuello y bajo para ofrecer m\u00e1xima protecci\u00f3n contra el fr\u00edo &#8211; Bolsillos laterales con cremallera invertida hidrorepelente &#8211; Forro con el\u00e1stico en los pu\u00f1os para m\u00e1s comodidad y protecci\u00f3n contra el fr\u00edo &#8211; Forro interior acolchado y suave &#8211; Acolchado grueso y c\u00f3modo &#8211; Bolsillo de parche interior con cierre magn\u00e9tico &#8211; Bolsillo vertical interior en el pecho izquierdo con cremallera oculta &#8211; Cremallera interior en la parte inferior de la espalda para la personalizaci\u00f3n &#8211; Vista interior en el cuello del mismo tejido que el cuerpo para la personalizaci\u00f3n NEOBLU ALFI MEN es la parka dise\u00f1ada para permitirte afrontar todos los inviernos. Fiable, c\u00e1lido e impermeable, tambi\u00e9n es muy t\u00e9cnico para garantizar una protecci\u00f3n real contra el fr\u00edo y el mal tiempo. Y como no hay que elegir entre estilo y comodidad, su corte es contempor\u00e1neo y elegante.<\/span><\/span><\/span><\/span><\/span><\/span><\/span><\/span><\/p>\n<p><span dir=\"auto\" style=\"vertical-align: inherit;\"><span dir=\"auto\" style=\"vertical-align: inherit;\"><span dir=\"auto\" style=\"vertical-align: inherit;\"><span dir=\"auto\" style=\"vertical-align: inherit;\"><span dir=\"auto\" style=\"vertical-align: inherit;\"><span dir=\"auto\" style=\"vertical-align: inherit;\"><span dir=\"auto\" style=\"vertical-align: inherit;\"><span dir=\"auto\" style=\"vertical-align: inherit;\">Exterior: tafet\u00e1n 2 capas 100% poli\u00e9ster reciclado con membrana de TPU &#8211; Forro: tafet\u00e1n 100% poli\u00e9ster reciclado 400T &#8211; Relleno: plum\u00f3n 100% poli\u00e9ster reciclado 360 g\/pza.<\/span><\/span><\/span><\/span><\/span><\/span><\/span><\/span><\/p>\n<p><span dir=\"auto\" style=\"vertical-align: inherit;\"><span dir=\"auto\" style=\"vertical-align: inherit;\"><\/span><\/span><\/p>","protected":false},"excerpt":{"rendered":"<p>Corte c\u00f3modo y abrigado &#8211; Acabados totalmente tono sobre tono &#8211; Capucha acolchada con cord\u00f3n de ajuste, ojales de metal y topes de goma &#8211; Costuras termoselladas en capucha, hombros y mangas &#8211; Abertura con cremallera inyectada de pl\u00e1stico con doble cursor de metal &#8211; Abertura con tapeta oculta por solapa con botones magn\u00e9ticos en [&hellip;]<\/p>\n","protected":false},"featured_media":18632,"template":"","meta":[],"product_brand":[70],"product_cat":[1003,585],"product_tag":[],"class_list":{"0":"post-18629","1":"product","2":"type-product","3":"status-publish","4":"has-post-thumbnail","6":"product_brand-neoblu","7":"product_cat-cazadora-y-parka","8":"product_cat-textil","9":"pa_color-negro-profundo","10":"pa_ficha-tecnica-https-mcprod-sologroup-paris-com-default-pdfpublication-pdf-product-sku-04002-store-21-type-template_map","11":"pa_genero-hombre","12":"pa_talla-3xl","13":"pa_talla-4xl","14":"pa_talla-l","15":"pa_talla-m","16":"pa_talla-s","17":"pa_talla-xl","18":"pa_talla-xxl","20":"first","21":"instock","22":"purchasable","23":"product-type-variable","24":"wvs-archive-product-wrapper"},"_links":{"self":[{"href":"https:\/\/imprentaametros.com\/en\/wp-json\/wp\/v2\/product\/18629","targetHints":{"allow":["GET"]}}],"collection":[{"href":"https:\/\/imprentaametros.com\/en\/wp-json\/wp\/v2\/product"}],"about":[{"href":"https:\/\/imprentaametros.com\/en\/wp-json\/wp\/v2\/types\/product"}],"version-history":[{"count":1,"href":"https:\/\/imprentaametros.com\/en\/wp-json\/wp\/v2\/product\/18629\/revisions"}],"predecessor-version":[{"id":18630,"href":"https:\/\/imprentaametros.com\/en\/wp-json\/wp\/v2\/product\/18629\/revisions\/18630"}],"wp:featuredmedia":[{"embeddable":true,"href":"https:\/\/imprentaametros.com\/en\/wp-json\/wp\/v2\/media\/18632"}],"wp:attachment":[{"href":"https:\/\/imprentaametros.com\/en\/wp-json\/wp\/v2\/media?parent=18629"}],"wp:term":[{"taxonomy":"product_brand","embeddable":true,"href":"https:\/\/imprentaametros.com\/en\/wp-json\/wp\/v2\/product_brand?post=18629"},{"taxonomy":"product_cat","embeddable":true,"href":"https:\/\/imprentaametros.com\/en\/wp-json\/wp\/v2\/product_cat?post=18629"},{"taxonomy":"product_tag","embeddable":true,"href":"https:\/\/imprentaametros.com\/en\/wp-json\/wp\/v2\/product_tag?post=18629"}],"curies":[{"name":"wp","href":"https:\/\/api.w.org\/{rel}","templated":true}]}}