{"id":18577,"date":"2026-02-18T08:37:55","date_gmt":"2026-02-18T08:37:55","guid":{"rendered":"https:\/\/imprentaametroshighs4120.live-website.com\/tienda\/sin%20categor\u00eda\/neoblu-antoine-women\/"},"modified":"2026-02-21T09:17:03","modified_gmt":"2026-02-21T09:17:03","slug":"neoblu-antoine-women","status":"publish","type":"product","link":"https:\/\/imprentaametros.com\/en\/tienda\/textil\/cazadora-y-parka\/neoblu-antoine-women\/","title":{"rendered":"NEOBLU ANTOINE WOMEN"},"content":{"rendered":"<p><span dir=\"auto\" style=\"vertical-align: inherit;\"><span dir=\"auto\" style=\"vertical-align: inherit;\"><span dir=\"auto\" style=\"vertical-align: inherit;\"><span dir=\"auto\" style=\"vertical-align: inherit;\"><span dir=\"auto\" style=\"vertical-align: inherit;\"><span dir=\"auto\" style=\"vertical-align: inherit;\"><span dir=\"auto\" style=\"vertical-align: inherit;\"><span dir=\"auto\" style=\"vertical-align: inherit;\">Abertura con cremallera impermeable &#8211; Capucha con cord\u00f3n de ajuste &#8211; 2 bolsillos con cremallera impermeable &#8211; Abertura posterior en el bajo &#8211; Costuras termoselladas Prenda ic\u00f3nica, este chubasquero redise\u00f1ado combina al mismo tiempo rendimiento y modernidad. Dotado de acabados herm\u00e9ticos, es perfectamente impermeable y su acabado mate le confiere un aspecto contempor\u00e1neo.<\/span><\/span><\/span><\/span><\/span><\/span><\/span><\/span><\/p>\n<p><span dir=\"auto\" style=\"vertical-align: inherit;\"><span dir=\"auto\" style=\"vertical-align: inherit;\"><span dir=\"auto\" style=\"vertical-align: inherit;\"><span dir=\"auto\" style=\"vertical-align: inherit;\"><span dir=\"auto\" style=\"vertical-align: inherit;\"><span dir=\"auto\" style=\"vertical-align: inherit;\"><span dir=\"auto\" style=\"vertical-align: inherit;\"><span dir=\"auto\" style=\"vertical-align: inherit;\">100% poli\u00e9ster revestimiento de PU &#8211; Impermeable 5.000 mm &#8211; Forro de 100% poli\u00e9ster 210T tafet\u00e1n &#8211; Capucha forrada\u00a0jersey\u00a080% poli\u00e9ster\u00a020% algod\u00f3n<\/span><\/span><\/span><\/span><\/span><\/span><\/span><\/span><\/p>\n<p><span dir=\"auto\" style=\"vertical-align: inherit;\"><span dir=\"auto\" style=\"vertical-align: inherit;\"><\/span><\/span><\/p>","protected":false},"excerpt":{"rendered":"<p>Abertura con cremallera impermeable &#8211; Capucha con cord\u00f3n de ajuste &#8211; 2 bolsillos con cremallera impermeable &#8211; Abertura posterior en el bajo &#8211; Costuras termoselladas Prenda ic\u00f3nica, este chubasquero redise\u00f1ado combina al mismo tiempo rendimiento y modernidad. Dotado de acabados herm\u00e9ticos, es perfectamente impermeable y su acabado mate le confiere un aspecto contempor\u00e1neo. 100% poli\u00e9ster [&hellip;]<\/p>\n","protected":false},"featured_media":18580,"template":"","meta":[],"product_brand":[70],"product_cat":[1003,585],"product_tag":[],"class_list":{"0":"post-18577","1":"product","2":"type-product","3":"status-publish","4":"has-post-thumbnail","6":"product_brand-neoblu","7":"product_cat-cazadora-y-parka","8":"product_cat-textil","9":"pa_color-kaki-oscuro","10":"pa_color-negro-profundo","11":"pa_color-noche","12":"pa_ficha-tecnica-https-mcprod-sologroup-paris-com-default-pdfpublication-pdf-product-sku-03175-store-21-type-template_map","13":"pa_genero-mujer","14":"pa_talla-3xl","15":"pa_talla-l","16":"pa_talla-m","17":"pa_talla-s","18":"pa_talla-xl","19":"pa_talla-xxl","21":"first","22":"instock","23":"purchasable","24":"product-type-variable","25":"wvs-archive-product-wrapper"},"_links":{"self":[{"href":"https:\/\/imprentaametros.com\/en\/wp-json\/wp\/v2\/product\/18577","targetHints":{"allow":["GET"]}}],"collection":[{"href":"https:\/\/imprentaametros.com\/en\/wp-json\/wp\/v2\/product"}],"about":[{"href":"https:\/\/imprentaametros.com\/en\/wp-json\/wp\/v2\/types\/product"}],"version-history":[{"count":1,"href":"https:\/\/imprentaametros.com\/en\/wp-json\/wp\/v2\/product\/18577\/revisions"}],"predecessor-version":[{"id":18578,"href":"https:\/\/imprentaametros.com\/en\/wp-json\/wp\/v2\/product\/18577\/revisions\/18578"}],"wp:featuredmedia":[{"embeddable":true,"href":"https:\/\/imprentaametros.com\/en\/wp-json\/wp\/v2\/media\/18580"}],"wp:attachment":[{"href":"https:\/\/imprentaametros.com\/en\/wp-json\/wp\/v2\/media?parent=18577"}],"wp:term":[{"taxonomy":"product_brand","embeddable":true,"href":"https:\/\/imprentaametros.com\/en\/wp-json\/wp\/v2\/product_brand?post=18577"},{"taxonomy":"product_cat","embeddable":true,"href":"https:\/\/imprentaametros.com\/en\/wp-json\/wp\/v2\/product_cat?post=18577"},{"taxonomy":"product_tag","embeddable":true,"href":"https:\/\/imprentaametros.com\/en\/wp-json\/wp\/v2\/product_tag?post=18577"}],"curies":[{"name":"wp","href":"https:\/\/api.w.org\/{rel}","templated":true}]}}