{"id":17808,"date":"2026-02-18T07:45:11","date_gmt":"2026-02-18T07:45:11","guid":{"rendered":"https:\/\/imprentaametroshighs4120.live-website.com\/tienda\/sin%20categor\u00eda\/sols-porter\/"},"modified":"2026-02-21T09:17:21","modified_gmt":"2026-02-21T09:17:21","slug":"sols-porter","status":"publish","type":"product","link":"https:\/\/imprentaametros.com\/en\/tienda\/textil\/bolsas\/sols-porter\/","title":{"rendered":"SOL&#8217;S PORTER"},"content":{"rendered":"<p><span dir=\"auto\" style=\"vertical-align: inherit;\"><span dir=\"auto\" style=\"vertical-align: inherit;\"><span dir=\"auto\" style=\"vertical-align: inherit;\"><span dir=\"auto\" style=\"vertical-align: inherit;\"><span dir=\"auto\" style=\"vertical-align: inherit;\"><span dir=\"auto\" style=\"vertical-align: inherit;\"><span dir=\"auto\" style=\"vertical-align: inherit;\"><span dir=\"auto\" style=\"vertical-align: inherit;\">Compartimento central con cremallera de doble cursor &#8211; 1 bolsillo delantero con cremallera &#8211; 1 bolsillo interior con cremallera &#8211; Interior reforzado &#8211; Asas de 3&#215;29 cm para llevar en la mano &#8211; Bandolera de algod\u00f3n ajustable y desmontable<\/span><\/span><\/span><\/span><\/span><\/span><\/span><\/span><\/p>\n<p><span dir=\"auto\" style=\"vertical-align: inherit;\"><span dir=\"auto\" style=\"vertical-align: inherit;\"><span dir=\"auto\" style=\"vertical-align: inherit;\"><span dir=\"auto\" style=\"vertical-align: inherit;\"><span dir=\"auto\" style=\"vertical-align: inherit;\"><span dir=\"auto\" style=\"vertical-align: inherit;\"><span dir=\"auto\" style=\"vertical-align: inherit;\"><span dir=\"auto\" style=\"vertical-align: inherit;\">70% nylon &#8211; 30% poli\u00e9ster &#8211; Forro: 100% poli\u00e9ster<\/span><\/span><\/span><\/span><\/span><\/span><\/span><\/span><\/p>\n<p><span dir=\"auto\" style=\"vertical-align: inherit;\"><span dir=\"auto\" style=\"vertical-align: inherit;\"><\/span><\/span><\/p>","protected":false},"excerpt":{"rendered":"<p>Compartimento central con cremallera de doble cursor &#8211; 1 bolsillo delantero con cremallera &#8211; 1 bolsillo interior con cremallera &#8211; Interior reforzado &#8211; Asas de 3&#215;29 cm para llevar en la mano &#8211; Bandolera de algod\u00f3n ajustable y desmontable 70% nylon &#8211; 30% poli\u00e9ster &#8211; Forro: 100% poli\u00e9ster<\/p>","protected":false},"featured_media":17811,"template":"","meta":[],"product_brand":[26],"product_cat":[969,585],"product_tag":[],"class_list":{"0":"post-17808","1":"product","2":"type-product","3":"status-publish","4":"has-post-thumbnail","6":"product_brand-sols","7":"product_cat-bolsas","8":"product_cat-textil","9":"pa_color-antracita-mezcla","10":"pa_ficha-tecnica-https-mcprod-sologroup-paris-com-default-pdfpublication-pdf-product-sku-02114-store-21-type-template_map","11":"pa_genero-unisex","12":"pa_talla-tun","14":"first","15":"instock","16":"purchasable","17":"product-type-variable","18":"wvs-archive-product-wrapper"},"_links":{"self":[{"href":"https:\/\/imprentaametros.com\/en\/wp-json\/wp\/v2\/product\/17808","targetHints":{"allow":["GET"]}}],"collection":[{"href":"https:\/\/imprentaametros.com\/en\/wp-json\/wp\/v2\/product"}],"about":[{"href":"https:\/\/imprentaametros.com\/en\/wp-json\/wp\/v2\/types\/product"}],"version-history":[{"count":1,"href":"https:\/\/imprentaametros.com\/en\/wp-json\/wp\/v2\/product\/17808\/revisions"}],"predecessor-version":[{"id":17809,"href":"https:\/\/imprentaametros.com\/en\/wp-json\/wp\/v2\/product\/17808\/revisions\/17809"}],"wp:featuredmedia":[{"embeddable":true,"href":"https:\/\/imprentaametros.com\/en\/wp-json\/wp\/v2\/media\/17811"}],"wp:attachment":[{"href":"https:\/\/imprentaametros.com\/en\/wp-json\/wp\/v2\/media?parent=17808"}],"wp:term":[{"taxonomy":"product_brand","embeddable":true,"href":"https:\/\/imprentaametros.com\/en\/wp-json\/wp\/v2\/product_brand?post=17808"},{"taxonomy":"product_cat","embeddable":true,"href":"https:\/\/imprentaametros.com\/en\/wp-json\/wp\/v2\/product_cat?post=17808"},{"taxonomy":"product_tag","embeddable":true,"href":"https:\/\/imprentaametros.com\/en\/wp-json\/wp\/v2\/product_tag?post=17808"}],"curies":[{"name":"wp","href":"https:\/\/api.w.org\/{rel}","templated":true}]}}