{"id":17635,"date":"2026-02-17T18:28:39","date_gmt":"2026-02-17T18:28:39","guid":{"rendered":"https:\/\/imprentaametroshighs4120.live-website.com\/tienda\/sin%20categor\u00eda\/neoblu-edmond\/"},"modified":"2026-02-21T09:17:24","modified_gmt":"2026-02-21T09:17:24","slug":"neoblu-edmond","status":"publish","type":"product","link":"https:\/\/imprentaametros.com\/en\/tienda\/textil\/pantalones\/neoblu-edmond\/","title":{"rendered":"NEOBLU EDMOND"},"content":{"rendered":"<p><span dir=\"auto\" style=\"vertical-align: inherit;\"><span dir=\"auto\" style=\"vertical-align: inherit;\"><span dir=\"auto\" style=\"vertical-align: inherit;\"><span dir=\"auto\" style=\"vertical-align: inherit;\"><span dir=\"auto\" style=\"vertical-align: inherit;\"><span dir=\"auto\" style=\"vertical-align: inherit;\"><span dir=\"auto\" style=\"vertical-align: inherit;\"><span dir=\"auto\" style=\"vertical-align: inherit;\">Bajo ligeramente ajustado para un look moderno &#8211; Cintura el\u00e1stica con cord\u00f3n de ajuste plano para una gran comodidad &#8211; Bolsillos italianos con forro de polialgod\u00f3n negro &#8211; Bolsillo trasero de parche con costuras reforzadas &#8211; Largo: 83 cm (33&#8243;)<\/span><\/span><\/span><\/span><\/span><\/span><\/span><\/span><\/p>\n<p><span dir=\"auto\" style=\"vertical-align: inherit;\"><span dir=\"auto\" style=\"vertical-align: inherit;\"><span dir=\"auto\" style=\"vertical-align: inherit;\"><span dir=\"auto\" style=\"vertical-align: inherit;\"><span dir=\"auto\" style=\"vertical-align: inherit;\"><span dir=\"auto\" style=\"vertical-align: inherit;\"><span dir=\"auto\" style=\"vertical-align: inherit;\"><span dir=\"auto\" style=\"vertical-align: inherit;\">Polialgod\u00f3n &#8211; 65% poli\u00e9ster reciclado &#8211; 35% algod\u00f3n<\/span><\/span><\/span><\/span><\/span><\/span><\/span><\/span><\/p>\n<p><span dir=\"auto\" style=\"vertical-align: inherit;\"><span dir=\"auto\" style=\"vertical-align: inherit;\"><\/span><\/span><\/p>","protected":false},"excerpt":{"rendered":"<p>Bajo ligeramente ajustado para un look moderno &#8211; Cintura el\u00e1stica con cord\u00f3n de ajuste plano para una gran comodidad &#8211; Bolsillos italianos con forro de polialgod\u00f3n negro &#8211; Bolsillo trasero de parche con costuras reforzadas &#8211; Largo: 83 cm (33&#8243;) Polialgod\u00f3n &#8211; 65% poli\u00e9ster reciclado &#8211; 35% algod\u00f3n<\/p>","protected":false},"featured_media":17638,"template":"","meta":[],"product_brand":[70],"product_cat":[599,585],"product_tag":[],"class_list":{"0":"post-17635","1":"product","2":"type-product","3":"status-publish","4":"has-post-thumbnail","6":"product_brand-neoblu","7":"product_cat-pantalones","8":"product_cat-textil","9":"pa_color-blanco-optimo","10":"pa_color-negro-profundo","11":"pa_color-noche","12":"pa_ficha-tecnica-bangladesh","13":"pa_genero-unisex","14":"pa_talla-3xl","15":"pa_talla-4xl","16":"pa_talla-l","17":"pa_talla-m","18":"pa_talla-s","19":"pa_talla-xl","20":"pa_talla-xs","21":"pa_talla-xxl","23":"first","24":"instock","25":"purchasable","26":"product-type-variable","27":"wvs-archive-product-wrapper"},"_links":{"self":[{"href":"https:\/\/imprentaametros.com\/en\/wp-json\/wp\/v2\/product\/17635","targetHints":{"allow":["GET"]}}],"collection":[{"href":"https:\/\/imprentaametros.com\/en\/wp-json\/wp\/v2\/product"}],"about":[{"href":"https:\/\/imprentaametros.com\/en\/wp-json\/wp\/v2\/types\/product"}],"version-history":[{"count":1,"href":"https:\/\/imprentaametros.com\/en\/wp-json\/wp\/v2\/product\/17635\/revisions"}],"predecessor-version":[{"id":17636,"href":"https:\/\/imprentaametros.com\/en\/wp-json\/wp\/v2\/product\/17635\/revisions\/17636"}],"wp:featuredmedia":[{"embeddable":true,"href":"https:\/\/imprentaametros.com\/en\/wp-json\/wp\/v2\/media\/17638"}],"wp:attachment":[{"href":"https:\/\/imprentaametros.com\/en\/wp-json\/wp\/v2\/media?parent=17635"}],"wp:term":[{"taxonomy":"product_brand","embeddable":true,"href":"https:\/\/imprentaametros.com\/en\/wp-json\/wp\/v2\/product_brand?post=17635"},{"taxonomy":"product_cat","embeddable":true,"href":"https:\/\/imprentaametros.com\/en\/wp-json\/wp\/v2\/product_cat?post=17635"},{"taxonomy":"product_tag","embeddable":true,"href":"https:\/\/imprentaametros.com\/en\/wp-json\/wp\/v2\/product_tag?post=17635"}],"curies":[{"name":"wp","href":"https:\/\/api.w.org\/{rel}","templated":true}]}}