{"id":17433,"date":"2026-02-17T18:25:26","date_gmt":"2026-02-17T18:25:26","guid":{"rendered":"https:\/\/imprentaametroshighs4120.live-website.com\/tienda\/sin%20categor\u00eda\/sols-jet-women\/"},"modified":"2026-02-17T18:25:57","modified_gmt":"2026-02-17T18:25:57","slug":"sols-jet-women","status":"publish","type":"product","link":"https:\/\/imprentaametros.com\/en\/tienda\/textil\/pantalones\/sols-jet-women\/","title":{"rendered":"SOL&#8217;S JET WOMEN"},"content":{"rendered":"<p><span dir=\"auto\" style=\"vertical-align: inherit;\"><span dir=\"auto\" style=\"vertical-align: inherit;\"><span dir=\"auto\" style=\"vertical-align: inherit;\"><span dir=\"auto\" style=\"vertical-align: inherit;\"><span dir=\"auto\" style=\"vertical-align: inherit;\"><span dir=\"auto\" style=\"vertical-align: inherit;\"><span dir=\"auto\" style=\"vertical-align: inherit;\"><span dir=\"auto\" style=\"vertical-align: inherit;\">2 bolsillos italianos &#8211; Cintura y bajos de las piernas de canal\u00e9 2&#215;2 &#8211; Cord\u00f3n redondo en la cintura con topes al tono<\/span><\/span><\/span><\/span><\/span><\/span><\/span><\/span><\/p>\n<p><span dir=\"auto\" style=\"vertical-align: inherit;\"><span dir=\"auto\" style=\"vertical-align: inherit;\"><span dir=\"auto\" style=\"vertical-align: inherit;\"><span dir=\"auto\" style=\"vertical-align: inherit;\"><span dir=\"auto\" style=\"vertical-align: inherit;\"><span dir=\"auto\" style=\"vertical-align: inherit;\"><span dir=\"auto\" style=\"vertical-align: inherit;\"><span dir=\"auto\" style=\"vertical-align: inherit;\">85% algod\u00f3n org\u00e1nico peinado &#8211; 15% poli\u00e9ster reciclado<\/span><\/span><\/span><\/span><\/span><\/span><\/span><\/span><\/p>\n<p><span dir=\"auto\" style=\"vertical-align: inherit;\"><span dir=\"auto\" style=\"vertical-align: inherit;\"><\/span><\/span><\/p>","protected":false},"excerpt":{"rendered":"<p>2 bolsillos italianos &#8211; Cintura y bajos de las piernas de canal\u00e9 2&#215;2 &#8211; Cord\u00f3n redondo en la cintura con topes al tono 85% algod\u00f3n org\u00e1nico peinado &#8211; 15% poli\u00e9ster reciclado<\/p>","protected":false},"featured_media":17436,"template":"","meta":[],"product_brand":[26],"product_cat":[599],"product_tag":[],"class_list":{"0":"post-17433","1":"product","2":"type-product","3":"status-publish","4":"has-post-thumbnail","6":"product_brand-sols","7":"product_cat-pantalones","8":"pa_color-french-marino","9":"pa_color-gris-mezcla","10":"pa_color-negro","11":"pa_ficha-tecnica-bangladesh","12":"pa_genero-mujer","13":"pa_talla-l","14":"pa_talla-m","15":"pa_talla-s","16":"pa_talla-xl","17":"pa_talla-xs","18":"pa_talla-xxl","20":"first","21":"instock","22":"purchasable","23":"product-type-variable","24":"wvs-archive-product-wrapper"},"_links":{"self":[{"href":"https:\/\/imprentaametros.com\/en\/wp-json\/wp\/v2\/product\/17433","targetHints":{"allow":["GET"]}}],"collection":[{"href":"https:\/\/imprentaametros.com\/en\/wp-json\/wp\/v2\/product"}],"about":[{"href":"https:\/\/imprentaametros.com\/en\/wp-json\/wp\/v2\/types\/product"}],"version-history":[{"count":1,"href":"https:\/\/imprentaametros.com\/en\/wp-json\/wp\/v2\/product\/17433\/revisions"}],"predecessor-version":[{"id":17434,"href":"https:\/\/imprentaametros.com\/en\/wp-json\/wp\/v2\/product\/17433\/revisions\/17434"}],"wp:featuredmedia":[{"embeddable":true,"href":"https:\/\/imprentaametros.com\/en\/wp-json\/wp\/v2\/media\/17436"}],"wp:attachment":[{"href":"https:\/\/imprentaametros.com\/en\/wp-json\/wp\/v2\/media?parent=17433"}],"wp:term":[{"taxonomy":"product_brand","embeddable":true,"href":"https:\/\/imprentaametros.com\/en\/wp-json\/wp\/v2\/product_brand?post=17433"},{"taxonomy":"product_cat","embeddable":true,"href":"https:\/\/imprentaametros.com\/en\/wp-json\/wp\/v2\/product_cat?post=17433"},{"taxonomy":"product_tag","embeddable":true,"href":"https:\/\/imprentaametros.com\/en\/wp-json\/wp\/v2\/product_tag?post=17433"}],"curies":[{"name":"wp","href":"https:\/\/api.w.org\/{rel}","templated":true}]}}