{"id":17387,"date":"2026-02-17T18:24:49","date_gmt":"2026-02-17T18:24:49","guid":{"rendered":"https:\/\/imprentaametroshighs4120.live-website.com\/tienda\/sin%20categor\u00eda\/neoblu-germain-women\/"},"modified":"2026-02-25T17:16:40","modified_gmt":"2026-02-25T17:16:40","slug":"neoblu-germain-women","status":"publish","type":"product","link":"https:\/\/imprentaametros.com\/en\/tienda\/textil\/pantalones\/neoblu-germain-women\/","title":{"rendered":"NEOBLU GERMAIN WOMEN"},"content":{"rendered":"<p><span dir=\"auto\" style=\"vertical-align: inherit;\"><span dir=\"auto\" style=\"vertical-align: inherit;\"><span dir=\"auto\" style=\"vertical-align: inherit;\"><span dir=\"auto\" style=\"vertical-align: inherit;\"><span dir=\"auto\" style=\"vertical-align: inherit;\"><span dir=\"auto\" style=\"vertical-align: inherit;\"><span dir=\"auto\" style=\"vertical-align: inherit;\"><span dir=\"auto\" style=\"vertical-align: inherit;\">Pantal\u00f3n con cintura el\u00e1stica &#8211; Cord\u00f3n plano de algod\u00f3n con tope a tono &#8211; 2 bolsillos delanteros italianos &#8211; 2 bolsillos traseros con solapa &#8211; Corte recto<\/span><\/span><\/span><\/span><\/span><\/span><\/span><\/span><\/p>\n<p><span dir=\"auto\" style=\"vertical-align: inherit;\"><span dir=\"auto\" style=\"vertical-align: inherit;\"><span dir=\"auto\" style=\"vertical-align: inherit;\"><span dir=\"auto\" style=\"vertical-align: inherit;\"><span dir=\"auto\" style=\"vertical-align: inherit;\"><span dir=\"auto\" style=\"vertical-align: inherit;\"><span dir=\"auto\" style=\"vertical-align: inherit;\"><span dir=\"auto\" style=\"vertical-align: inherit;\">34<\/span><\/span><\/span><\/span><\/span><\/span><\/span><\/span><\/p>\n<p><span dir=\"auto\" style=\"vertical-align: inherit;\"><span dir=\"auto\" style=\"vertical-align: inherit;\"><\/span><\/span><\/p>","protected":false},"excerpt":{"rendered":"<p>Pantal\u00f3n con cintura el\u00e1stica &#8211; Cord\u00f3n plano de algod\u00f3n con tope a tono &#8211; 2 bolsillos delanteros italianos &#8211; 2 bolsillos traseros con solapa &#8211; Corte recto 34<\/p>","protected":false},"featured_media":0,"template":"","meta":[],"product_brand":[70],"product_cat":[599],"product_tag":[],"class_list":{"0":"post-17387","1":"product","2":"type-product","3":"status-publish","5":"product_brand-neoblu","6":"product_cat-pantalones","7":"pa_color-mujer","8":"pa_ficha-tecnica-903","9":"pa_ficha-tecnica-904","10":"pa_ficha-tecnica-905","11":"pa_ficha-tecnica-906","12":"pa_ficha-tecnica-907","13":"pa_ficha-tecnica-908","14":"pa_ficha-tecnica-909","15":"pa_ficha-tecnica-910","16":"pa_ficha-tecnica-911","17":"pa_ficha-tecnica-912","18":"pa_ficha-tecnica-913","19":"pa_ficha-tecnica-914","20":"pa_ficha-tecnica-915","21":"pa_ficha-tecnica-916","22":"pa_genero-el-pantalon-hibrido-por-excelencia","23":"pa_talla-es-perfecto-para-la-desplazarse-en-la-ciudad","25":"first","26":"instock","27":"purchasable","28":"product-type-variable","29":"wvs-archive-product-wrapper"},"_links":{"self":[{"href":"https:\/\/imprentaametros.com\/en\/wp-json\/wp\/v2\/product\/17387","targetHints":{"allow":["GET"]}}],"collection":[{"href":"https:\/\/imprentaametros.com\/en\/wp-json\/wp\/v2\/product"}],"about":[{"href":"https:\/\/imprentaametros.com\/en\/wp-json\/wp\/v2\/types\/product"}],"version-history":[{"count":1,"href":"https:\/\/imprentaametros.com\/en\/wp-json\/wp\/v2\/product\/17387\/revisions"}],"predecessor-version":[{"id":17388,"href":"https:\/\/imprentaametros.com\/en\/wp-json\/wp\/v2\/product\/17387\/revisions\/17388"}],"wp:attachment":[{"href":"https:\/\/imprentaametros.com\/en\/wp-json\/wp\/v2\/media?parent=17387"}],"wp:term":[{"taxonomy":"product_brand","embeddable":true,"href":"https:\/\/imprentaametros.com\/en\/wp-json\/wp\/v2\/product_brand?post=17387"},{"taxonomy":"product_cat","embeddable":true,"href":"https:\/\/imprentaametros.com\/en\/wp-json\/wp\/v2\/product_cat?post=17387"},{"taxonomy":"product_tag","embeddable":true,"href":"https:\/\/imprentaametros.com\/en\/wp-json\/wp\/v2\/product_tag?post=17387"}],"curies":[{"name":"wp","href":"https:\/\/api.w.org\/{rel}","templated":true}]}}