{"id":17361,"date":"2026-02-17T18:24:26","date_gmt":"2026-02-17T18:24:26","guid":{"rendered":"https:\/\/imprentaametroshighs4120.live-website.com\/tienda\/sin%20categor\u00eda\/neoblu-germain-men\/"},"modified":"2026-02-25T17:16:45","modified_gmt":"2026-02-25T17:16:45","slug":"neoblu-germain-men","status":"publish","type":"product","link":"https:\/\/imprentaametros.com\/en\/tienda\/textil\/pantalones\/neoblu-germain-men\/","title":{"rendered":"NEOBLU GERMAIN MEN"},"content":{"rendered":"<p><span dir=\"auto\" style=\"vertical-align: inherit;\"><span dir=\"auto\" style=\"vertical-align: inherit;\"><span dir=\"auto\" style=\"vertical-align: inherit;\"><span dir=\"auto\" style=\"vertical-align: inherit;\"><span dir=\"auto\" style=\"vertical-align: inherit;\"><span dir=\"auto\" style=\"vertical-align: inherit;\"><span dir=\"auto\" style=\"vertical-align: inherit;\"><span dir=\"auto\" style=\"vertical-align: inherit;\">Pantal\u00f3n con cintura de el\u00e1stica &#8211; Cord\u00f3n plano de algod\u00f3n con topes a tono &#8211; Bragueta con cremallera &#8211; 2 bolsillos delanteros italianos &#8211; 2 bolsillos traseros con solapa &#8211; Corte recto<\/span><\/span><\/span><\/span><\/span><\/span><\/span><\/span><\/p>\n<p><span dir=\"auto\" style=\"vertical-align: inherit;\"><span dir=\"auto\" style=\"vertical-align: inherit;\"><span dir=\"auto\" style=\"vertical-align: inherit;\"><span dir=\"auto\" style=\"vertical-align: inherit;\"><span dir=\"auto\" style=\"vertical-align: inherit;\"><span dir=\"auto\" style=\"vertical-align: inherit;\"><span dir=\"auto\" style=\"vertical-align: inherit;\"><span dir=\"auto\" style=\"vertical-align: inherit;\">34<\/span><\/span><\/span><\/span><\/span><\/span><\/span><\/span><\/p>\n<p><span dir=\"auto\" style=\"vertical-align: inherit;\"><span dir=\"auto\" style=\"vertical-align: inherit;\"><\/span><\/span><\/p>","protected":false},"excerpt":{"rendered":"<p>Pantal\u00f3n con cintura de el\u00e1stica &#8211; Cord\u00f3n plano de algod\u00f3n con topes a tono &#8211; Bragueta con cremallera &#8211; 2 bolsillos delanteros italianos &#8211; 2 bolsillos traseros con solapa &#8211; Corte recto 34<\/p>","protected":false},"featured_media":0,"template":"","meta":[],"product_brand":[70],"product_cat":[599],"product_tag":[],"class_list":{"0":"post-17361","1":"product","2":"type-product","3":"status-publish","5":"product_brand-neoblu","6":"product_cat-pantalones","7":"pa_color-hombre","8":"pa_ficha-tecnica-880","9":"pa_ficha-tecnica-881","10":"pa_ficha-tecnica-882","11":"pa_ficha-tecnica-883","12":"pa_ficha-tecnica-884","13":"pa_ficha-tecnica-885","14":"pa_ficha-tecnica-886","15":"pa_ficha-tecnica-887","16":"pa_ficha-tecnica-888","17":"pa_ficha-tecnica-889","18":"pa_ficha-tecnica-892","19":"pa_ficha-tecnica-893","20":"pa_ficha-tecnica-894","21":"pa_ficha-tecnica-895","22":"pa_ficha-tecnica-896","23":"pa_ficha-tecnica-897","24":"pa_ficha-tecnica-898","25":"pa_ficha-tecnica-899","26":"pa_ficha-tecnica-900","27":"pa_ficha-tecnica-901","28":"pa_ficha-tecnica-877","29":"pa_ficha-tecnica-879","30":"pa_ficha-tecnica-890","31":"pa_ficha-tecnica-891","32":"pa_genero-el-pantalon-hibrido-por-excelencia","33":"pa_talla-es-perfecto-para-la-desplazarse-en-la-ciudad","35":"first","36":"instock","37":"purchasable","38":"product-type-variable","39":"wvs-archive-product-wrapper"},"_links":{"self":[{"href":"https:\/\/imprentaametros.com\/en\/wp-json\/wp\/v2\/product\/17361","targetHints":{"allow":["GET"]}}],"collection":[{"href":"https:\/\/imprentaametros.com\/en\/wp-json\/wp\/v2\/product"}],"about":[{"href":"https:\/\/imprentaametros.com\/en\/wp-json\/wp\/v2\/types\/product"}],"version-history":[{"count":1,"href":"https:\/\/imprentaametros.com\/en\/wp-json\/wp\/v2\/product\/17361\/revisions"}],"predecessor-version":[{"id":17362,"href":"https:\/\/imprentaametros.com\/en\/wp-json\/wp\/v2\/product\/17361\/revisions\/17362"}],"wp:attachment":[{"href":"https:\/\/imprentaametros.com\/en\/wp-json\/wp\/v2\/media?parent=17361"}],"wp:term":[{"taxonomy":"product_brand","embeddable":true,"href":"https:\/\/imprentaametros.com\/en\/wp-json\/wp\/v2\/product_brand?post=17361"},{"taxonomy":"product_cat","embeddable":true,"href":"https:\/\/imprentaametros.com\/en\/wp-json\/wp\/v2\/product_cat?post=17361"},{"taxonomy":"product_tag","embeddable":true,"href":"https:\/\/imprentaametros.com\/en\/wp-json\/wp\/v2\/product_tag?post=17361"}],"curies":[{"name":"wp","href":"https:\/\/api.w.org\/{rel}","templated":true}]}}